{"id":731,"date":"2024-10-15T08:04:57","date_gmt":"2024-10-15T11:04:57","guid":{"rendered":"https:\/\/pos.uel.br\/pgmac\/?page_id=731"},"modified":"2025-03-04T11:01:35","modified_gmt":"2025-03-04T14:01:35","slug":"historico-pgmac","status":"publish","type":"page","link":"https:\/\/pos.uel.br\/pgmac\/historico-pgmac\/","title":{"rendered":"Hist\u00f3rico PGMAC"},"content":{"rendered":"\n<p>O Programa de Mestrado Acad\u00eamico do Departamento de Matem\u00e1tica da UEL existe desde 2007.&nbsp;Alguns fatos relevantes da hist\u00f3ria do Programa de P\u00f3s-Gradua\u00e7\u00e3o em Matem\u00e1tica Aplicada e Computacional (PGMAC) est\u00e3o destacados a seguir.<\/p>\n\n\n\n<ul class=\"wp-block-list\">\n<li>08\/04\/2005 \u2013 Realiza\u00e7\u00e3o da Primeira Reuni\u00e3o do Grupo de Elabora\u00e7\u00e3o do Projeto do Mestrado da Matem\u00e1tica UEL. <\/li>\n<\/ul>\n\n\n\n<div class=\"wp-block-file aligncenter\"><a id=\"wp-block-file--media-7ca64c3e-dcc6-4258-bec6-a1b844810ad3\" href=\"https:\/\/pos.uel.br\/pgmac\/wp-content\/uploads\/2024\/10\/ATA-DA-1a-REUNIA\u0303O-DO-GRUPO-DE.pdf\">Ata da Primeira&nbsp;reuni\u00e3o<\/a><a href=\"https:\/\/pos.uel.br\/pgmac\/wp-content\/uploads\/2024\/10\/ATA-DA-1a-REUNIA\u0303O-DO-GRUPO-DE.pdf\" class=\"wp-block-file__button wp-element-button\" download aria-describedby=\"wp-block-file--media-7ca64c3e-dcc6-4258-bec6-a1b844810ad3\">Baixar<\/a><\/div>\n\n\n\n<ul class=\"wp-block-list\">\n<li>2006 \u2013 Aprova\u00e7\u00e3o pela CAPES do Projeto de P\u00f3s-Gradua\u00e7\u00e3o em Matem\u00e1tica Aplicada e Computacional \u2013 PGMAC \u2013 da Universidade Estadual de Londrina.<\/li>\n<\/ul>\n\n\n\n<ul class=\"wp-block-list\">\n<li>2007 \u2013 O PGMAC inicia suas atividades com nota 3 dada pela CAPES.<\/li>\n<\/ul>\n\n\n\n<ul class=\"wp-block-list\">\n<li>2007 &#8211; Professores da 1\u00aa turma do PGMAC: Dra.Luci Harue fatori, Dr. Marcos Eduardo Ribeiro do Valle Mesquita, Dr. Naresh Kumar Sharma, Dra. Neyva Maria Lopes Romeiro, Dr. Paulo Laerte Natti, Dr. Robinson Hoto, Dr. T\u00falio Oliveira de Carvalho.<\/li>\n<\/ul>\n\n\n\n<ul class=\"wp-block-list\">\n<li>2018 \u2013 Primeiros 50 mestres formados pelo PGMAC.<\/li>\n<\/ul>\n\n\n\n<ul class=\"wp-block-list\">\n<li>2019 \u2013 Cria\u00e7\u00e3o da Linha de Pesquisa: Modelagem Estat\u00edstica.<\/li>\n<\/ul>\n\n\n\n<ul class=\"wp-block-list\">\n<li>2023 \u2013 PGMAC recebe nota 4 na Avalia\u00e7\u00e3o Quadrienal da CAPES (Per\u00edodo 2017-2020).<\/li>\n<\/ul>\n\n\n\n<ul class=\"wp-block-list\">\n<li>2024 \u2013 PGMAC recebe bolsas DS\/CAPES pela primeira vez. Cota de 9 bolsas.<\/li>\n<\/ul>\n\n\n\n<p><strong>Coordenadores:<\/strong><\/p>\n\n\n\n<ul class=\"wp-block-list\">\n<li>2007 a 2010 \u2013 Prof. Dr. Robinson Hoto<\/li>\n<\/ul>\n\n\n\n<ul class=\"wp-block-list\">\n<li>2011 a 2014 \u2013 Profa. Dra. Luci Harue Fatori<\/li>\n<\/ul>\n\n\n\n<ul class=\"wp-block-list\">\n<li>2015 a 2018 \u2013Prof. Dr. Marcio Antonio Jorge da Silva<\/li>\n<\/ul>\n\n\n\n<ul class=\"wp-block-list\">\n<li>2019 a 2022 \u2013 Prof. Dr. Eliandro Rodrigues Cirilo<\/li>\n<\/ul>\n\n\n\n<ul class=\"wp-block-list\">\n<li>2023 a atual \u2013 Prof. Dr. Paulo Laerte Natti<\/li>\n<\/ul>\n\n\n\n<p><strong>Ex-docentes do PGMAC<\/strong>:<\/p>\n\n\n\n<ul class=\"wp-block-list\">\n<li>Prof. Dr. Albo Carlos Cavalheiro (2010-2010)<\/li>\n<\/ul>\n\n\n\n<ul class=\"wp-block-list\">\n<li>Prof. Dr. Bruno Mendon\u00e7a Rey dos Santos (2014-2020)<\/li>\n<\/ul>\n\n\n\n<ul class=\"wp-block-list\">\n<li>Profa. Dra. Claudete Matilde Webler Martins (2009-2010)<\/li>\n<\/ul>\n\n\n\n<ul class=\"wp-block-list\">\n<li>Profa. Dra. Luci Harue Fatori (2007-2018)<\/li>\n<\/ul>\n\n\n\n<ul class=\"wp-block-list\">\n<li>Prof. Dr. Marcos Eduardo Valle (2008-2013)<\/li>\n<\/ul>\n\n\n\n<ul class=\"wp-block-list\">\n<li>Prof. Dr. Marcos Tadeu de Oliveira Pimenta (2011-2012)<\/li>\n<\/ul>\n\n\n\n<ul class=\"wp-block-list\">\n<li>Prof. Dr. Naresh Kumar Sharma (2007-2016)<\/li>\n<\/ul>\n\n\n\n<ul class=\"wp-block-list\">\n<li>Prof. Dr. Robinson Samuel Vieira Hoto (2007-2019)<\/li>\n<\/ul>\n\n\n\n<div class=\"wp-block-file\"><a id=\"wp-block-file--media-ade98f32-b833-4223-8218-c7e0864035f0\" href=\"https:\/\/pos.uel.br\/pgmac\/wp-content\/uploads\/2024\/10\/Historico-PGMAC.docx\">Historico PGMAC<\/a><a href=\"https:\/\/pos.uel.br\/pgmac\/wp-content\/uploads\/2024\/10\/Historico-PGMAC.docx\" class=\"wp-block-file__button wp-element-button\" download aria-describedby=\"wp-block-file--media-ade98f32-b833-4223-8218-c7e0864035f0\">Baixar<\/a><\/div>\n","protected":false},"excerpt":{"rendered":"<p>O Programa de Mestrado Acad\u00eamico do Departamento de Matem\u00e1tica da UEL existe desde 2007.&nbsp;Alguns fatos relevantes da hist\u00f3ria do Programa de P\u00f3s-Gradua\u00e7\u00e3o em Matem\u00e1tica Aplicada e Computacional (PGMAC) est\u00e3o destacados a seguir. Coordenadores: Ex-docentes do PGMAC:<\/p>\n","protected":false},"author":6,"featured_media":0,"parent":0,"menu_order":0,"comment_status":"closed","ping_status":"closed","template":"","meta":{"_acf_changed":false,"footnotes":"[]"},"class_list":["post-731","page","type-page","status-publish","hentry"],"acf":[],"_links":{"self":[{"href":"https:\/\/pos.uel.br\/pgmac\/wp-json\/wp\/v2\/pages\/731","targetHints":{"allow":["GET"]}}],"collection":[{"href":"https:\/\/pos.uel.br\/pgmac\/wp-json\/wp\/v2\/pages"}],"about":[{"href":"https:\/\/pos.uel.br\/pgmac\/wp-json\/wp\/v2\/types\/page"}],"author":[{"embeddable":true,"href":"https:\/\/pos.uel.br\/pgmac\/wp-json\/wp\/v2\/users\/6"}],"replies":[{"embeddable":true,"href":"https:\/\/pos.uel.br\/pgmac\/wp-json\/wp\/v2\/comments?post=731"}],"version-history":[{"count":5,"href":"https:\/\/pos.uel.br\/pgmac\/wp-json\/wp\/v2\/pages\/731\/revisions"}],"predecessor-version":[{"id":901,"href":"https:\/\/pos.uel.br\/pgmac\/wp-json\/wp\/v2\/pages\/731\/revisions\/901"}],"wp:attachment":[{"href":"https:\/\/pos.uel.br\/pgmac\/wp-json\/wp\/v2\/media?parent=731"}],"curies":[{"name":"wp","href":"https:\/\/api.w.org\/{rel}","templated":true}]}}