{"id":467,"date":"2024-06-23T18:27:35","date_gmt":"2024-06-23T21:27:35","guid":{"rendered":"https:\/\/pos.uel.br\/pgmac\/?page_id=467"},"modified":"2024-06-23T18:27:36","modified_gmt":"2024-06-23T21:27:36","slug":"acerca-del-programa-2","status":"publish","type":"page","link":"https:\/\/pos.uel.br\/pgmac\/es\/acerca-del-programa-2\/","title":{"rendered":"Acerca del programa"},"content":{"rendered":"\n<p>El Programa de Posgrado en Matem\u00e1tica Aplicada y Computacional (PGMAC), del Departamento de Matem\u00e1tica de la Universidad Estatal de Londrina (DM-UEL), fue aprobado por la CAPES en 2006 e inici\u00f3 sus actividades en 2007. Actualmente, el programa es evaluado por la CAPES con una puntuaci\u00f3n de 4. El \u00e1rea de concentraci\u00f3n del programa es Matem\u00e1tica Aplicada con el objetivo de formar profesionales de alto nivel con t\u00edtulo de M\u00e1ster en Matem\u00e1tica Aplicada y Computacional. El p\u00fablico objetivo son graduados y estudiantes de pregrado en Matem\u00e1tica o Estad\u00edstica y \u00e1reas afines como Ingenier\u00eda, Inform\u00e1tica y F\u00edsica, siempre que comprueben la conclusi\u00f3n de la carrera de grado en el momento de la matr\u00edcula.<\/p>\n","protected":false},"excerpt":{"rendered":"<p>El Programa de Posgrado en Matem\u00e1tica Aplicada y Computacional (PGMAC), del Departamento de Matem\u00e1tica de la Universidad Estatal de Londrina (DM-UEL), fue aprobado por la CAPES en 2006 e inici\u00f3 sus actividades en 2007. Actualmente, el programa es evaluado por la CAPES con una puntuaci\u00f3n de 4. El \u00e1rea de concentraci\u00f3n del programa es Matem\u00e1tica [&hellip;]<\/p>\n","protected":false},"author":6,"featured_media":0,"parent":0,"menu_order":0,"comment_status":"closed","ping_status":"closed","template":"","meta":{"_acf_changed":false,"footnotes":""},"class_list":["post-467","page","type-page","status-publish","hentry"],"acf":[],"_links":{"self":[{"href":"https:\/\/pos.uel.br\/pgmac\/wp-json\/wp\/v2\/pages\/467","targetHints":{"allow":["GET"]}}],"collection":[{"href":"https:\/\/pos.uel.br\/pgmac\/wp-json\/wp\/v2\/pages"}],"about":[{"href":"https:\/\/pos.uel.br\/pgmac\/wp-json\/wp\/v2\/types\/page"}],"author":[{"embeddable":true,"href":"https:\/\/pos.uel.br\/pgmac\/wp-json\/wp\/v2\/users\/6"}],"replies":[{"embeddable":true,"href":"https:\/\/pos.uel.br\/pgmac\/wp-json\/wp\/v2\/comments?post=467"}],"version-history":[{"count":1,"href":"https:\/\/pos.uel.br\/pgmac\/wp-json\/wp\/v2\/pages\/467\/revisions"}],"predecessor-version":[{"id":468,"href":"https:\/\/pos.uel.br\/pgmac\/wp-json\/wp\/v2\/pages\/467\/revisions\/468"}],"wp:attachment":[{"href":"https:\/\/pos.uel.br\/pgmac\/wp-json\/wp\/v2\/media?parent=467"}],"curies":[{"name":"wp","href":"https:\/\/api.w.org\/{rel}","templated":true}]}}