{"id":458,"date":"2024-06-23T18:16:52","date_gmt":"2024-06-23T21:16:52","guid":{"rendered":"https:\/\/pos.uel.br\/pgmac\/?page_id=458"},"modified":"2025-03-18T14:57:10","modified_gmt":"2025-03-18T17:57:10","slug":"autoavaliacao","status":"publish","type":"page","link":"https:\/\/pos.uel.br\/pgmac\/autoavaliacao\/","title":{"rendered":"AUTOAVALIA\u00c7\u00c3O"},"content":{"rendered":"\n<p><strong>Descri\u00e7\u00e3o:<\/strong><\/p>\n\n\n\n<ul class=\"wp-block-list\">\n<li>A autoavalia\u00e7\u00e3o \u00e9 o processo de se avaliar a si pr\u00f3prio, por vezes tamb\u00e9m chamada avalia\u00e7\u00e3o interna ou avalia\u00e7\u00e3o institucional, quando referida \u00e0s organiza\u00e7\u00f5es. Seu principal objetivo \u00e9 formativo, de aprendizagem. Uma vez que \u00e9 planejada, conduzida, implementada e analisada por pessoas elas pr\u00f3prias formuladoras e agentes das a\u00e7\u00f5es a serem avaliadas, a autoavalia\u00e7\u00e3o possibilita uma reflex\u00e3o sobre contexto e pol\u00edticas adotadas, al\u00e9m da sistematiza\u00e7\u00e3o dos dados que levam \u00e0 tomada de decis\u00e3o. (Relat\u00f3rio GT de autoavalia\u00e7\u00e3o CAPES, 2019, p\u00e1g. 7)<\/li>\n\n\n\n<li>A Pr\u00f3-Reitoria de P\u00f3s-Gradua\u00e7\u00e3o e Pesquisa (PROPPG) da Universidade Estadual de Londrina (UEL) e o Colegiado dos Programas de P\u00f3s-Gradua\u00e7\u00e3o Stricto sensu em 2019 ap\u00f3s o Semin\u00e1rio de Meio Termo da CAPES, seguindo as recomenda\u00e7\u00f5es do GT de autoavalia\u00e7\u00e3o da CAPES (2019), deliberou pela cria\u00e7\u00e3o de uma comiss\u00e3o denominada Comiss\u00e3o Institucional de Avalia\u00e7\u00e3o da P\u00f3s-Gradua\u00e7\u00e3o (CIAPG). A CIAPG tem como miss\u00e3o elaborar as diretrizes do processo de autoavalia\u00e7\u00e3o e subsidiar as a\u00e7\u00f5es da PROPPG\/UEL quanto ao planejamento da sua p\u00f3s-gradua\u00e7\u00e3o.<\/li>\n\n\n\n<li>O relat\u00f3rio do GT Autoavalia\u00e7\u00e3o da CAPES indica a necessidade de composi\u00e7\u00e3o de uma Comiss\u00e3o de Autoavalia\u00e7\u00e3o (CAA) dos cursos e Programa.<\/li>\n\n\n\n<li>O colegiado acad\u00eamico do PGMAC aprovou no dia 07\/12\/2020 o Grupo de Trabalho de Autoavalia\u00e7\u00e3o do PGMAC (GT-PGMAC), que ent\u00e3o produziu o\u00a0<a href=\"https:\/\/pos.uel.br\/pgmac\/wp-content\/uploads\/2024\/10\/PROJETO-DE-AUTOAVALICAO.pdf\" data-type=\"attachment\" data-id=\"713\"><strong>Projeto de Autoavalia\u00e7\u00e3o do PGMAC<\/strong><\/a>.<\/li>\n\n\n\n<li>O colegiado dos Programas de P\u00f3s-gradua\u00e7\u00e3o da UEL produziu em dezembro de 2024 o relat\u00f3rio de <a href=\"https:\/\/pos.uel.br\/pgmac\/wp-content\/uploads\/2025\/03\/Autoavalicao_UEL.pdf\" data-type=\"attachment\" data-id=\"927\"><strong>Autoavalia\u00e7\u00e3o Institucional dos Programas de P\u00f3s-gradua\u00e7\u00e3o da UEL &#8211; per\u00edodo 2021 a 2024<\/strong><\/a>&nbsp;<\/li>\n\n\n\n<li>O&nbsp; Grupo de Trabalho de Autoavalia\u00e7\u00e3o do PGMAC (GT-PGMAC)&nbsp; produziu em dezembro de 2024 o relat\u00f3rio de&nbsp;<strong><a href=\"https:\/\/pos.uel.br\/pgmac\/wp-content\/uploads\/2025\/03\/Autoavaliacao_PGMAC.pdf\" data-type=\"attachment\" data-id=\"928\">Autoavalia\u00e7\u00e3o do PGMAC &#8211; per\u00edodo 2021 a 2024<\/a>&nbsp;<\/strong><\/li>\n<\/ul>\n\n\n\n<div class=\"wp-block-group alignwide is-content-justification-center is-nowrap is-layout-flex wp-container-core-group-is-layout-94bc23d7 wp-block-group-is-layout-flex\">\n<div class=\"wp-block-file\"><a id=\"wp-block-file--media-d64c3f1e-fa57-43bb-96da-59bee024ff39\" href=\"https:\/\/pos.uel.br\/pgmac\/wp-content\/uploads\/2024\/10\/PROJETO-DE-AUTOAVALICAO.pdf\">Projeto de Autoavalia\u00e7\u00e3o PGMAC<\/a><a href=\"https:\/\/pos.uel.br\/pgmac\/wp-content\/uploads\/2024\/10\/PROJETO-DE-AUTOAVALICAO.pdf\" class=\"wp-block-file__button wp-element-button\" download aria-describedby=\"wp-block-file--media-d64c3f1e-fa57-43bb-96da-59bee024ff39\">Baixar<\/a><\/div>\n\n\n\n<div class=\"wp-block-file\"><a id=\"wp-block-file--media-5b44bd0e-1256-4d67-8f68-68fb5f1a0492\" href=\"https:\/\/pos.uel.br\/pgmac\/wp-content\/uploads\/2025\/03\/Autoavaliacao_PGMAC-1.pdf\">Relat\u00f3rio de Autoavalia\u00e7\u00e3o PGMAC<\/a><a href=\"https:\/\/pos.uel.br\/pgmac\/wp-content\/uploads\/2025\/03\/Autoavaliacao_PGMAC-1.pdf\" class=\"wp-block-file__button wp-element-button\" download aria-describedby=\"wp-block-file--media-5b44bd0e-1256-4d67-8f68-68fb5f1a0492\">Baixar<\/a><\/div>\n\n\n\n<div class=\"wp-block-file\"><a id=\"wp-block-file--media-b3cc1ae3-707e-4aaa-bd19-2e7afc27f81a\" href=\"https:\/\/pos.uel.br\/pgmac\/wp-content\/uploads\/2025\/03\/Autoavalicao_UEL.pdf\">Relat\u00f3rio de Autoavali\u00e7\u00e3o UEL<\/a><a href=\"https:\/\/pos.uel.br\/pgmac\/wp-content\/uploads\/2025\/03\/Autoavalicao_UEL.pdf\" class=\"wp-block-file__button wp-element-button\" download aria-describedby=\"wp-block-file--media-b3cc1ae3-707e-4aaa-bd19-2e7afc27f81a\">Baixar<\/a><\/div>\n<\/div>\n\n\n\n<p><strong>Instrumentos:<\/strong><\/p>\n\n\n\n<ul class=\"wp-block-list\">\n<li>Os question\u00e1rios, abaixo, s\u00e3o importantes instrumentos para que seja poss\u00edvel construir o Relat\u00f3rio de Autoavalia\u00e7\u00e3o do PGMAC.<\/li>\n\n\n\n<li>Ademais, abaixo, \u00e9 poss\u00edvel acessar tr\u00eas classes distintas de question\u00e1rios:\n<ul class=\"wp-block-list\">\n<li>Question\u00e1rio &#8211; Docente: direcionado aos docentes do PGMAC;<\/li>\n\n\n\n<li>Question\u00e1rio &#8211; Discente: direcionado aos alunos regularmente matriculados;<\/li>\n\n\n\n<li>Question\u00e1rio &#8211; Egresso: direcionado aos egressos do PGMAC.<\/li>\n<\/ul>\n<\/li>\n<\/ul>\n\n\n\n<figure class=\"wp-block-table is-style-stripes\"><table><tbody><tr><td><strong>P\u00fablico alvo<\/strong><\/td><td><strong>Formul\u00e1rio<\/strong><\/td><\/tr><tr><td><strong>Docentes<\/strong><\/td><td><a href=\"https:\/\/forms.gle\/KynRGWKxv7k4Wsi29\" target=\"_blank\" rel=\"noreferrer noopener\"><strong>FICHA DE AVALIA\u00c7\u00c3O &#8211; DOCENTES<\/strong><\/a><\/td><\/tr><tr><td><strong>Discentes<\/strong><\/td><td><a href=\"https:\/\/forms.gle\/tUYeExSK6FRBQeLk9\" target=\"_blank\" rel=\"noreferrer noopener\"><strong>FICHA DE AVALIA\u00c7\u00c3O &#8211; DISCENTES<\/strong><\/a><\/td><\/tr><tr><td><strong>Egressos<\/strong><\/td><td><a href=\"https:\/\/forms.gle\/Gpj7FT8fTV2uZh1x8\" target=\"_blank\" rel=\"noreferrer noopener\"><strong>FICHA DE AVALIA\u00c7\u00c3O &#8211; EGRESSOS<\/strong><\/a><\/td><\/tr><\/tbody><\/table><\/figure>\n\n\n\n<p><strong>Comiss\u00e3o de Autoavali\u00e7\u00e3o&nbsp;em Sobre o Programa\/Coordena\u00e7\u00e3o e contatos<\/strong><\/p>\n\n\n\n<p>Prof. Dr. Eliandro R. Cirilo<\/p>\n\n\n\n<p>Prof. Dr. Marcio A. J. da Silva <\/p>\n\n\n\n<p>Prof. Dr. Andr\u00e9 Vicente <\/p>\n\n\n\n<p>Prof. Dr. Tiago V. F. Santana <\/p>\n\n\n\n<p>Prof. Dr. T\u00falio O. de Carvalho <\/p>\n\n\n\n<p>Mest. Pedro H. V. de Godoi <\/p>\n\n\n\n<p>Prof. Dr. Marcos E. Valle <\/p>\n\n\n\n<p>Dr. Eduardo H. G. Tavares  <\/p>\n\n\n\n<p>Grad. Michel Freire Lima<\/p>\n\n\n\n<p><\/p>\n","protected":false},"excerpt":{"rendered":"<p>Descri\u00e7\u00e3o: Instrumentos: P\u00fablico alvo Formul\u00e1rio Docentes FICHA DE AVALIA\u00c7\u00c3O &#8211; DOCENTES Discentes FICHA DE AVALIA\u00c7\u00c3O &#8211; DISCENTES Egressos FICHA DE AVALIA\u00c7\u00c3O &#8211; EGRESSOS Comiss\u00e3o de Autoavali\u00e7\u00e3o&nbsp;em Sobre o Programa\/Coordena\u00e7\u00e3o e contatos Prof. Dr. Eliandro R. Cirilo Prof. Dr. Marcio A. J. da Silva Prof. Dr. Andr\u00e9 Vicente Prof. Dr. Tiago V. F. Santana Prof. Dr. [&hellip;]<\/p>\n","protected":false},"author":6,"featured_media":0,"parent":0,"menu_order":0,"comment_status":"closed","ping_status":"closed","template":"","meta":{"_acf_changed":false,"footnotes":""},"class_list":["post-458","page","type-page","status-publish","hentry"],"acf":[],"_links":{"self":[{"href":"https:\/\/pos.uel.br\/pgmac\/wp-json\/wp\/v2\/pages\/458","targetHints":{"allow":["GET"]}}],"collection":[{"href":"https:\/\/pos.uel.br\/pgmac\/wp-json\/wp\/v2\/pages"}],"about":[{"href":"https:\/\/pos.uel.br\/pgmac\/wp-json\/wp\/v2\/types\/page"}],"author":[{"embeddable":true,"href":"https:\/\/pos.uel.br\/pgmac\/wp-json\/wp\/v2\/users\/6"}],"replies":[{"embeddable":true,"href":"https:\/\/pos.uel.br\/pgmac\/wp-json\/wp\/v2\/comments?post=458"}],"version-history":[{"count":11,"href":"https:\/\/pos.uel.br\/pgmac\/wp-json\/wp\/v2\/pages\/458\/revisions"}],"predecessor-version":[{"id":938,"href":"https:\/\/pos.uel.br\/pgmac\/wp-json\/wp\/v2\/pages\/458\/revisions\/938"}],"wp:attachment":[{"href":"https:\/\/pos.uel.br\/pgmac\/wp-json\/wp\/v2\/media?parent=458"}],"curies":[{"name":"wp","href":"https:\/\/api.w.org\/{rel}","templated":true}]}}