{"id":404,"date":"2024-06-18T11:51:01","date_gmt":"2024-06-18T14:51:01","guid":{"rendered":"https:\/\/pos.uel.br\/pgmac\/?page_id=404"},"modified":"2024-06-18T11:56:53","modified_gmt":"2024-06-18T14:56:53","slug":"procedimentos-para-qualificacao-e-defesa","status":"publish","type":"page","link":"https:\/\/pos.uel.br\/pgmac\/procedimentos-para-qualificacao-e-defesa\/","title":{"rendered":"Procedimentos para Qualifica\u00e7\u00e3o e Defesa"},"content":{"rendered":"\n<h1 class=\"wp-block-heading\">PROCEDIMENTO PARA QUALIFICA\u00c7\u00c3O<\/h1>\n\n\n\n<p><strong>1\u00ba Passo: Aluno \/ Orientador<\/strong><\/p>\n\n\n\n<p>O aluno \/ orientador devem verificar se o\u00a0<a href=\"https:\/\/pos.uel.br\/pgmac\/wp-content\/uploads\/2024\/06\/Regimento_PGMAC_2022.pdf\" target=\"_blank\" rel=\"noreferrer noopener\">Art. 47 do regimento do PGMAC<\/a>\u00a0(Exame de Qualifica\u00e7\u00e3o) est\u00e1 atendido pelo aluno.<\/p>\n\n\n\n<p><strong>2\u00ba Passo: Aluno<\/strong><\/p>\n\n\n\n<p>O aluno precisa solicitar no portal do estudante o pedido de exame de qualifica\u00e7\u00e3o. A PROPPG avaliar\u00e1 se o aluno est\u00e1 apto para qualificar, e informar\u00e1 isto no portal.<\/p>\n\n\n\n<p><strong>3\u00ba Passo: Orientador<\/strong><\/p>\n\n\n\n<p>O orintador deve preencher o documento &#8220;INDICA\u00c7\u00c3O DE BANCA EXAMINADORA PARA EXAME DE QUALIFICA\u00c7\u00c3O&#8221;, e envi\u00e1-lo para a secretaria de p\u00f3s (spgcce@uel.br).\u00a0<strong>\u00c9 recomendado que o prazo entre o aluno estar apto para qualificar e a data de qualifica\u00e7\u00e3o seja de at\u00e9 30 dias<\/strong>.<\/p>\n\n\n\n<div class=\"wp-block-file\"><a id=\"wp-block-file--media-bb1fff18-314a-45c3-b3fb-0546e0b8ed58\" href=\"https:\/\/pos.uel.br\/pgmac\/wp-content\/uploads\/2024\/06\/INDIC_BANCA_QUALI_MESTRADO2T.doc\">IINDICA\u00c7\u00c3O DE BANCA EXAMINADORA PARA EXAME DE QUALIFICA\u00c7\u00c3O<\/a><a href=\"https:\/\/pos.uel.br\/pgmac\/wp-content\/uploads\/2024\/06\/INDIC_BANCA_QUALI_MESTRADO2T.doc\" class=\"wp-block-file__button wp-element-button\" download aria-describedby=\"wp-block-file--media-bb1fff18-314a-45c3-b3fb-0546e0b8ed58\">Baixar<\/a><\/div>\n\n\n\n<p><strong>4\u00ba Passo: Orientador<\/strong><\/p>\n\n\n\n<p>O orintador deve informar ao coordenador o\u00a0<strong>t\u00edtulo<\/strong>, a\u00a0<strong>data<\/strong>\u00a0e o\u00a0<strong>resumo do trabalho<\/strong>\u00a0de qualifica\u00e7\u00e3o para que os mesmos sejam divulgados na aba\u00a0<strong>Defesas \/ Qualifica\u00e7\u00f5es<\/strong>, na p\u00e1gina do PGMAC.<\/p>\n\n\n\n<h1 class=\"wp-block-heading\">PROCEDIMENTO PARA DEFESA<\/h1>\n\n\n\n<p><strong>1\u00ba Passo: Aluno \/ Orientador<\/strong><\/p>\n\n\n\n<p>O aluno \/ orientador devem verificar se o\u00a0<a href=\"https:\/\/pos.uel.br\/pgmac\/wp-content\/uploads\/2024\/06\/Regimento_PGMAC_2022.pdf\" target=\"_blank\" rel=\"noreferrer noopener\">Art. 53 do regimento do PGMAC<\/a>\u00a0(Defesa da Disserta\u00e7\u00e3o) est\u00e1 atendido pelo aluno.<\/p>\n\n\n\n<p><strong>2\u00ba Passo: Orientador<\/strong><\/p>\n\n\n\n<p>O orintador deve preencher o documento &#8220;INDICA\u00c7\u00c3O DE BANCA EXAMINADORA PARA DEFESA DE DISSERTA\u00c7\u00c3O&#8221;, e envi\u00e1-lo para a secretaria de p\u00f3s (spgcce@uel.br).\u00a0<strong>\u00c9 recomendado que o prazo entre o envio do trabalho para a banca e a data de defesa seja de at\u00e9 30 dias<\/strong>.<\/p>\n\n\n\n<div class=\"wp-block-file\"><a id=\"wp-block-file--media-8975971b-20bb-4194-9e3e-b5d857607da6\" href=\"https:\/\/pos.uel.br\/pgmac\/wp-content\/uploads\/2024\/06\/INDIC_BANCA-_DEFES_MESTRADO2T-1.doc\">INDICA\u00c7\u00c3O DE BANCA EXAMINADORA PARA DEFESA DE DISSERTA\u00c7\u00c3O<\/a><a href=\"https:\/\/pos.uel.br\/pgmac\/wp-content\/uploads\/2024\/06\/INDIC_BANCA-_DEFES_MESTRADO2T-1.doc\" class=\"wp-block-file__button wp-element-button\" download aria-describedby=\"wp-block-file--media-8975971b-20bb-4194-9e3e-b5d857607da6\">Baixar<\/a><\/div>\n\n\n\n<p><strong>3\u00ba Passo: Orientador<\/strong><\/p>\n\n\n\n<p>O orintador deve informar ao coordenador o\u00a0<strong>t\u00edtulo<\/strong>, a\u00a0<strong>data<\/strong>\u00a0e o\u00a0<strong>resumo do trabalho<\/strong>\u00a0de defesa para que os mesmos sejam divulgados na aba\u00a0<strong>Defesas \/ Qualifica\u00e7\u00f5es<\/strong>, na p\u00e1gina do PGMAC.<\/p>\n","protected":false},"excerpt":{"rendered":"<p>PROCEDIMENTO PARA QUALIFICA\u00c7\u00c3O 1\u00ba Passo: Aluno \/ Orientador O aluno \/ orientador devem verificar se o\u00a0Art. 47 do regimento do PGMAC\u00a0(Exame de Qualifica\u00e7\u00e3o) est\u00e1 atendido pelo aluno. 2\u00ba Passo: Aluno O aluno precisa solicitar no portal do estudante o pedido de exame de qualifica\u00e7\u00e3o. A PROPPG avaliar\u00e1 se o aluno est\u00e1 apto para qualificar, e [&hellip;]<\/p>\n","protected":false},"author":6,"featured_media":0,"parent":0,"menu_order":0,"comment_status":"closed","ping_status":"closed","template":"","meta":{"_acf_changed":false,"footnotes":""},"class_list":["post-404","page","type-page","status-publish","hentry"],"acf":[],"_links":{"self":[{"href":"https:\/\/pos.uel.br\/pgmac\/wp-json\/wp\/v2\/pages\/404","targetHints":{"allow":["GET"]}}],"collection":[{"href":"https:\/\/pos.uel.br\/pgmac\/wp-json\/wp\/v2\/pages"}],"about":[{"href":"https:\/\/pos.uel.br\/pgmac\/wp-json\/wp\/v2\/types\/page"}],"author":[{"embeddable":true,"href":"https:\/\/pos.uel.br\/pgmac\/wp-json\/wp\/v2\/users\/6"}],"replies":[{"embeddable":true,"href":"https:\/\/pos.uel.br\/pgmac\/wp-json\/wp\/v2\/comments?post=404"}],"version-history":[{"count":2,"href":"https:\/\/pos.uel.br\/pgmac\/wp-json\/wp\/v2\/pages\/404\/revisions"}],"predecessor-version":[{"id":411,"href":"https:\/\/pos.uel.br\/pgmac\/wp-json\/wp\/v2\/pages\/404\/revisions\/411"}],"wp:attachment":[{"href":"https:\/\/pos.uel.br\/pgmac\/wp-json\/wp\/v2\/media?parent=404"}],"curies":[{"name":"wp","href":"https:\/\/api.w.org\/{rel}","templated":true}]}}