{"id":331,"date":"2024-06-17T16:18:30","date_gmt":"2024-06-17T19:18:30","guid":{"rendered":"https:\/\/pos.uel.br\/pgmac\/?page_id=331"},"modified":"2024-06-17T16:18:54","modified_gmt":"2024-06-17T19:18:54","slug":"presentacion-y-objetivos","status":"publish","type":"page","link":"https:\/\/pos.uel.br\/pgmac\/es\/presentacion-y-objetivos\/","title":{"rendered":"Presentaci\u00f3n y objetivos"},"content":{"rendered":"\n<p>El Programa de Posgrado en Matem\u00e1tica Aplicada y Computacional (PGMAC) de la Universidad Estadual de Londrina tiene como objetivo preparar recursos humanos para la carrera docente, para el desarrollo de investigaciones en las \u00e1reas de conocimiento y pr\u00e1ctica profesional del programa, a trav\u00e9s de la docencia, la investigaci\u00f3n y la extensi\u00f3n integradas. actividades.<\/p>\n","protected":false},"excerpt":{"rendered":"<p>El Programa de Posgrado en Matem\u00e1tica Aplicada y Computacional (PGMAC) de la Universidad Estadual de Londrina tiene como objetivo preparar recursos humanos para la carrera docente, para el desarrollo de investigaciones en las \u00e1reas de conocimiento y pr\u00e1ctica profesional del programa, a trav\u00e9s de la docencia, la investigaci\u00f3n y la extensi\u00f3n integradas. actividades.<\/p>\n","protected":false},"author":6,"featured_media":0,"parent":0,"menu_order":0,"comment_status":"closed","ping_status":"closed","template":"","meta":{"_acf_changed":false,"footnotes":""},"class_list":["post-331","page","type-page","status-publish","hentry"],"acf":[],"_links":{"self":[{"href":"https:\/\/pos.uel.br\/pgmac\/wp-json\/wp\/v2\/pages\/331","targetHints":{"allow":["GET"]}}],"collection":[{"href":"https:\/\/pos.uel.br\/pgmac\/wp-json\/wp\/v2\/pages"}],"about":[{"href":"https:\/\/pos.uel.br\/pgmac\/wp-json\/wp\/v2\/types\/page"}],"author":[{"embeddable":true,"href":"https:\/\/pos.uel.br\/pgmac\/wp-json\/wp\/v2\/users\/6"}],"replies":[{"embeddable":true,"href":"https:\/\/pos.uel.br\/pgmac\/wp-json\/wp\/v2\/comments?post=331"}],"version-history":[{"count":2,"href":"https:\/\/pos.uel.br\/pgmac\/wp-json\/wp\/v2\/pages\/331\/revisions"}],"predecessor-version":[{"id":333,"href":"https:\/\/pos.uel.br\/pgmac\/wp-json\/wp\/v2\/pages\/331\/revisions\/333"}],"wp:attachment":[{"href":"https:\/\/pos.uel.br\/pgmac\/wp-json\/wp\/v2\/media?parent=331"}],"curies":[{"name":"wp","href":"https:\/\/api.w.org\/{rel}","templated":true}]}}