{"id":327,"date":"2024-06-17T16:17:39","date_gmt":"2024-06-17T19:17:39","guid":{"rendered":"https:\/\/pos.uel.br\/pgmac\/?page_id=327"},"modified":"2024-07-21T10:42:23","modified_gmt":"2024-07-21T13:42:23","slug":"apresentacao-e-objetivos","status":"publish","type":"page","link":"https:\/\/pos.uel.br\/pgmac\/apresentacao-e-objetivos\/","title":{"rendered":"Apresenta\u00e7\u00e3o e objetivos"},"content":{"rendered":"\n<p>O programa de P\u00f3s-Gradua\u00e7\u00e3o em Matem\u00e1tica Aplicada e Computacional (PGMAC) da Universidade Estadual de Londrina, tem por objetivo a prepara\u00e7\u00e3o de recursos humanos para a carreira docente, para o desenvolvimento de pesquisas nas \u00e1reas de conhecimento do programa e o exerc\u00edcio profissional, atrav\u00e9s de atividades integradas de ensino, pesquisae extens\u00e3o.<\/p>\n","protected":false},"excerpt":{"rendered":"<p>O programa de P\u00f3s-Gradua\u00e7\u00e3o em Matem\u00e1tica Aplicada e Computacional (PGMAC) da Universidade Estadual de Londrina, tem por objetivo a prepara\u00e7\u00e3o de recursos humanos para a carreira docente, para o desenvolvimento de pesquisas nas \u00e1reas de conhecimento do programa e o exerc\u00edcio profissional, atrav\u00e9s de atividades integradas de ensino, pesquisae extens\u00e3o.<\/p>\n","protected":false},"author":6,"featured_media":0,"parent":0,"menu_order":0,"comment_status":"closed","ping_status":"closed","template":"","meta":{"_acf_changed":false,"footnotes":""},"class_list":["post-327","page","type-page","status-publish","hentry"],"acf":[],"_links":{"self":[{"href":"https:\/\/pos.uel.br\/pgmac\/wp-json\/wp\/v2\/pages\/327","targetHints":{"allow":["GET"]}}],"collection":[{"href":"https:\/\/pos.uel.br\/pgmac\/wp-json\/wp\/v2\/pages"}],"about":[{"href":"https:\/\/pos.uel.br\/pgmac\/wp-json\/wp\/v2\/types\/page"}],"author":[{"embeddable":true,"href":"https:\/\/pos.uel.br\/pgmac\/wp-json\/wp\/v2\/users\/6"}],"replies":[{"embeddable":true,"href":"https:\/\/pos.uel.br\/pgmac\/wp-json\/wp\/v2\/comments?post=327"}],"version-history":[{"count":2,"href":"https:\/\/pos.uel.br\/pgmac\/wp-json\/wp\/v2\/pages\/327\/revisions"}],"predecessor-version":[{"id":490,"href":"https:\/\/pos.uel.br\/pgmac\/wp-json\/wp\/v2\/pages\/327\/revisions\/490"}],"wp:attachment":[{"href":"https:\/\/pos.uel.br\/pgmac\/wp-json\/wp\/v2\/media?parent=327"}],"curies":[{"name":"wp","href":"https:\/\/api.w.org\/{rel}","templated":true}]}}