{"id":300,"date":"2024-06-17T14:56:59","date_gmt":"2024-06-17T17:56:59","guid":{"rendered":"https:\/\/pos.uel.br\/pgmac\/?page_id=300"},"modified":"2025-03-05T10:50:44","modified_gmt":"2025-03-05T13:50:44","slug":"processo-de-selecao","status":"publish","type":"page","link":"https:\/\/pos.uel.br\/pgmac\/processo-de-selecao\/","title":{"rendered":"Processo de sele\u00e7\u00e3o"},"content":{"rendered":"\n<div class=\"wp-block-file\"><a id=\"wp-block-file--media-17acd9ec-d35f-4b0a-b0be-f723da96561d\" href=\"https:\/\/pos.uel.br\/pgmac\/wp-content\/uploads\/2025\/03\/Edital_Oferta_Regular_2025PGMAC.pdf\"><strong>Processo de Sele\u00e7\u00e3o para o Ingresso no PGMAC 2025\/01- Estudante Regular<\/strong>\u00a0<\/a><a href=\"https:\/\/pos.uel.br\/pgmac\/wp-content\/uploads\/2025\/03\/Edital_Oferta_Regular_2025PGMAC.pdf\" class=\"wp-block-file__button wp-element-button\" download aria-describedby=\"wp-block-file--media-17acd9ec-d35f-4b0a-b0be-f723da96561d\">Baixar<\/a><\/div>\n\n\n\n<p><strong>7. Do processo de sele\u00e7\u00e3o para o Mestrado<\/strong><br>7.1 O p\u00fablico-alvo do Programa de P\u00f3s-Gradua\u00e7\u00e3o em Matem\u00e1tica Aplicada e Computacional \u00e9 de candidatos com gradua\u00e7\u00e3o em Matem\u00e1tica ou Estat\u00edstica e \u00e1reas afins como Engenharias, Computa\u00e7\u00e3o e F\u00edsica. A sele\u00e7\u00e3o dos candidatos ser\u00e1 de responsabilidade da Comiss\u00e3o Examinadora de Sele\u00e7\u00e3o do Programa: Prof. Dr. Gylles Ricardo Str\u00f6her, Prof. Dr. Marcio Antonio Jorge da Silva, Prof\u00aa Dr\u00aa. Mariana Ragassi Urbano, e constar\u00e1 das seguintes etapas:<\/p>\n\n\n\n<p class=\"has-text-align-center\"><strong>Primeira etapa<\/strong><\/p>\n\n\n\n<p class=\"has-text-align-left\"><br><strong>I) An\u00e1lise e pontua\u00e7\u00e3o do Curriculum Vitae<\/strong><br>Para a elabora\u00e7\u00e3o do Curriculum Vitae, <strong>o candidato dever\u00e1, obrigatoriamente, observar a ordem disposta no Anexo I desta publica\u00e7\u00e3o, e anexar os arquivos na ordem, caso contr\u00e1rio poder\u00e1 ser desclassificado.<\/strong> A an\u00e1lise e pontua\u00e7\u00e3o do Curriculum Vitae ser\u00e3o procedidas em conformidade com a pontua\u00e7\u00e3o disposta no Gabarito que integra o presente Edital (Anexo I). Somente ser\u00e3o pontuados os itens devidamente comprovados por documentos. A an\u00e1lise e pontua\u00e7\u00e3o do Curriculum Vitae ser\u00e3o realizadas pela Comiss\u00e3o Examinadora de Sele\u00e7\u00e3o, em sess\u00e3o reservada. O Curriculum Vitae com maior pontua\u00e7\u00e3o dentre os candidatos receber\u00e1 nota 10 (dez) e os demais Curriculum Vitae ter\u00e3o a nota calculada por regra de 3 simples, sendo essa nota denominada <strong>R1<\/strong>.<\/p>\n\n\n\n<p><strong>II) An\u00e1lise e pontua\u00e7\u00e3o do hist\u00f3rico escolar<\/strong><\/p>\n\n\n\n<p>Ser\u00e1 calculado o coeficiente de rendimento por meio da m\u00e9dia aritm\u00e9tica das notas em disciplinas, numa escala de 0 a 10 (dez), sendo esse coeficiente denominado <strong>R2<\/strong>.<\/p>\n\n\n\n<p><strong>III) Carta de Recomenda\u00e7\u00e3o<\/strong><br>Esta etapa constitui-se da an\u00e1lise da carta de recomenda\u00e7\u00e3o enviada pelo professor ou superior t\u00e9cnico hier\u00e1rquico. O modelo da carta de recomenda\u00e7\u00e3o pode ser obtido em https:\/\/pos.uel.br\/pgmac\/arquivos-e-formularios\/. O prazo para o envio da carta de recomenda\u00e7\u00e3o \u00e9 de <strong>20 de setembro de 2023 a 30 de outubro de 2024 <\/strong>e deve ser enviada para o e-mail spgcceselecao@uel.br pelo professor ou superior t\u00e9cnico hier\u00e1rquico, informando no assunto do e-mail \u201cCarta de Recomenda\u00e7\u00e3o &#8211; Mestrado PGMAC\u201d.<\/p>\n\n\n\n<p class=\"has-text-align-center\"><strong>Nota final da primeira etapa (N1) = (0,4 x R1) + (0,6 x R2)<\/strong><\/p>\n\n\n\n<p><br>No caso de mais de 30 inscritos, ir\u00e3o para a segunda etapa os primeiros 30 inscritos classificados de acordo com a Nota final da primeira etapa (N1), em ordem decrescente, e no caso de 30 inscritos ou menos, todos ir\u00e3o para a segunda etapa do processo de sele\u00e7\u00e3o. Em caso de empate a an\u00e1lise da carta de recomenda\u00e7\u00e3o tamb\u00e9m ser\u00e1 utilizada. O edital de convoca\u00e7\u00e3o para a segunda etapa ser\u00e1 publicado no dia 11 de novembro de 2024 no site do Programa https:\/\/pos.uel.br\/pgmac\/, e a segunda etapa ir\u00e1 ocorrer nos dias 18 e 19 de novembro de 2024.<\/p>\n\n\n\n<p class=\"has-text-align-center\"><strong>Segunda etapa<\/strong><\/p>\n\n\n\n<p class=\"has-text-align-left\"><br><strong>Argui\u00e7\u00e3o curricular<\/strong><br>A argui\u00e7\u00e3o curricular ir\u00e1 ocorrer de forma remota, nos dias 18 e 19 de novembro de 2024, com a dura\u00e7\u00e3o m\u00e1xima de 15 minutos para cada<br>candidato. Na argui\u00e7\u00e3o ser\u00e3o considerados os quesitos:<\/p>\n\n\n\n<ul class=\"wp-block-list\">\n<li>Capacidade de expressar de maneira clara, objetiva e consistente as experi\u00eancias relatadas no curr\u00edculo.<\/li>\n\n\n\n<li>Capacidade de argumenta\u00e7\u00e3o sobre sua trajet\u00f3ria acad\u00eamica e profissional e a correla\u00e7\u00e3o com o curso de Mestrado em Matem\u00e1tica Aplicada e Computacional.<\/li>\n\n\n\n<li>Perfil de aplica\u00e7\u00e3o e de dissemina\u00e7\u00e3o de conhecimento.<\/li>\n\n\n\n<li>Demonstra\u00e7\u00e3o de disponibilidade de tempo do candidato para atender \u00e0s exig\u00eancias do PGMAC.<\/li>\n<\/ul>\n\n\n\n<p><strong>A nota da argui\u00e7\u00e3o ser\u00e1 atribu\u00edda em uma escala de 0 a 10, e denominada N2.<\/strong><br><\/p>\n\n\n\n<p class=\"has-text-align-center\"><strong>Nota final = NF = (N1+N2)\/2<\/strong><br><\/p>\n\n\n\n<p><strong>Os candidatos ser\u00e3o classificados de acordo com a Nota Final (NF) em ordem decrescente. Candidatos com nota final menor que 6,0 ser\u00e3o desclassificados.<\/strong><br>A argui\u00e7\u00e3o ocorrer\u00e1 de forma REMOTA-S\u00cdNCRONA. Os hor\u00e1rios ser\u00e3o publicados na p\u00e1gina do Programa https:\/\/pos.uel.br\/pgmac\/. O equipamento de inform\u00e1tica, software para teleconfer\u00eancia e a conex\u00e3o com a rede ser\u00e3o de responsabilidade dos candidatos.<\/p>\n\n\n\n<p><\/p>\n","protected":false},"excerpt":{"rendered":"<p>7. Do processo de sele\u00e7\u00e3o para o Mestrado7.1 O p\u00fablico-alvo do Programa de P\u00f3s-Gradua\u00e7\u00e3o em Matem\u00e1tica Aplicada e Computacional \u00e9 de candidatos com gradua\u00e7\u00e3o em Matem\u00e1tica ou Estat\u00edstica e \u00e1reas afins como Engenharias, Computa\u00e7\u00e3o e F\u00edsica. A sele\u00e7\u00e3o dos candidatos ser\u00e1 de responsabilidade da Comiss\u00e3o Examinadora de Sele\u00e7\u00e3o do Programa: Prof. Dr. Gylles Ricardo Str\u00f6her, [&hellip;]<\/p>\n","protected":false},"author":6,"featured_media":0,"parent":0,"menu_order":0,"comment_status":"closed","ping_status":"closed","template":"","meta":{"_acf_changed":false,"footnotes":""},"class_list":["post-300","page","type-page","status-publish","hentry"],"acf":[],"_links":{"self":[{"href":"https:\/\/pos.uel.br\/pgmac\/wp-json\/wp\/v2\/pages\/300","targetHints":{"allow":["GET"]}}],"collection":[{"href":"https:\/\/pos.uel.br\/pgmac\/wp-json\/wp\/v2\/pages"}],"about":[{"href":"https:\/\/pos.uel.br\/pgmac\/wp-json\/wp\/v2\/types\/page"}],"author":[{"embeddable":true,"href":"https:\/\/pos.uel.br\/pgmac\/wp-json\/wp\/v2\/users\/6"}],"replies":[{"embeddable":true,"href":"https:\/\/pos.uel.br\/pgmac\/wp-json\/wp\/v2\/comments?post=300"}],"version-history":[{"count":4,"href":"https:\/\/pos.uel.br\/pgmac\/wp-json\/wp\/v2\/pages\/300\/revisions"}],"predecessor-version":[{"id":907,"href":"https:\/\/pos.uel.br\/pgmac\/wp-json\/wp\/v2\/pages\/300\/revisions\/907"}],"wp:attachment":[{"href":"https:\/\/pos.uel.br\/pgmac\/wp-json\/wp\/v2\/media?parent=300"}],"curies":[{"name":"wp","href":"https:\/\/api.w.org\/{rel}","templated":true}]}}