{"id":271,"date":"2024-06-16T21:24:21","date_gmt":"2024-06-17T00:24:21","guid":{"rendered":"https:\/\/pos.uel.br\/pgmac\/?page_id=271"},"modified":"2024-07-21T10:43:54","modified_gmt":"2024-07-21T13:43:54","slug":"painel-alunos-2024","status":"publish","type":"page","link":"https:\/\/pos.uel.br\/pgmac\/painel-alunos-2024\/","title":{"rendered":"Painel Alunos 2024"},"content":{"rendered":"\n<p>O Painel Alunos tem o intuito de promover um interc\u00e2mbio de ideias entre alunos da gradua\u00e7\u00e3o e p\u00f3s-gradua\u00e7\u00e3o, visando ainda a divulga\u00e7\u00e3o de pesquisas parciais ou completas das atividades cient\u00edficas desenvolvidas por alunos da gradua\u00e7\u00e3o, mestrado e de doutorado.<br><br>Poder\u00e3o participar dessa atividade toda comunidade cient\u00edfica interna e externa \u00e0 institui\u00e7\u00e3o que se registrar no evento.<br><br>As apresenta\u00e7\u00f5es ser\u00e3o proferidas exclusivamente por alunos da p\u00f3s-gradua\u00e7\u00e3o e gradua\u00e7\u00e3o.<br><br>O resumo dever\u00e1 ser enviado no ato da inscri\u00e7\u00e3o e deve conter no m\u00e1ximo 1500 caracteres (f\u00f3rmulas n\u00e3o s\u00e3o permitidas).<br><br>A notifica\u00e7\u00e3o de aceita\u00e7\u00e3o do trabalho ser\u00e1 comunicada por e-mail at\u00e9 o dia 19 de fevereiro 2024.<\/p>\n\n\n\n<p><br><br>As apresenta\u00e7\u00f5es orais ocorrer\u00e3o presencialmente no dia 23 de fevereiro de 2024.<\/p>\n\n\n\n<ul class=\"wp-block-list\">\n<li><strong>Data do evento: 23 de fevereiro de 2024.<\/strong><\/li>\n\n\n\n<li><strong>Per\u00edodo de inscri\u00e7\u00f5es: 29\/01\/24 a 19\/02\/24.<\/strong><\/li>\n\n\n\n<li><strong>Per\u00edodo de submiss\u00e3o dos trabalhos: 29\/01\/24 a 09\/02\/24.<\/strong><\/li>\n\n\n\n<li><strong>Local: Sala 5 do Departamento de Matem\u00e1tica da UEL.<\/strong><\/li>\n\n\n\n<li><strong>Caderno de Resumos<\/strong><\/li>\n\n\n\n<li><strong>Cronograma das apresenta\u00e7\u00f5es:<\/strong><\/li>\n<\/ul>\n\n\n\n<div class=\"wp-block-file\"><a id=\"wp-block-file--media-f70814e6-052b-4dc7-9eff-4e637d120d00\" href=\"https:\/\/pos.uel.br\/pgmac\/wp-content\/uploads\/2024\/06\/Caderno_de_Resumos2024.pdf\">Caderno de Resumos 2024<\/a><a href=\"https:\/\/pos.uel.br\/pgmac\/wp-content\/uploads\/2024\/06\/Caderno_de_Resumos2024.pdf\" class=\"wp-block-file__button wp-element-button\" download aria-describedby=\"wp-block-file--media-f70814e6-052b-4dc7-9eff-4e637d120d00\">Baixar<\/a><\/div>\n\n\n\n<p><\/p>\n\n\n\n<figure class=\"wp-block-table\"><table><tbody><tr><th><\/th><th>Sexta-feira (23\/02)<\/th><\/tr><tr><td>14h00 &#8211; 14h15<\/td><td><strong>Talita Carvalho Pessoa<\/strong><br>Equa\u00e7\u00e3o telegr\u00e1fica aplicada em fen\u00f4menos de invas\u00e3o biol\u00f3gica<\/td><\/tr><tr><td>14h20 &#8211; 14h35<\/td><td><strong>Rafael Gabardo da Camara<\/strong><br>Elementos de Medida, Integra\u00e7\u00e3o e An\u00e1lise Funcional com Aplica\u00e7\u00f5es em Espa\u00e7os de Fun\u00e7\u00f5es<\/td><\/tr><tr><td>14h40 &#8211; 14h55<\/td><td><strong>Leonardo Gustavo Ronchin Alves<\/strong><br>Dissipa\u00e7\u00e3o Fracion\u00e1ria para um Modelo de Timoshenko Abstrato<\/td><\/tr><tr><td>15h00 &#8211; 15h15<\/td><td><strong>Paulo Fernando Mercadante Damazio<\/strong><br>An\u00e1lise da Estabilidade de Solu\u00e7\u00f5es de EDO&#8217;s via M\u00e9todo de Liapunov<\/td><\/tr><tr><td>15h20 &#8211; 15h35<\/td><td><strong>Gustavo Lopes Perosini<\/strong><br>Dimens\u00f5es Fractais com Aplica\u00e7\u00f5es em Sistemas de Equa\u00e7\u00f5es Diferenciais<\/td><\/tr><tr><td>15h40 &#8211; 15h55<\/td><td><strong>Guilherme Akira Demenech Mori<\/strong><br>Avalia\u00e7\u00e3o de resolvedores para problemas de localiza\u00e7\u00e3o de facilidades com capacidade limitada<\/td><\/tr><tr><td>16h20 &#8211; 16h35<\/td><td><strong>Luan Eduardo da Silva<\/strong><br>Discretiza\u00e7\u00e3o de Geometrias Complexas e An\u00e1lise de Transfer\u00eancia de Calor Utilizando o Software ContExt<\/td><\/tr><tr><td>16h40 &#8211; 16h55<\/td><td><strong>Daniel Galdino Sim\u00e3o<\/strong><br>Teoria de Distribui\u00e7\u00f5es: Solu\u00e7\u00f5es Fundamentais para Operadores<\/td><\/tr><tr><td>17h00 &#8211; 17h15<\/td><td><strong>Guilherme Cardoso Agostinetti<\/strong><br>Modelagem Matem\u00e1tica do V\u00edrus hRSV com din\u00e2mica de Presa-Predador<\/td><\/tr><tr><td>17h20 &#8211; 17h35<\/td><td><strong>Ana Beatriz Vasconcelos Pereira<\/strong><br>A nonstandard dissipative effect for the Timoshenko System<\/td><\/tr><\/tbody><\/table><\/figure>\n\n\n\n<ul class=\"wp-block-list\">\n<li><strong>Observa\u00e7\u00e3o:<\/strong>\u00a015 minutos para a apresenta\u00e7\u00e3o e 5 minutos para perguntas.<\/li>\n<\/ul>\n\n\n\n<h4 class=\"wp-block-heading has-text-align-center\"><strong>Apoio<\/strong><\/h4>\n\n\n\n<div class=\"wp-block-columns is-layout-flex wp-container-core-columns-is-layout-9d6595d7 wp-block-columns-is-layout-flex\">\n<div class=\"wp-block-column is-layout-flow wp-block-column-is-layout-flow\" style=\"flex-basis:100%\">\n<div class=\"wp-block-columns is-layout-flex wp-container-core-columns-is-layout-9d6595d7 wp-block-columns-is-layout-flex\">\n<div class=\"wp-block-column is-layout-flow wp-block-column-is-layout-flow\" style=\"flex-basis:100%\"><div class=\"wp-block-image\">\n<figure class=\"aligncenter size-full\"><img loading=\"lazy\" decoding=\"async\" width=\"146\" height=\"124\" src=\"https:\/\/pos.uel.br\/pgmac\/wp-content\/uploads\/2024\/06\/logoCAPES-1.jpg\" alt=\"\" class=\"wp-image-274\" \/><\/figure>\n<\/div><\/div>\n<\/div>\n<\/div>\n<\/div>\n\n\n\n<div class=\"wp-block-group\"><div class=\"wp-block-group__inner-container is-layout-constrained wp-block-group-is-layout-constrained\">\n<div class=\"wp-block-columns is-layout-flex wp-container-core-columns-is-layout-9d6595d7 wp-block-columns-is-layout-flex\">\n<div class=\"wp-block-column is-layout-flow wp-block-column-is-layout-flow\" style=\"flex-basis:100%\">\n<div class=\"wp-block-group\"><div class=\"wp-block-group__inner-container is-layout-constrained wp-block-group-is-layout-constrained\"><div class=\"wp-block-image is-style-default\">\n<figure class=\"aligncenter size-full\"><img loading=\"lazy\" decoding=\"async\" width=\"300\" height=\"119\" src=\"https:\/\/pos.uel.br\/pgmac\/wp-content\/uploads\/2024\/06\/LogoFundAraucaria.jpg\" alt=\"\" class=\"wp-image-275\" \/><\/figure>\n<\/div><\/div><\/div>\n<\/div>\n<\/div>\n\n\n<div class=\"wp-block-image\">\n<figure class=\"aligncenter\"><img loading=\"lazy\" decoding=\"async\" width=\"211\" height=\"86\" src=\"https:\/\/pos.uel.br\/pgmac\/wp-content\/uploads\/2024\/06\/logoCNPq.jpg\" alt=\"\" class=\"wp-image-273\" \/><\/figure>\n<\/div><\/div><\/div>\n","protected":false},"excerpt":{"rendered":"<p>O Painel Alunos tem o intuito de promover um interc\u00e2mbio de ideias entre alunos da gradua\u00e7\u00e3o e p\u00f3s-gradua\u00e7\u00e3o, visando ainda a divulga\u00e7\u00e3o de pesquisas parciais ou completas das atividades cient\u00edficas desenvolvidas por alunos da gradua\u00e7\u00e3o, mestrado e de doutorado. Poder\u00e3o participar dessa atividade toda comunidade cient\u00edfica interna e externa \u00e0 institui\u00e7\u00e3o que se registrar no [&hellip;]<\/p>\n","protected":false},"author":6,"featured_media":0,"parent":0,"menu_order":0,"comment_status":"closed","ping_status":"closed","template":"","meta":{"_acf_changed":false,"footnotes":""},"class_list":["post-271","page","type-page","status-publish","hentry"],"acf":[],"_links":{"self":[{"href":"https:\/\/pos.uel.br\/pgmac\/wp-json\/wp\/v2\/pages\/271","targetHints":{"allow":["GET"]}}],"collection":[{"href":"https:\/\/pos.uel.br\/pgmac\/wp-json\/wp\/v2\/pages"}],"about":[{"href":"https:\/\/pos.uel.br\/pgmac\/wp-json\/wp\/v2\/types\/page"}],"author":[{"embeddable":true,"href":"https:\/\/pos.uel.br\/pgmac\/wp-json\/wp\/v2\/users\/6"}],"replies":[{"embeddable":true,"href":"https:\/\/pos.uel.br\/pgmac\/wp-json\/wp\/v2\/comments?post=271"}],"version-history":[{"count":1,"href":"https:\/\/pos.uel.br\/pgmac\/wp-json\/wp\/v2\/pages\/271\/revisions"}],"predecessor-version":[{"id":277,"href":"https:\/\/pos.uel.br\/pgmac\/wp-json\/wp\/v2\/pages\/271\/revisions\/277"}],"wp:attachment":[{"href":"https:\/\/pos.uel.br\/pgmac\/wp-json\/wp\/v2\/media?parent=271"}],"curies":[{"name":"wp","href":"https:\/\/api.w.org\/{rel}","templated":true}]}}