{"id":267,"date":"2024-06-16T21:14:17","date_gmt":"2024-06-17T00:14:17","guid":{"rendered":"https:\/\/pos.uel.br\/pgmac\/?page_id=267"},"modified":"2024-08-06T19:42:13","modified_gmt":"2024-08-06T22:42:13","slug":"programa-de-verao","status":"publish","type":"page","link":"https:\/\/pos.uel.br\/pgmac\/programa-de-verao\/","title":{"rendered":"Programa de ver\u00e3o"},"content":{"rendered":"\n<h3 class=\"wp-block-heading\">Programa de Ver\u00e3o 2024<\/h3>\n\n\n\n<p>O&nbsp;<strong>XIV PROGRAMA DE VER\u00c3O<\/strong>, promovido pelo&nbsp;<a href=\"http:\/\/www.uel.br\/pos\/pgmac\/\" target=\"_blank\" rel=\"noreferrer noopener\">Programa de P\u00f3s-gradua\u00e7\u00e3o em Matem\u00e1tica Aplicada e Computacional<\/a>&nbsp;(PGMAC) do&nbsp;<a href=\"http:\/\/www.mat.uel.br\/\" target=\"_blank\" rel=\"noreferrer noopener\">Departamento de Matem\u00e1tica<\/a>&nbsp;da Universidade Estadual de Londrina (DMAT-UEL), visa oferecer atividades de pesquisa b\u00e1sica e avan\u00e7ada e de difus\u00e3o do conhecimento cient\u00edfico para os estudantes de p\u00f3s-gradua\u00e7\u00e3o, estudantes de gradua\u00e7\u00e3o (em Matem\u00e1tica ou Estat\u00edstica ou \u00e1reas afins) e pesquisadores.<\/p>\n\n\n\n<p>O XIV Programa de Ver\u00e3o do PGMAC ocorrer\u00e1 de fevereiro a mar\u00e7o de 2024 e as atividades programadas s\u00e3o:<\/p>\n\n\n\n<ul class=\"wp-block-list\">\n<li>Minicursos avan\u00e7ados.<\/li>\n\n\n\n<li>Palestras.<\/li>\n\n\n\n<li>Painel alunos, que constitui de apresenta\u00e7\u00f5es de alunos de p\u00f3s-gradua\u00e7\u00e3o (Mestrado e Doutorado) e alunos com trabalhos cient\u00edficos na gradua\u00e7\u00e3o (IC e TCC).<\/li>\n<\/ul>\n\n\n\n<p><strong>IMPORTANTE:<\/strong><\/p>\n\n\n\n<ul class=\"wp-block-list\">\n<li>As atividades do ver\u00e3o ser\u00e3o abertas ao p\u00fablico e todos est\u00e3o convidados a participar.<\/li>\n\n\n\n<li>N\u00e3o haver\u00e1 inscri\u00e7\u00f5es para participar das palestras.<\/li>\n\n\n\n<li>Detalhes de como participar do Painel Alunos acesse o link:<a href=\"https:\/\/pos.uel.br\/pgmac\/painel-alunos-2024\/\" data-type=\"page\" data-id=\"271\"> Painel Alunos<\/a><\/li>\n<\/ul>\n\n\n\n<p><strong>Comiss\u00e3o Organizadora<\/strong><\/p>\n\n\n\n<p>Profa. Dra. Aline A. S. Le\u00e3o&nbsp;(coordenadora)<br>Prof. Dr. Gylles Ricardo Str\u00f6her<br>Profa. Dra. Juliana de Oliveira<\/p>\n\n\n\n<div class=\"wp-block-buttons is-layout-flex wp-block-buttons-is-layout-flex\">\n<div class=\"wp-block-button is-style-outline is-style-outline--1\"><a class=\"wp-block-button__link has-secondary-accent-background-color has-background wp-element-button\" href=\"https:\/\/pos.uel.br\/pgmac\/programa-de-verao-2023\/\" style=\"border-radius:15px\">Ver\u00e3o 2023<\/a><\/div>\n<\/div>\n","protected":false},"excerpt":{"rendered":"<p>Programa de Ver\u00e3o 2024 O&nbsp;XIV PROGRAMA DE VER\u00c3O, promovido pelo&nbsp;Programa de P\u00f3s-gradua\u00e7\u00e3o em Matem\u00e1tica Aplicada e Computacional&nbsp;(PGMAC) do&nbsp;Departamento de Matem\u00e1tica&nbsp;da Universidade Estadual de Londrina (DMAT-UEL), visa oferecer atividades de pesquisa b\u00e1sica e avan\u00e7ada e de difus\u00e3o do conhecimento cient\u00edfico para os estudantes de p\u00f3s-gradua\u00e7\u00e3o, estudantes de gradua\u00e7\u00e3o (em Matem\u00e1tica ou Estat\u00edstica ou \u00e1reas afins) e [&hellip;]<\/p>\n","protected":false},"author":6,"featured_media":0,"parent":0,"menu_order":0,"comment_status":"closed","ping_status":"closed","template":"","meta":{"_acf_changed":false,"footnotes":""},"class_list":["post-267","page","type-page","status-publish","hentry"],"acf":[],"_links":{"self":[{"href":"https:\/\/pos.uel.br\/pgmac\/wp-json\/wp\/v2\/pages\/267","targetHints":{"allow":["GET"]}}],"collection":[{"href":"https:\/\/pos.uel.br\/pgmac\/wp-json\/wp\/v2\/pages"}],"about":[{"href":"https:\/\/pos.uel.br\/pgmac\/wp-json\/wp\/v2\/types\/page"}],"author":[{"embeddable":true,"href":"https:\/\/pos.uel.br\/pgmac\/wp-json\/wp\/v2\/users\/6"}],"replies":[{"embeddable":true,"href":"https:\/\/pos.uel.br\/pgmac\/wp-json\/wp\/v2\/comments?post=267"}],"version-history":[{"count":4,"href":"https:\/\/pos.uel.br\/pgmac\/wp-json\/wp\/v2\/pages\/267\/revisions"}],"predecessor-version":[{"id":563,"href":"https:\/\/pos.uel.br\/pgmac\/wp-json\/wp\/v2\/pages\/267\/revisions\/563"}],"wp:attachment":[{"href":"https:\/\/pos.uel.br\/pgmac\/wp-json\/wp\/v2\/media?parent=267"}],"curies":[{"name":"wp","href":"https:\/\/api.w.org\/{rel}","templated":true}]}}