{"id":254,"date":"2024-06-16T20:47:28","date_gmt":"2024-06-16T23:47:28","guid":{"rendered":"https:\/\/pos.uel.br\/pgmac\/?page_id=254"},"modified":"2025-09-22T15:14:04","modified_gmt":"2025-09-22T18:14:04","slug":"horario-e-orientacao","status":"publish","type":"page","link":"https:\/\/pos.uel.br\/pgmac\/horario-e-orientacao\/","title":{"rendered":"Hor\u00e1rio e orienta\u00e7\u00e3o"},"content":{"rendered":"\n<h3 class=\"wp-block-heading\">Hor\u00e1rio de Aulas &#8211; 2\u00ba Semestre 2025<\/h3>\n\n\n\n<figure class=\"wp-block-table\"><table><tbody><tr><td class=\"has-text-align-center\" data-align=\"center\">Turno<\/td><td class=\"has-text-align-center\" data-align=\"center\">2\u00aa Feira<\/td><td class=\"has-text-align-center\" data-align=\"center\">3\u00aa Feira<\/td><td class=\"has-text-align-center\" data-align=\"center\">4\u00aa Feira<\/td><td class=\"has-text-align-center\" data-align=\"center\">5\u00aa Feira<\/td><td class=\"has-text-align-center\" data-align=\"center\">6\u00aa Feira<\/td><\/tr><tr><td class=\"has-text-align-center\" data-align=\"center\">08:00-10:00<\/td><td class=\"has-text-align-center\" data-align=\"center\"><\/td><td class=\"has-text-align-center\" data-align=\"center\">2MAT 337 <br>An\u00e1lise Funcional Aplicada<br>Prof. Arthur H. Caixeta<\/td><td class=\"has-text-align-center\" data-align=\"center\">2MAT343<br> M\u00e9todos Computacionais para Equa\u00e7\u00f5es Diferenciais <br>Prof\u00aa. Juliana de Oliveira<br>&nbsp;<br>2MAT345 <br>Modelos de Regress\u00e3o <br>Prof. Tiago V. F. Santana<\/td><td class=\"has-text-align-center\" data-align=\"center\">2MAT349 <br>T\u00f3picos em Modelagem Estat\u00edstica<br>Prof\u00aa. Mariana R. Urbano<\/td><td class=\"has-text-align-center\" data-align=\"center\">2MAT 337 <br>An\u00e1lise Funcional Aplicada<br>Prof. Arthur H. Caixeta<\/td><\/tr><tr><td class=\"has-text-align-center\" data-align=\"center\">10:00-12:00<\/td><td class=\"has-text-align-center\" data-align=\"center\">2MAT292 <br>Semin\u00e1rios de Pesquisa <br>Prof\u00aa. Neyva M. L. Romeiro<\/td><td class=\"has-text-align-center\" data-align=\"center\"><\/td><td class=\"has-text-align-center\" data-align=\"center\">2MAT343<br> M\u00e9todos Computacionais para Equa\u00e7\u00f5es Diferenciais <br>Prof\u00aa. Juliana de Oliveira<br>&nbsp;<br>2MAT345 <br>Modelos de Regress\u00e3o <br>Prof. Tiago V. F. Santana<\/td><td class=\"has-text-align-center\" data-align=\"center\">2MAT349 <br>T\u00f3picos em Modelagem Estat\u00edstica<br>Prof\u00aa. Mariana R. Urbano<\/td><td class=\"has-text-align-center\" data-align=\"center\"><\/td><\/tr><tr><td class=\"has-text-align-center\" data-align=\"center\">14:00-16:00<\/td><td class=\"has-text-align-center\" data-align=\"center\"><\/td><td class=\"has-text-align-center\" data-align=\"center\">2MAT346 <br>Modelos Lineares Generalizados<br>Prof. Rodrigo R. Pescim<br>&nbsp;<br>2MAT342 <br>Medida e Integra\u00e7\u00e3o<br> Jos\u00e9 C. V. Alvites<\/td><td class=\"has-text-align-center\" data-align=\"center\">2MAT344 <br>Modelagem Matem\u00e1tica <br>Prof. Paulo L. Natti<\/td><td class=\"has-text-align-center\" data-align=\"center\">2MAT386 <br>T\u00f3picos em Otimiza\u00e7\u00e3o<br> Prof\u00aa. Aline A. S. Le\u00e3o<\/td><td class=\"has-text-align-center\" data-align=\"center\">2MAT355-Escrita Acad\u00eamica I<br>Docente Letras<\/td><\/tr><tr><td class=\"has-text-align-center\" data-align=\"center\">16:00-18:00<\/td><td class=\"has-text-align-center\" data-align=\"center\"><\/td><td class=\"has-text-align-center\" data-align=\"center\">2MAT346 <br>Modelos Lineares Generalizados<br>Prof. Rodrigo R. Pescim<br>&nbsp;<br>2MAT342 <br>Medida e Integra\u00e7\u00e3o<br> Jos\u00e9 C. V. Alvites<\/td><td class=\"has-text-align-center\" data-align=\"center\">2MAT344 <br>Modelagem Matem\u00e1tica <br>Prof. Paulo L. Natti<\/td><td class=\"has-text-align-center\" data-align=\"center\">2MAT386 <br>T\u00f3picos em Otimiza\u00e7\u00e3o<br> Prof\u00aa. Aline A. S. Le\u00e3o<\/td><td class=\"has-text-align-center\" data-align=\"center\">2MAT355-Escrita Acad\u00eamica I<br>Docente Letras<\/td><\/tr><\/tbody><\/table><\/figure>\n\n\n\n<h1 class=\"wp-block-heading\">Carga das orienta\u00e7\u00f5es alocadas aos docentes<\/h1>\n\n\n<div class=\"wp-block-image\">\n<figure class=\"aligncenter size-full is-resized\"><img loading=\"lazy\" decoding=\"async\" width=\"605\" height=\"340\" src=\"https:\/\/pos.uel.br\/pgmac\/wp-content\/uploads\/2024\/06\/orientacoes_print_27-03-2023.png\" alt=\"\" class=\"wp-image-255\" style=\"width:843px;height:auto\" srcset=\"https:\/\/pos.uel.br\/pgmac\/wp-content\/uploads\/2024\/06\/orientacoes_print_27-03-2023.png 605w, https:\/\/pos.uel.br\/pgmac\/wp-content\/uploads\/2024\/06\/orientacoes_print_27-03-2023-300x169.png 300w\" sizes=\"auto, (max-width: 605px) 100vw, 605px\" \/><\/figure>\n<\/div>","protected":false},"excerpt":{"rendered":"<p>Hor\u00e1rio de Aulas &#8211; 2\u00ba Semestre 2025 Turno 2\u00aa Feira 3\u00aa Feira 4\u00aa Feira 5\u00aa Feira 6\u00aa Feira 08:00-10:00 2MAT 337 An\u00e1lise Funcional AplicadaProf. Arthur H. Caixeta 2MAT343 M\u00e9todos Computacionais para Equa\u00e7\u00f5es Diferenciais Prof\u00aa. Juliana de Oliveira&nbsp;2MAT345 Modelos de Regress\u00e3o Prof. Tiago V. F. Santana 2MAT349 T\u00f3picos em Modelagem Estat\u00edsticaProf\u00aa. Mariana R. Urbano 2MAT 337 [&hellip;]<\/p>\n","protected":false},"author":6,"featured_media":0,"parent":0,"menu_order":0,"comment_status":"closed","ping_status":"closed","template":"","meta":{"_acf_changed":false,"footnotes":""},"class_list":["post-254","page","type-page","status-publish","hentry"],"acf":[],"_links":{"self":[{"href":"https:\/\/pos.uel.br\/pgmac\/wp-json\/wp\/v2\/pages\/254","targetHints":{"allow":["GET"]}}],"collection":[{"href":"https:\/\/pos.uel.br\/pgmac\/wp-json\/wp\/v2\/pages"}],"about":[{"href":"https:\/\/pos.uel.br\/pgmac\/wp-json\/wp\/v2\/types\/page"}],"author":[{"embeddable":true,"href":"https:\/\/pos.uel.br\/pgmac\/wp-json\/wp\/v2\/users\/6"}],"replies":[{"embeddable":true,"href":"https:\/\/pos.uel.br\/pgmac\/wp-json\/wp\/v2\/comments?post=254"}],"version-history":[{"count":8,"href":"https:\/\/pos.uel.br\/pgmac\/wp-json\/wp\/v2\/pages\/254\/revisions"}],"predecessor-version":[{"id":1071,"href":"https:\/\/pos.uel.br\/pgmac\/wp-json\/wp\/v2\/pages\/254\/revisions\/1071"}],"wp:attachment":[{"href":"https:\/\/pos.uel.br\/pgmac\/wp-json\/wp\/v2\/media?parent=254"}],"curies":[{"name":"wp","href":"https:\/\/api.w.org\/{rel}","templated":true}]}}