{"id":223,"date":"2024-06-16T19:46:41","date_gmt":"2024-06-16T22:46:41","guid":{"rendered":"https:\/\/pos.uel.br\/pgmac\/?page_id=223"},"modified":"2024-06-16T20:06:54","modified_gmt":"2024-06-16T23:06:54","slug":"laboratorios","status":"publish","type":"page","link":"https:\/\/pos.uel.br\/pgmac\/laboratorios\/","title":{"rendered":"Laborat\u00f3rios"},"content":{"rendered":"\n<h3 class=\"wp-block-heading\"><a href=\"http:\/\/www.uel.br\/laboratorios\/labsan\" target=\"_BLANK\" rel=\"noreferrer noopener\">LabSAN &#8211; Laborat\u00f3rio de Simula\u00e7\u00e3o e An\u00e1lise Num\u00e9rica<\/a><\/h3>\n\n\n\n<p>Laborat\u00f3rio instalado na UEL \u00e9 utilizado para simula\u00e7\u00f5es, an\u00e1lise num\u00e9rica de escoamentos de fluidos e modelos ambientais vinculadas \u00e0 linha de pesquisa Modelagem Matem\u00e1tica Computacional.<\/p>\n\n\n\n<p>Subsidiado pelo edital n\u00ba 24\/2012 &#8211; Pr\u00f3-Equipamento Institucional da Capes.<\/p>\n\n\n\n<div class=\"wp-block-buttons alignwide is-content-justification-center is-layout-flex wp-container-core-buttons-is-layout-16018d1d wp-block-buttons-is-layout-flex\">\n<div class=\"wp-block-button has-custom-font-size has-medium-font-size\"><a class=\"wp-block-button__link has-secondary-accent-background-color has-background wp-element-button\" style=\"border-radius:10px\">LabSan &#8211; Laborat\u00f3rio de Simula\u00e7\u00e3o e An\u00e1lise Num\u00e9rica<\/a><\/div>\n<\/div>\n\n\n\n<p><\/p>\n\n\n\n<p><\/p>\n\n\n\n<h2 class=\"wp-block-heading\"><a href=\"https:\/\/www.assis.unesp.br\/#!\/departamentos\/ciencias-biologicas\/laboratorios\/laboratorio-de-matematica-computacional\/\" target=\"_BLANK\" rel=\"noreferrer noopener\">LabMaC &#8211; Laborat\u00f3rio de Matem\u00e1tica Computacional<\/a><\/h2>\n\n\n\n<p><br>Laborat\u00f3rio instalado na FCLA-UNESP \u00e9 voltado para as pesquisas e desenvolvimento de m\u00e9todos num\u00e9ricos nas \u00e1reas de problemas inversos, simula\u00e7\u00e3o num\u00e9rica, bioinform\u00e1tica e biomatem\u00e1tica, vinculadas \u00e0 linha de pesquisa Modelagem Matem\u00e1tica Computacional.<\/p>\n\n\n\n<div class=\"wp-block-buttons alignwide is-content-justification-center is-layout-flex wp-container-core-buttons-is-layout-16018d1d wp-block-buttons-is-layout-flex\">\n<div class=\"wp-block-button has-custom-font-size has-medium-font-size\"><a class=\"wp-block-button__link has-secondary-accent-background-color has-background wp-element-button\" style=\"border-radius:10px\">LabMaC &#8211; Laborat\u00f3rio de Matem\u00e1tica Computacional<\/a><\/div>\n<\/div>\n\n\n\n<p><\/p>\n\n\n\n<p><\/p>\n\n\n\n<h2 class=\"wp-block-heading\"><a href=\"https:\/\/lookerstudio.google.com\/reporting\/69da01e4-4bf1-4571-bbff-d1e5f654aef3\" target=\"_BLANK\" rel=\"noreferrer noopener\">LabEst &#8211; Laborat\u00f3rio de Estat\u00edstica<\/a><\/h2>\n\n\n\n<p><br>o Laborat\u00f3rio de Estat\u00edstica instalado no Departamento de Estat\u00edstica da UEL \u00e9 voltado para realizar a coleta e a an\u00e1lise de dados das mais diversas \u00e1reas, abrigando projetos de Pesquisa e Extens\u00e3o.<br><br><\/p>\n\n\n\n<div class=\"wp-block-buttons alignwide is-content-justification-center is-layout-flex wp-container-core-buttons-is-layout-16018d1d wp-block-buttons-is-layout-flex\">\n<div class=\"wp-block-button has-custom-font-size has-medium-font-size\"><a class=\"wp-block-button__link has-secondary-accent-background-color has-background wp-element-button\" style=\"border-radius:10px\">LabEst &#8211; Laborat\u00f3rio de Estat\u00edstica<\/a><\/div>\n<\/div>\n","protected":false},"excerpt":{"rendered":"<p>LabSAN &#8211; Laborat\u00f3rio de Simula\u00e7\u00e3o e An\u00e1lise Num\u00e9rica Laborat\u00f3rio instalado na UEL \u00e9 utilizado para simula\u00e7\u00f5es, an\u00e1lise num\u00e9rica de escoamentos de fluidos e modelos ambientais vinculadas \u00e0 linha de pesquisa Modelagem Matem\u00e1tica Computacional. Subsidiado pelo edital n\u00ba 24\/2012 &#8211; Pr\u00f3-Equipamento Institucional da Capes. LabMaC &#8211; Laborat\u00f3rio de Matem\u00e1tica Computacional Laborat\u00f3rio instalado na FCLA-UNESP \u00e9 voltado [&hellip;]<\/p>\n","protected":false},"author":6,"featured_media":0,"parent":0,"menu_order":0,"comment_status":"closed","ping_status":"closed","template":"","meta":{"_acf_changed":false,"footnotes":""},"class_list":["post-223","page","type-page","status-publish","hentry"],"acf":[],"_links":{"self":[{"href":"https:\/\/pos.uel.br\/pgmac\/wp-json\/wp\/v2\/pages\/223","targetHints":{"allow":["GET"]}}],"collection":[{"href":"https:\/\/pos.uel.br\/pgmac\/wp-json\/wp\/v2\/pages"}],"about":[{"href":"https:\/\/pos.uel.br\/pgmac\/wp-json\/wp\/v2\/types\/page"}],"author":[{"embeddable":true,"href":"https:\/\/pos.uel.br\/pgmac\/wp-json\/wp\/v2\/users\/6"}],"replies":[{"embeddable":true,"href":"https:\/\/pos.uel.br\/pgmac\/wp-json\/wp\/v2\/comments?post=223"}],"version-history":[{"count":5,"href":"https:\/\/pos.uel.br\/pgmac\/wp-json\/wp\/v2\/pages\/223\/revisions"}],"predecessor-version":[{"id":251,"href":"https:\/\/pos.uel.br\/pgmac\/wp-json\/wp\/v2\/pages\/223\/revisions\/251"}],"wp:attachment":[{"href":"https:\/\/pos.uel.br\/pgmac\/wp-json\/wp\/v2\/media?parent=223"}],"curies":[{"name":"wp","href":"https:\/\/api.w.org\/{rel}","templated":true}]}}