{"id":184,"date":"2024-06-16T18:34:45","date_gmt":"2024-06-16T21:34:45","guid":{"rendered":"https:\/\/pos.uel.br\/pgmac\/?page_id=184"},"modified":"2024-06-16T18:34:46","modified_gmt":"2024-06-16T21:34:46","slug":"lineas-de-busqueda","status":"publish","type":"page","link":"https:\/\/pos.uel.br\/pgmac\/es\/lineas-de-busqueda\/","title":{"rendered":"L\u00edneas de b\u00fasqueda"},"content":{"rendered":"\n<h3 class=\"wp-block-heading\">Modelado Matem\u00e1tico Computacional<\/h3>\n\n\n\n<p>Centr\u00e1ndose en problemas aplicados en \u00e1reas como: Computaci\u00f3n, Ingenier\u00eda, Ciencias M\u00e9dicas y Biol\u00f3gicas, entre otras, la l\u00ednea de investigaci\u00f3n en Modelamiento Matem\u00e1tico Computacional del PGMAC tiene como objetivo deducir las ecuaciones y\/o procesos gobernantes de estos problemas a trav\u00e9s del modelamiento matem\u00e1tico y resolverlos. a trav\u00e9s de metodolog\u00edas y t\u00e9cnicas num\u00e9ricas y computacionales.<\/p>\n\n\n\n<h3 class=\"wp-block-heading\">Modelado Estad\u00edstico<\/h3>\n\n\n\n<p>La l\u00ednea de investigaci\u00f3n en Modelaci\u00f3n Estad\u00edstica del PGMAC tiene como objetivo formar investigadores, docentes y profesionales con s\u00f3lida formaci\u00f3n en el \u00e1rea de la Estad\u00edstica Aplicada y Computacional, con el fin de capacitarlos para resolver problemas reales que involucran la modelizaci\u00f3n, el proceso de estimaci\u00f3n y an\u00e1lisis. de datos procedentes de fen\u00f3menos aleatorios, adapt\u00e1ndolos a aplicaciones en las m\u00e1s diversas \u00e1reas del conocimiento como ciencias m\u00e9dicas y biol\u00f3gicas, agronom\u00eda, econom\u00eda\/finanzas, ingenier\u00eda, etc.<\/p>\n\n\n\n<h3 class=\"wp-block-heading\">Ecuaciones Diferenciales Parciales<\/h3>\n\n\n\n<p>La l\u00ednea de investigaci\u00f3n del PGMAC en Ecuaciones Diferenciales Parciales (PDE) tiene como objetivo principal el estudio de aspectos cualitativos y cuantitativos que involucran modelos matem\u00e1ticos descritos por EDPs. En este sentido, el enfoque es proporcionar una interacci\u00f3n entre teor\u00edas de An\u00e1lisis Matem\u00e1tico, problemas te\u00f3ricos y problemas aplicados que involucran PED. Entre los temas de inter\u00e9s destacamos la estabilizaci\u00f3n y control, la teor\u00eda de operadores, las potencias fraccionarias y los aspectos geom\u00e9tricos y topol\u00f3gicos en problemas matem\u00e1ticos.<\/p>\n\n\n\n<p><\/p>\n\n\n\n<div class=\"wp-block-buttons alignwide is-content-justification-center is-layout-flex wp-container-core-buttons-is-layout-16018d1d wp-block-buttons-is-layout-flex\">\n<div class=\"wp-block-button\"><a class=\"wp-block-button__link wp-element-button\" href=\"https:\/\/pos.uel.br\/pgmac\/corpo-docente\/\">Docentes <\/a><\/div>\n<\/div>\n","protected":false},"excerpt":{"rendered":"<p>Modelado Matem\u00e1tico Computacional Centr\u00e1ndose en problemas aplicados en \u00e1reas como: Computaci\u00f3n, Ingenier\u00eda, Ciencias M\u00e9dicas y Biol\u00f3gicas, entre otras, la l\u00ednea de investigaci\u00f3n en Modelamiento Matem\u00e1tico Computacional del PGMAC tiene como objetivo deducir las ecuaciones y\/o procesos gobernantes de estos problemas a trav\u00e9s del modelamiento matem\u00e1tico y resolverlos. a trav\u00e9s de metodolog\u00edas y t\u00e9cnicas num\u00e9ricas y [&hellip;]<\/p>\n","protected":false},"author":6,"featured_media":0,"parent":0,"menu_order":0,"comment_status":"closed","ping_status":"closed","template":"","meta":{"_acf_changed":false,"footnotes":""},"class_list":["post-184","page","type-page","status-publish","hentry"],"acf":[],"_links":{"self":[{"href":"https:\/\/pos.uel.br\/pgmac\/wp-json\/wp\/v2\/pages\/184","targetHints":{"allow":["GET"]}}],"collection":[{"href":"https:\/\/pos.uel.br\/pgmac\/wp-json\/wp\/v2\/pages"}],"about":[{"href":"https:\/\/pos.uel.br\/pgmac\/wp-json\/wp\/v2\/types\/page"}],"author":[{"embeddable":true,"href":"https:\/\/pos.uel.br\/pgmac\/wp-json\/wp\/v2\/users\/6"}],"replies":[{"embeddable":true,"href":"https:\/\/pos.uel.br\/pgmac\/wp-json\/wp\/v2\/comments?post=184"}],"version-history":[{"count":1,"href":"https:\/\/pos.uel.br\/pgmac\/wp-json\/wp\/v2\/pages\/184\/revisions"}],"predecessor-version":[{"id":186,"href":"https:\/\/pos.uel.br\/pgmac\/wp-json\/wp\/v2\/pages\/184\/revisions\/186"}],"wp:attachment":[{"href":"https:\/\/pos.uel.br\/pgmac\/wp-json\/wp\/v2\/media?parent=184"}],"curies":[{"name":"wp","href":"https:\/\/api.w.org\/{rel}","templated":true}]}}