{"id":181,"date":"2024-06-16T18:29:29","date_gmt":"2024-06-16T21:29:29","guid":{"rendered":"https:\/\/pos.uel.br\/pgmac\/?page_id=181"},"modified":"2024-07-21T10:42:56","modified_gmt":"2024-07-21T13:42:56","slug":"coordinacion-y-contacto","status":"publish","type":"page","link":"https:\/\/pos.uel.br\/pgmac\/es\/coordinacion-y-contacto\/","title":{"rendered":"Coordinaci\u00f3n y contacto"},"content":{"rendered":"\n<h3 class=\"wp-block-heading\"><strong>Coordinador:<\/strong><\/h3>\n\n\n\n<p>Profe. Dr. Paulo Laerte Natti<\/p>\n\n\n\n<p>E-mail:&nbsp;<a href=\"mailto:plnatti@uel.br\">plnatti@uel.br<\/a><\/p>\n\n\n\n<p>Tel\u00e9fono: (43) 3371-4256<\/p>\n\n\n\n<p><\/p>\n\n\n\n<h3 class=\"wp-block-heading\"><strong>Vicecoordinador:<\/strong><\/h3>\n\n\n\n<p>Profe. Dr. Rodrigo Rossetto Pescim<\/p>\n\n\n\n<p>E-mail:&nbsp;<a href=\"mailto:rrpescim@uel.br\">rrpescim@uel.br<\/a><\/p>\n\n\n\n<p>Tel\u00e9fono: (43) 3371-4932<\/p>\n\n\n\n<p><\/p>\n\n\n\n<h3 class=\"wp-block-heading\"><strong>Tercer Representante:<\/strong><\/h3>\n\n\n\n<p>Profe. Dr. Rodrigo Nunes Monteiro<\/p>\n\n\n\n<p>E-mail:&nbsp;<a href=\"mailto:monteirorn@uel.br.br\">monteirorn@uel.br.br<\/a><\/p>\n\n\n\n<p>Tel\u00e9fono: (43) 3371-4226<\/p>\n\n\n\n<p><\/p>\n\n\n\n<h3 class=\"wp-block-heading\"><strong>Representante de los estudiantes:<\/strong><\/h3>\n\n\n\n<p>Estudiante de maestr\u00eda Guilherme Cardoso Agostinetti<\/p>\n\n\n\n<p>E-mail:&nbsp;<a href=\"mailto:guilherme.agostinetti@uel.br\">guilherme.agostinetti@uel.br<\/a><\/p>\n\n\n\n<p><\/p>\n\n\n\n<h3 class=\"wp-block-heading\"><strong>Secretar\u00eda de Posgrado del Centro de Ciencias Exactas<\/strong><\/h3>\n\n\n\n<p>Secret\u00e1ria: Maria L\u00facia C. Lemes<\/p>\n\n\n\n<p>Secret\u00e1ria: Regina Braga<\/p>\n\n\n\n<p>E-mail:&nbsp;<a href=\"mailto:spgcce@uel.br\">spgcce@uel.br<\/a><\/p>\n\n\n\n<p>Tel\u00e9fono: (43) 3371-4711<\/p>\n\n\n\n<p><\/p>\n\n\n\n<h3 class=\"wp-block-heading\"><strong>Comit\u00e9 de Selecci\u00f3n de Estudiantes y Verano 2024:<\/strong><\/h3>\n\n\n\n<p>Profa. Dra. Aline Aparecida de Souza Le\u00e3o<\/p>\n\n\n\n<p>Profe. Dr. Gylles Ricardo Str\u00f6her<\/p>\n\n\n\n<p>Profa. Dra. Juliana de Oliveira<\/p>\n\n\n\n<p><\/p>\n\n\n\n<h3 class=\"wp-block-heading\"><strong>Comit\u00e9 de Becas<\/strong>:<\/h3>\n\n\n\n<p>Profe. Dr. Paulo Laerte Natti<\/p>\n\n\n\n<p>Profe. Dr. Rodrigo Rossetto Pescim<\/p>\n\n\n\n<p>Profe. Dr. Rodrigo Nunes Monteiro<\/p>\n\n\n\n<p>Estudiante de maestr\u00eda Guilherme Cardoso Agostinetti (Representante de los estudiantes)<\/p>\n\n\n\n<p><\/p>\n\n\n\n<h3 class=\"wp-block-heading\"><strong>Comit\u00e9 de Desarrollo de TI:<\/strong><\/h3>\n\n\n\n<p>Estudiante de maestr\u00eda Guilherme Cardoso Agostinetti<\/p>\n\n\n\n<p>Estudiante de maestr\u00eda Vin\u00edcius Naoki Sato<\/p>\n","protected":false},"excerpt":{"rendered":"<p>Coordinador: Profe. Dr. Paulo Laerte Natti E-mail:&nbsp;plnatti@uel.br Tel\u00e9fono: (43) 3371-4256 Vicecoordinador: Profe. Dr. Rodrigo Rossetto Pescim E-mail:&nbsp;rrpescim@uel.br Tel\u00e9fono: (43) 3371-4932 Tercer Representante: Profe. Dr. Rodrigo Nunes Monteiro E-mail:&nbsp;monteirorn@uel.br.br Tel\u00e9fono: (43) 3371-4226 Representante de los estudiantes: Estudiante de maestr\u00eda Guilherme Cardoso Agostinetti E-mail:&nbsp;guilherme.agostinetti@uel.br Secretar\u00eda de Posgrado del Centro de Ciencias Exactas Secret\u00e1ria: Maria L\u00facia C. Lemes [&hellip;]<\/p>\n","protected":false},"author":6,"featured_media":0,"parent":0,"menu_order":0,"comment_status":"closed","ping_status":"closed","template":"","meta":{"_acf_changed":false,"footnotes":""},"class_list":["post-181","page","type-page","status-publish","hentry"],"acf":[],"_links":{"self":[{"href":"https:\/\/pos.uel.br\/pgmac\/wp-json\/wp\/v2\/pages\/181","targetHints":{"allow":["GET"]}}],"collection":[{"href":"https:\/\/pos.uel.br\/pgmac\/wp-json\/wp\/v2\/pages"}],"about":[{"href":"https:\/\/pos.uel.br\/pgmac\/wp-json\/wp\/v2\/types\/page"}],"author":[{"embeddable":true,"href":"https:\/\/pos.uel.br\/pgmac\/wp-json\/wp\/v2\/users\/6"}],"replies":[{"embeddable":true,"href":"https:\/\/pos.uel.br\/pgmac\/wp-json\/wp\/v2\/comments?post=181"}],"version-history":[{"count":2,"href":"https:\/\/pos.uel.br\/pgmac\/wp-json\/wp\/v2\/pages\/181\/revisions"}],"predecessor-version":[{"id":495,"href":"https:\/\/pos.uel.br\/pgmac\/wp-json\/wp\/v2\/pages\/181\/revisions\/495"}],"wp:attachment":[{"href":"https:\/\/pos.uel.br\/pgmac\/wp-json\/wp\/v2\/media?parent=181"}],"curies":[{"name":"wp","href":"https:\/\/api.w.org\/{rel}","templated":true}]}}