{"id":137,"date":"2024-06-16T12:37:44","date_gmt":"2024-06-16T15:37:44","guid":{"rendered":"https:\/\/pos.uel.br\/pgmac\/?page_id=137"},"modified":"2025-09-22T15:03:52","modified_gmt":"2025-09-22T18:03:52","slug":"coordenacao-e-contato","status":"publish","type":"page","link":"https:\/\/pos.uel.br\/pgmac\/coordenacao-e-contato\/","title":{"rendered":"Coordena\u00e7\u00e3o e contato"},"content":{"rendered":"\n<p><\/p>\n\n\n\n<h3 class=\"wp-block-heading\"><strong>Coordenador:<\/strong><\/h3>\n\n\n\n<p>Prof. Dr. Paulo Laerte Natti<\/p>\n\n\n\n<p>E-mail:&nbsp;<a href=\"mailto:plnatti@uel.br\">plnatti@uel.br<\/a><\/p>\n\n\n\n<p><\/p>\n\n\n\n<h3 class=\"wp-block-heading\"><strong>Vice-Coordenador:<\/strong><\/h3>\n\n\n\n<p>Prof\u00aa. Dr\u00aa. Mariana Ragassi Urbano<\/p>\n\n\n\n<p>E-mail:&nbsp;<a href=\"mailto:rrpescim@uel.br\"><\/a><a href=\"mailto:murbano@uel.br\" target=\"_blank\" rel=\"noreferrer noopener\">murbano@uel.br<\/a><\/p>\n\n\n\n<p><\/p>\n\n\n\n<h3 class=\"wp-block-heading\"><strong>Terceiro Representante:<\/strong><\/h3>\n\n\n\n<p>Prof. Dr. Rodrigo Nunes Monteiro<\/p>\n\n\n\n<p>E-mail:&nbsp;<a href=\"mailto:monteirorn@uel.br.br\">monteirorn@uel.br.br<\/a><\/p>\n\n\n\n<p><\/p>\n\n\n\n<h3 class=\"wp-block-heading\"><strong>Representante Discente:<\/strong><\/h3>\n\n\n\n<p>Mestranda Josiane Alves Coutinho<\/p>\n\n\n\n<p>E-mail:\u00a0josiane.alves.coutinho@uel.br<\/p>\n\n\n\n<p><\/p>\n\n\n\n<h3 class=\"wp-block-heading\"><strong>Secretaria de P\u00f3s-Gradua\u00e7\u00e3o do Centro de Ci\u00eancias Exatas<\/strong><\/h3>\n\n\n\n<p>Secret\u00e1ria: Maria L\u00facia C. Lemes<\/p>\n\n\n\n<p>Secret\u00e1ria: Regina Braga<\/p>\n\n\n\n<p>E-mail:&nbsp;<a href=\"mailto:spgcce@uel.br\">spgcce@uel.br<\/a><\/p>\n\n\n\n<p>Telefone: (43) 3371-4711<\/p>\n\n\n\n<p><\/p>\n\n\n\n<h3 class=\"wp-block-heading\"><strong>Comiss\u00e3o de Sele\u00e7\u00e3o de Alunos e Ver\u00e3o 2024:<\/strong><\/h3>\n\n\n\n<p>Prof\u00aa. Dra. Mariana Ragassi Urbano<\/p>\n\n\n\n<p>Prof. Dr. Gylles Ricardo Str\u00f6her<\/p>\n\n\n\n<p>Prof. Dr. Marcio Antonio Jorge da Silva<\/p>\n\n\n\n<h3 class=\"wp-block-heading\"><strong>Comiss\u00e3o de Bolsa:<\/strong><\/h3>\n\n\n\n<p>Prof. Dr. Paulo Laerte Natti<\/p>\n\n\n\n<p>Prof\u00aa. Dr\u00aa Mariana Ragassi Urbano<\/p>\n\n\n\n<p>Prof. Dr. Rodrigo Nunes Monteiro<\/p>\n\n\n\n<p>Mestranda Josiane Alves Coutinho (representante discente)<\/p>\n\n\n\n<p><\/p>\n\n\n\n<h3 class=\"wp-block-heading\"><strong>Comiss\u00e3o de Desenvolvimento de TI:<\/strong><\/h3>\n\n\n\n<p>Mestranda Isabela Caroline de Paula<\/p>\n\n\n\n<p>Mestrando Pedro Diegues Domenici<\/p>\n","protected":false},"excerpt":{"rendered":"<p>Coordenador: Prof. Dr. Paulo Laerte Natti E-mail:&nbsp;plnatti@uel.br Vice-Coordenador: Prof\u00aa. Dr\u00aa. Mariana Ragassi Urbano E-mail:&nbsp;murbano@uel.br Terceiro Representante: Prof. Dr. Rodrigo Nunes Monteiro E-mail:&nbsp;monteirorn@uel.br.br Representante Discente: Mestranda Josiane Alves Coutinho E-mail:\u00a0josiane.alves.coutinho@uel.br Secretaria de P\u00f3s-Gradua\u00e7\u00e3o do Centro de Ci\u00eancias Exatas Secret\u00e1ria: Maria L\u00facia C. Lemes Secret\u00e1ria: Regina Braga E-mail:&nbsp;spgcce@uel.br Telefone: (43) 3371-4711 Comiss\u00e3o de Sele\u00e7\u00e3o de Alunos e [&hellip;]<\/p>\n","protected":false},"author":6,"featured_media":0,"parent":0,"menu_order":0,"comment_status":"closed","ping_status":"closed","template":"","meta":{"_acf_changed":false,"footnotes":""},"class_list":["post-137","page","type-page","status-publish","hentry"],"acf":[],"_links":{"self":[{"href":"https:\/\/pos.uel.br\/pgmac\/wp-json\/wp\/v2\/pages\/137","targetHints":{"allow":["GET"]}}],"collection":[{"href":"https:\/\/pos.uel.br\/pgmac\/wp-json\/wp\/v2\/pages"}],"about":[{"href":"https:\/\/pos.uel.br\/pgmac\/wp-json\/wp\/v2\/types\/page"}],"author":[{"embeddable":true,"href":"https:\/\/pos.uel.br\/pgmac\/wp-json\/wp\/v2\/users\/6"}],"replies":[{"embeddable":true,"href":"https:\/\/pos.uel.br\/pgmac\/wp-json\/wp\/v2\/comments?post=137"}],"version-history":[{"count":8,"href":"https:\/\/pos.uel.br\/pgmac\/wp-json\/wp\/v2\/pages\/137\/revisions"}],"predecessor-version":[{"id":1069,"href":"https:\/\/pos.uel.br\/pgmac\/wp-json\/wp\/v2\/pages\/137\/revisions\/1069"}],"wp:attachment":[{"href":"https:\/\/pos.uel.br\/pgmac\/wp-json\/wp\/v2\/media?parent=137"}],"curies":[{"name":"wp","href":"https:\/\/api.w.org\/{rel}","templated":true}]}}