{"id":132,"date":"2024-06-16T12:30:41","date_gmt":"2024-06-16T15:30:41","guid":{"rendered":"https:\/\/pos.uel.br\/pgmac\/?page_id=132"},"modified":"2024-07-21T10:43:14","modified_gmt":"2024-07-21T13:43:14","slug":"curricular-structure","status":"publish","type":"page","link":"https:\/\/pos.uel.br\/pgmac\/en\/curricular-structure\/","title":{"rendered":"Curricular structure and standards"},"content":{"rendered":"\n<h2 class=\"wp-block-heading\">Curricular Structure<\/h2>\n\n\n\n<div class=\"wp-block-group alignwide is-vertical is-layout-flex wp-container-core-group-is-layout-8cf370e7 wp-block-group-is-layout-flex\">\n<div class=\"wp-block-group alignwide is-vertical is-layout-flex wp-container-core-group-is-layout-8cf370e7 wp-block-group-is-layout-flex\">\n<div class=\"wp-block-group alignwide is-vertical is-content-justification-left is-layout-flex wp-container-core-group-is-layout-e7b6d761 wp-block-group-is-layout-flex\">\n<div class=\"wp-block-file\"><a id=\"wp-block-file--media-677a8eb0-9e66-403e-b148-e549e40635d1\" href=\"https:\/\/pos.uel.br\/pgmac\/wp-content\/uploads\/2024\/06\/Deliberacao_12_2022.pdf\">NOVO PARA 2023: Delibera\u00e7\u00e3o da C\u00e2mara de P\u00f3s-Gradua\u00e7\u00e3o N\u00ba 012\/2022<\/a><a href=\"https:\/\/pos.uel.br\/pgmac\/wp-content\/uploads\/2024\/06\/Deliberacao_12_2022.pdf\" class=\"wp-block-file__button wp-element-button\" download aria-describedby=\"wp-block-file--media-677a8eb0-9e66-403e-b148-e549e40635d1\">Baixar<\/a><\/div>\n\n\n\n<div class=\"wp-block-file\"><a id=\"wp-block-file--media-2537f7ac-05ce-4b8a-bd5a-2369fd65cdb5\" href=\"https:\/\/pos.uel.br\/pgmac\/wp-content\/uploads\/2024\/06\/Deliberacao_029_2019.pdf\">Delibera\u00e7\u00e3o da C\u00e2mara de P\u00f3s-Gradua\u00e7\u00e3o N\u00ba 029\/2019<\/a><a href=\"https:\/\/pos.uel.br\/pgmac\/wp-content\/uploads\/2024\/06\/Deliberacao_029_2019.pdf\" class=\"wp-block-file__button wp-element-button\" download aria-describedby=\"wp-block-file--media-2537f7ac-05ce-4b8a-bd5a-2369fd65cdb5\">Baixar<\/a><\/div>\n\n\n\n<div class=\"wp-block-file\"><a id=\"wp-block-file--media-d214880c-84a3-4eb7-9adf-e326d2bf79be\" href=\"https:\/\/pos.uel.br\/pgmac\/wp-content\/uploads\/2024\/06\/Deliberacao_05_2017.pdf\">Delibera\u00e7\u00e3o da C\u00e2mara de P\u00f3s-Gradua\u00e7\u00e3o N\u00ba 05\/2017<\/a><a href=\"https:\/\/pos.uel.br\/pgmac\/wp-content\/uploads\/2024\/06\/Deliberacao_05_2017.pdf\" class=\"wp-block-file__button wp-element-button\" download aria-describedby=\"wp-block-file--media-d214880c-84a3-4eb7-9adf-e326d2bf79be\">Baixar<\/a><\/div>\n<\/div>\n\n\n\n<div class=\"wp-block-file\"><a id=\"wp-block-file--media-7b5e15cd-61ed-4298-a03d-16535b944016\" href=\"https:\/\/pos.uel.br\/pgmac\/wp-content\/uploads\/2024\/06\/Deliberacao_03_2015-2.pdf\">Delibera\u00e7\u00e3o da C\u00e2mara de P\u00f3s-Gradua\u00e7\u00e3o N\u00ba 03\/2015<\/a><a href=\"https:\/\/pos.uel.br\/pgmac\/wp-content\/uploads\/2024\/06\/Deliberacao_03_2015-2.pdf\" class=\"wp-block-file__button wp-element-button\" download aria-describedby=\"wp-block-file--media-7b5e15cd-61ed-4298-a03d-16535b944016\">Baixar<\/a><\/div>\n<\/div>\n<\/div>\n\n\n\n<h2 class=\"wp-block-heading\">Standards<\/h2>\n\n\n\n<div class=\"wp-block-group is-vertical is-layout-flex wp-container-core-group-is-layout-8cf370e7 wp-block-group-is-layout-flex\">\n<div class=\"wp-block-file\"><a id=\"wp-block-file--media-ac4f04e6-1386-4e78-aa55-f20d0b49457a\" href=\"https:\/\/pos.uel.br\/pgmac\/wp-content\/uploads\/2024\/06\/Regimento_PGMAC_2022.pdf\">NOVO PARA 2022\/2: Regimento do PGMAC &#8211; Resolu\u00e7\u00e3o CEPE N\u00ba 042\/2022<\/a><a href=\"https:\/\/pos.uel.br\/pgmac\/wp-content\/uploads\/2024\/06\/Regimento_PGMAC_2022.pdf\" class=\"wp-block-file__button wp-element-button\" download aria-describedby=\"wp-block-file--media-ac4f04e6-1386-4e78-aa55-f20d0b49457a\">Baixar<\/a><\/div>\n\n\n\n<div class=\"wp-block-file\"><a id=\"wp-block-file--media-e68160e1-cdbb-4edc-8026-b52d69d6dcbe\" href=\"https:\/\/pos.uel.br\/pgmac\/wp-content\/uploads\/2024\/06\/Regimento_PGMAC_2019.pdf\">Regimento do PGMAC &#8211; Resolu\u00e7\u00e3o CEPE N\u00ba 059\/2019<\/a><a href=\"https:\/\/pos.uel.br\/pgmac\/wp-content\/uploads\/2024\/06\/Regimento_PGMAC_2019.pdf\" class=\"wp-block-file__button wp-element-button\" download aria-describedby=\"wp-block-file--media-e68160e1-cdbb-4edc-8026-b52d69d6dcbe\">Baixar<\/a><\/div>\n\n\n\n<div class=\"wp-block-file\"><a id=\"wp-block-file--media-2eb1f6a5-4e8e-4873-a079-14590e4699bd\" href=\"https:\/\/pos.uel.br\/pgmac\/wp-content\/uploads\/2024\/06\/Regimento_PGMAC_2015.pdf\">Regimento do PGMAC &#8211; Resolu\u00e7\u00e3o CEPE N\u00ba 037\/2015<\/a><a href=\"https:\/\/pos.uel.br\/pgmac\/wp-content\/uploads\/2024\/06\/Regimento_PGMAC_2015.pdf\" class=\"wp-block-file__button wp-element-button\" download aria-describedby=\"wp-block-file--media-2eb1f6a5-4e8e-4873-a079-14590e4699bd\">Baixar<\/a><\/div>\n\n\n\n<div class=\"wp-block-file\"><a id=\"wp-block-file--media-e099e912-1489-46a4-8825-390a6b2acf4a\" href=\"https:\/\/pos.uel.br\/pgmac\/wp-content\/uploads\/2024\/06\/Regimento-DMAT.pdf\">Regulamento dos programas de p\u00f3s-gradua\u00e7\u00e3o stricto sensu da UEL<\/a><a href=\"https:\/\/pos.uel.br\/pgmac\/wp-content\/uploads\/2024\/06\/Regimento-DMAT.pdf\" class=\"wp-block-file__button wp-element-button\" download aria-describedby=\"wp-block-file--media-e099e912-1489-46a4-8825-390a6b2acf4a\">Baixar<\/a><\/div>\n\n\n\n<p><a href=\"http:\/\/www.uel.br\/proppg\/portalnovo\/pages\/regulamentos.php\" target=\"_blank\" rel=\"noreferrer noopener\">Regulamento dos programas de p\u00f3s-gradua\u00e7\u00e3o stricto sensu da UEL<\/a><\/p>\n\n\n\n<p><a href=\"http:\/\/www.uel.br\/proplan\/novo\/pages\/arquivos\/pdf\/estatuto_compilado.pdf\" target=\"_blank\" rel=\"noreferrer noopener\">Estatuto da UEL<\/a><\/p>\n\n\n\n<p><a href=\"http:\/\/www.uel.br\/proplan\/novo\/pages\/arquivos\/pdf\/regimento_geral_compilado.pdf\" target=\"_blank\" rel=\"noreferrer noopener\">Regimento Geral da UEL<\/a><\/p>\n<\/div>\n","protected":false},"excerpt":{"rendered":"<p>Curricular Structure Standards Regulamento dos programas de p\u00f3s-gradua\u00e7\u00e3o stricto sensu da UEL Estatuto da UEL Regimento Geral da UEL<\/p>\n","protected":false},"author":6,"featured_media":0,"parent":0,"menu_order":0,"comment_status":"closed","ping_status":"closed","template":"","meta":{"_acf_changed":false,"footnotes":""},"class_list":["post-132","page","type-page","status-publish","hentry"],"acf":[],"_links":{"self":[{"href":"https:\/\/pos.uel.br\/pgmac\/wp-json\/wp\/v2\/pages\/132","targetHints":{"allow":["GET"]}}],"collection":[{"href":"https:\/\/pos.uel.br\/pgmac\/wp-json\/wp\/v2\/pages"}],"about":[{"href":"https:\/\/pos.uel.br\/pgmac\/wp-json\/wp\/v2\/types\/page"}],"author":[{"embeddable":true,"href":"https:\/\/pos.uel.br\/pgmac\/wp-json\/wp\/v2\/users\/6"}],"replies":[{"embeddable":true,"href":"https:\/\/pos.uel.br\/pgmac\/wp-json\/wp\/v2\/comments?post=132"}],"version-history":[{"count":3,"href":"https:\/\/pos.uel.br\/pgmac\/wp-json\/wp\/v2\/pages\/132\/revisions"}],"predecessor-version":[{"id":499,"href":"https:\/\/pos.uel.br\/pgmac\/wp-json\/wp\/v2\/pages\/132\/revisions\/499"}],"wp:attachment":[{"href":"https:\/\/pos.uel.br\/pgmac\/wp-json\/wp\/v2\/media?parent=132"}],"curies":[{"name":"wp","href":"https:\/\/api.w.org\/{rel}","templated":true}]}}