{"id":109,"date":"2024-06-16T11:57:06","date_gmt":"2024-06-16T14:57:06","guid":{"rendered":"https:\/\/pos.uel.br\/pgmac\/?page_id=109"},"modified":"2025-06-16T13:32:52","modified_gmt":"2025-06-16T16:32:52","slug":"linhas-de-pesquisa","status":"publish","type":"page","link":"https:\/\/pos.uel.br\/pgmac\/linhas-de-pesquisa\/","title":{"rendered":"Linhas de pesquisa"},"content":{"rendered":"\n<h3 class=\"wp-block-heading\">Modelagem Matem\u00e1tica Computacional &#8211; MMC<\/h3>\n\n\n\n<p>Com foco em problemas aplicados de \u00e1reas tais como: Computa\u00e7\u00e3o, Engenharias, Ci\u00eancias M\u00e9dicas e Biol\u00f3gicas, entre outras, a linha de pesquisa em Modelagem Matem\u00e1tica Computacional do PGMAC tem o objetivo de deduzir as equa\u00e7\u00f5es e ou processos governantes destes problemas  por meio da modelagem matem\u00e1tica e resolv\u00ea-los atrav\u00e9s de metodologias e t\u00e9cnicas num\u00e9ricas e computacionais.<\/p>\n\n\n\n<h3 class=\"wp-block-heading\">Modelagem Estat\u00edstica &#8211; ME<\/h3>\n\n\n\n<p>A linha de pesquisa em Modelagem Estat\u00edstica do PGMAC tem por objetivo formar pesquisadores, docentes e profissionais com uma s\u00f3lida forma\u00e7\u00e3o na \u00e1rea de Estat\u00edstica Aplicada e Computacional, a fim de capacit\u00e1-los para a resolu\u00e7\u00e3o de problemas reais que envolvem a modelagem, o processo de estima\u00e7\u00e3o e a an\u00e1lise de dados provenientes de fen\u00f4menos aleat\u00f3rios, adequando-os em aplica\u00e7\u00f5es nas mais diversas \u00e1reas do conhecimento tais como ci\u00eancias m\u00e9dicas e biol\u00f3gicas, agronomia, economia\/finan\u00e7as, engenharia, etc.<\/p>\n\n\n\n<h3 class=\"wp-block-heading\"><strong>Equa\u00e7\u00f5es Diferenciais e Sistemas Din\u00e2micos \u2013 EDSD<\/strong><\/h3>\n\n\n\n<p>A linha de pesquisa em Equa\u00e7\u00f5es Diferenciais e Sistemas Din\u00e2micos (EDSD) do PGMAC tem como foco principal o estudo de modelos matem\u00e1ticos baseados em equa\u00e7\u00f5es diferenciais \u2014 ordin\u00e1rias ou parciais \u2014 e dos sistemas din\u00e2micos lineares e n\u00e3o lineares a elas associados. A \u00eanfase est\u00e1 na investiga\u00e7\u00e3o da din\u00e2mica assint\u00f3tica de equa\u00e7\u00f5es diferenciais e operadores integrais, utilizando ferramentas da An\u00e1lise Matem\u00e1tica, Teoria de Operadores, Teoria\u00a0da\u00a0Medida, entre outras. Entre os temas desenvolvidos destacam-se a estabiliza\u00e7\u00e3o e o controle de sistemas, a an\u00e1lise espectral de operadores, pot\u00eancias fracion\u00e1rias, comportamento assint\u00f3tico de solu\u00e7\u00f5es, atratores e din\u00e2mica n\u00e3o linear, abrangendo desde sistemas originados em equa\u00e7\u00f5es diferenciais at\u00e9 sistemas din\u00e2micos fundamentados em diferentes contextos.<\/p>\n\n\n\n<p><\/p>\n\n\n\n<div class=\"wp-block-buttons alignwide is-content-justification-center is-layout-flex wp-container-core-buttons-is-layout-16018d1d wp-block-buttons-is-layout-flex\">\n<div class=\"wp-block-button\"><a class=\"wp-block-button__link wp-element-button\" href=\"https:\/\/pos.uel.br\/pgmac\/corpo-docente\/\">Docentes <\/a><\/div>\n<\/div>\n","protected":false},"excerpt":{"rendered":"<p>Modelagem Matem\u00e1tica Computacional &#8211; MMC Com foco em problemas aplicados de \u00e1reas tais como: Computa\u00e7\u00e3o, Engenharias, Ci\u00eancias M\u00e9dicas e Biol\u00f3gicas, entre outras, a linha de pesquisa em Modelagem Matem\u00e1tica Computacional do PGMAC tem o objetivo de deduzir as equa\u00e7\u00f5es e ou processos governantes destes problemas por meio da modelagem matem\u00e1tica e resolv\u00ea-los atrav\u00e9s de metodologias [&hellip;]<\/p>\n","protected":false},"author":6,"featured_media":0,"parent":0,"menu_order":0,"comment_status":"closed","ping_status":"closed","template":"","meta":{"_acf_changed":false,"footnotes":""},"class_list":["post-109","page","type-page","status-publish","hentry"],"acf":[],"_links":{"self":[{"href":"https:\/\/pos.uel.br\/pgmac\/wp-json\/wp\/v2\/pages\/109","targetHints":{"allow":["GET"]}}],"collection":[{"href":"https:\/\/pos.uel.br\/pgmac\/wp-json\/wp\/v2\/pages"}],"about":[{"href":"https:\/\/pos.uel.br\/pgmac\/wp-json\/wp\/v2\/types\/page"}],"author":[{"embeddable":true,"href":"https:\/\/pos.uel.br\/pgmac\/wp-json\/wp\/v2\/users\/6"}],"replies":[{"embeddable":true,"href":"https:\/\/pos.uel.br\/pgmac\/wp-json\/wp\/v2\/comments?post=109"}],"version-history":[{"count":4,"href":"https:\/\/pos.uel.br\/pgmac\/wp-json\/wp\/v2\/pages\/109\/revisions"}],"predecessor-version":[{"id":1004,"href":"https:\/\/pos.uel.br\/pgmac\/wp-json\/wp\/v2\/pages\/109\/revisions\/1004"}],"wp:attachment":[{"href":"https:\/\/pos.uel.br\/pgmac\/wp-json\/wp\/v2\/media?parent=109"}],"curies":[{"name":"wp","href":"https:\/\/api.w.org\/{rel}","templated":true}]}}