{"id":944,"date":"2023-03-13T11:24:37","date_gmt":"2023-03-13T14:24:37","guid":{"rendered":"https:\/\/pos.uel.br\/pgcif\/?page_id=944"},"modified":"2026-03-03T16:49:41","modified_gmt":"2026-03-03T19:49:41","slug":"egressos-2","status":"publish","type":"page","link":"https:\/\/pos.uel.br\/pgcif\/egressos-2\/","title":{"rendered":"Egressos"},"content":{"rendered":"\n<figure class=\"wp-block-table\"><table><tbody><tr><td>NOME<\/td><td><strong>ORIENTADOR\/A<\/strong><\/td><td><strong>N\u00cdVEL<\/strong><\/td><td><strong>ANO DE DEFESA<\/strong><\/td><\/tr><tr><td><a href=\"http:\/\/lattes.cnpq.br\/1055954592760521\" target=\"_blank\" rel=\"noreferrer noopener\">Ana Luiza Machado Wunderlich<\/a><\/td><td>Dr. Ernane Torres Uch\u00f4a<\/td><td>Doutorado<\/td><td>2023<\/td><\/tr><tr><td><a href=\"http:\/\/lattes.cnpq.br\/4359406391788007\" target=\"_blank\" rel=\"noreferrer noopener\">Isabele Gon\u00e7alves Frasson Uemura<\/a><\/td><td>Dra. Gisele Lopes Bertolini<\/td><td>Doutorado<\/td><td>2023<\/td><\/tr><tr><td><a href=\"http:\/\/lattes.cnpq.br\/5581631463625667\" data-type=\"link\" data-id=\"http:\/\/lattes.cnpq.br\/5581631463625667\">Kawane Fabricio Moura<\/a><\/td><td>Dra. Graziela Scalianti Ceravolo<\/td><td>Doutorado<\/td><td>2024<\/td><\/tr><tr><td><a href=\"http:\/\/lattes.cnpq.br\/7208690305941253\">Larissa Rugila dos Santos Stopa<\/a><\/td><td>Dr. Ernane Torres Uch\u00f4a<\/td><td>Doutorado<\/td><td>2024<\/td><\/tr><tr><td><a href=\"http:\/\/lattes.cnpq.br\/7052354957205066\">Blenda Hyedra de Campos<\/a><\/td><td>Dra. Marli Cardoso Martins Pinge<\/td><td>Doutorado<\/td><td>2024<\/td><\/tr><tr><td><a href=\"http:\/\/lattes.cnpq.br\/2622769071307424\">Amanda Monteiro Bonancea<\/a><\/td><td>Dra. Gislaine Garcia Pelosi Gomes<\/td><td>Doutorado<\/td><td>2024<\/td><\/tr><tr><td><a href=\"http:\/\/lattes.cnpq.br\/6821096101231174\" target=\"_blank\" rel=\"noreferrer noopener\">Karina Nicole Sobota<\/a><\/td><td><em>Dra. Daniela C. C. Gerardin (em mem\u00f3ria)<\/em><br>Dra. Glaura Scantamburlo Alves Fernandes<\/td><td>Doutorado<\/td><td><br>2025<\/td><\/tr><tr><td><a href=\"https:\/\/lattes.cnpq.br\/6114310657939757\" target=\"_blank\" rel=\"noreferrer noopener\">Vanessa Bezerra<\/a><\/td><td>Dra. Juliana Delatim Simonato Rocha<\/td><td>Doutorado<\/td><td>2026<\/td><\/tr><\/tbody><\/table><\/figure>\n\n\n\n<p><img loading=\"lazy\" decoding=\"async\" width=\"27\" height=\"18\" class=\"wp-image-1589\" style=\"width: 27px\" src=\"https:\/\/pos.uel.br\/pgcif\/wp-content\/uploads\/2025\/05\/image-e1746538460170.png\" alt=\"\">Clique nos nomes para ter acesso ao CV Lattes<\/p>\n\n\n\n<p><\/p>\n","protected":false},"excerpt":{"rendered":"<p>NOME ORIENTADOR\/A N\u00cdVEL ANO DE DEFESA Ana Luiza Machado Wunderlich Dr. Ernane Torres Uch\u00f4a Doutorado 2023 Isabele Gon\u00e7alves Frasson Uemura Dra. Gisele Lopes Bertolini Doutorado 2023 Kawane Fabricio Moura Dra. Graziela Scalianti Ceravolo Doutorado 2024 Larissa Rugila dos Santos Stopa Dr. Ernane Torres Uch\u00f4a Doutorado 2024 Blenda Hyedra de Campos Dra. Marli Cardoso Martins Pinge [&hellip;]<\/p>\n","protected":false},"author":9,"featured_media":0,"parent":0,"menu_order":0,"comment_status":"closed","ping_status":"closed","template":"","meta":{"footnotes":""},"class_list":["post-944","page","type-page","status-publish","hentry"],"_links":{"self":[{"href":"https:\/\/pos.uel.br\/pgcif\/wp-json\/wp\/v2\/pages\/944","targetHints":{"allow":["GET"]}}],"collection":[{"href":"https:\/\/pos.uel.br\/pgcif\/wp-json\/wp\/v2\/pages"}],"about":[{"href":"https:\/\/pos.uel.br\/pgcif\/wp-json\/wp\/v2\/types\/page"}],"author":[{"embeddable":true,"href":"https:\/\/pos.uel.br\/pgcif\/wp-json\/wp\/v2\/users\/9"}],"replies":[{"embeddable":true,"href":"https:\/\/pos.uel.br\/pgcif\/wp-json\/wp\/v2\/comments?post=944"}],"version-history":[{"count":15,"href":"https:\/\/pos.uel.br\/pgcif\/wp-json\/wp\/v2\/pages\/944\/revisions"}],"predecessor-version":[{"id":1952,"href":"https:\/\/pos.uel.br\/pgcif\/wp-json\/wp\/v2\/pages\/944\/revisions\/1952"}],"wp:attachment":[{"href":"https:\/\/pos.uel.br\/pgcif\/wp-json\/wp\/v2\/media?parent=944"}],"curies":[{"name":"wp","href":"https:\/\/api.w.org\/{rel}","templated":true}]}}