{"id":91,"date":"2021-05-16T11:47:38","date_gmt":"2021-05-16T14:47:38","guid":{"rendered":"https:\/\/pos.uel.br\/pgcif\/?page_id=91"},"modified":"2021-06-08T14:45:20","modified_gmt":"2021-06-08T17:45:20","slug":"ensino","status":"publish","type":"page","link":"https:\/\/pos.uel.br\/pgcif\/ensino\/","title":{"rendered":"Ensino"},"content":{"rendered":"\n<p><a rel=\"noreferrer noopener\" target=\"_blank\" href=\"https:\/\/www.sistemasweb.uel.br\/index.php?contents=system\/prj\/ens\/index.php&amp;pagina=ens_qry_departamento3.php&amp;p_cod_centro=02000000&amp;p_cod_depto=02040000\"><strong><em>Clique aqui<\/em><\/strong><\/a><strong><em>\u00a0<\/em><\/strong><em>e conhe\u00e7a os projetos de ensino realizados pelo Programa de P\u00f3s-gradua\u00e7\u00e3o em  Ci\u00eancias Fisiol\u00f3gicas (CCB), conclu\u00eddos e em execu\u00e7\u00e3o.Caso queira obter maiores informa\u00e7\u00f5es sobre os projetos de ensino, clique sobre o c\u00f3digo de cada projeto<strong>.<\/strong><\/em><\/p>\n","protected":false},"excerpt":{"rendered":"<p>Clique aqui\u00a0e conhe\u00e7a os projetos de ensino realizados pelo Programa de P\u00f3s-gradua\u00e7\u00e3o em Ci\u00eancias Fisiol\u00f3gicas (CCB), conclu\u00eddos e em execu\u00e7\u00e3o.Caso queira obter maiores informa\u00e7\u00f5es sobre os projetos de ensino, clique sobre o c\u00f3digo de cada projeto.<\/p>\n","protected":false},"author":7,"featured_media":0,"parent":0,"menu_order":0,"comment_status":"closed","ping_status":"closed","template":"","meta":{"footnotes":""},"class_list":["post-91","page","type-page","status-publish","hentry"],"_links":{"self":[{"href":"https:\/\/pos.uel.br\/pgcif\/wp-json\/wp\/v2\/pages\/91","targetHints":{"allow":["GET"]}}],"collection":[{"href":"https:\/\/pos.uel.br\/pgcif\/wp-json\/wp\/v2\/pages"}],"about":[{"href":"https:\/\/pos.uel.br\/pgcif\/wp-json\/wp\/v2\/types\/page"}],"author":[{"embeddable":true,"href":"https:\/\/pos.uel.br\/pgcif\/wp-json\/wp\/v2\/users\/7"}],"replies":[{"embeddable":true,"href":"https:\/\/pos.uel.br\/pgcif\/wp-json\/wp\/v2\/comments?post=91"}],"version-history":[{"count":2,"href":"https:\/\/pos.uel.br\/pgcif\/wp-json\/wp\/v2\/pages\/91\/revisions"}],"predecessor-version":[{"id":113,"href":"https:\/\/pos.uel.br\/pgcif\/wp-json\/wp\/v2\/pages\/91\/revisions\/113"}],"wp:attachment":[{"href":"https:\/\/pos.uel.br\/pgcif\/wp-json\/wp\/v2\/media?parent=91"}],"curies":[{"name":"wp","href":"https:\/\/api.w.org\/{rel}","templated":true}]}}