{"id":9,"date":"2021-04-26T21:06:31","date_gmt":"2021-04-27T00:06:31","guid":{"rendered":"https:\/\/pos.uel.br\/pgcif\/?page_id=9"},"modified":"2024-09-13T15:42:45","modified_gmt":"2024-09-13T18:42:45","slug":"linhas-de-pesquisa","status":"publish","type":"page","link":"https:\/\/pos.uel.br\/pgcif\/linhas-de-pesquisa\/","title":{"rendered":"Linhas de pesquisa"},"content":{"rendered":"\n<div class=\"wp-block-columns is-layout-flex wp-container-core-columns-is-layout-9d6595d7 wp-block-columns-is-layout-flex\">\n<div class=\"wp-block-column is-layout-flow wp-block-column-is-layout-flow\" style=\"flex-basis:50%\">\n<p><strong>&#8211; Farmacologia e Toxicologia: Estudo dos efeitos de f\u00e1rmacos e xenobi\u00f3ticos em modelos biol\u00f3gicos.<\/strong><\/p>\n\n\n\n<p class=\"has-primary-accent-color has-text-color\"><em><strong>Andressa de Freitas Mendes Dion\u00edsio<\/strong><\/em><\/p>\n\n\n\n<p class=\"has-primary-accent-color has-text-color\"><em><strong>Estef\u00e2nia Gastaldello Moreira<\/strong><\/em><\/p>\n\n\n\n<p class=\"has-primary-accent-color has-text-color\"><em><strong>F\u00e1bio Goulart de Andrade<\/strong><\/em><\/p>\n\n\n\n<p class=\"has-primary-accent-color has-text-color\"><em><strong>Gislaine Garcia Pelosi Gomes<\/strong><\/em><\/p>\n\n\n\n<p class=\"has-primary-accent-color has-text-color\"><em><strong>Glaura Scantamburlo Alves Fernandes<\/strong><\/em><\/p>\n\n\n\n<p class=\"has-primary-accent-color has-text-color\"><em><strong>Graziela Scalianti Ceravolo<\/strong><\/em><\/p>\n<\/div>\n\n\n\n<div class=\"wp-block-column is-layout-flow wp-block-column-is-layout-flow\" style=\"flex-basis:50%\">\n<p><strong>&#8211; Fisiologia e Ecofisiologia: Estudo da fisiologia e fisiopatologia de \u00f3rg\u00e3os e sistemas e das adapta\u00e7\u00f5es dos organismos \u00e0s condi\u00e7\u00f5es ambientais.<\/strong><\/p>\n\n\n\n<p class=\"has-primary-accent-color has-text-color\"><em><strong>C\u00e1ssia Thais Bussamra Vieira Zaia<\/strong><\/em><\/p>\n\n\n\n<p class=\"has-primary-accent-color has-text-color\"><em><strong>Cl\u00e1udia Bueno dos Reis Martinez<\/strong><\/em><\/p>\n\n\n\n<p class=\"has-primary-accent-color has-text-color\"><em><strong>Ernane Torres uchoa<\/strong><\/em><\/p>\n\n\n\n<p class=\"has-primary-accent-color has-text-color\"><em><strong>Gisele Lopes Bertolin<\/strong><\/em><\/p>\n\n\n\n<p class=\"has-primary-accent-color has-text-color\"><em><strong>Helenir Medri de Souza<\/strong><\/em><\/p>\n\n\n\n<p class=\"has-primary-accent-color has-text-color\"><em><strong>Juliana Delatim Simonato Rocha<\/strong><\/em><\/p>\n\n\n\n<p class=\"has-primary-accent-color has-text-color\"><em><strong>Marcos Polito<\/strong><\/em><\/p>\n\n\n\n<p class=\"has-primary-accent-color has-text-color\"><em><strong>Maria Fernanda Rodrigues Graciano<\/strong><\/em><\/p>\n\n\n\n<p class=\"has-primary-accent-color has-text-color\"><em><strong>Marli Cardoso Martins Pinge<\/strong><\/em><\/p>\n\n\n\n<p class=\"has-primary-accent-color has-text-color\"><em><strong>Paulo Cesar Meletti<\/strong><\/em><\/p>\n<\/div>\n<\/div>\n\n\n\n<p class=\"has-primary-accent-color has-text-color\"><\/p>\n","protected":false},"excerpt":{"rendered":"<p>&#8211; Farmacologia e Toxicologia: Estudo dos efeitos de f\u00e1rmacos e xenobi\u00f3ticos em modelos biol\u00f3gicos. Andressa de Freitas Mendes Dion\u00edsio Estef\u00e2nia Gastaldello Moreira F\u00e1bio Goulart de Andrade Gislaine Garcia Pelosi Gomes Glaura Scantamburlo Alves Fernandes Graziela Scalianti Ceravolo &#8211; Fisiologia e Ecofisiologia: Estudo da fisiologia e fisiopatologia de \u00f3rg\u00e3os e sistemas e das adapta\u00e7\u00f5es dos organismos [&hellip;]<\/p>\n","protected":false},"author":7,"featured_media":0,"parent":0,"menu_order":0,"comment_status":"closed","ping_status":"closed","template":"","meta":{"footnotes":""},"class_list":["post-9","page","type-page","status-publish","hentry"],"_links":{"self":[{"href":"https:\/\/pos.uel.br\/pgcif\/wp-json\/wp\/v2\/pages\/9","targetHints":{"allow":["GET"]}}],"collection":[{"href":"https:\/\/pos.uel.br\/pgcif\/wp-json\/wp\/v2\/pages"}],"about":[{"href":"https:\/\/pos.uel.br\/pgcif\/wp-json\/wp\/v2\/types\/page"}],"author":[{"embeddable":true,"href":"https:\/\/pos.uel.br\/pgcif\/wp-json\/wp\/v2\/users\/7"}],"replies":[{"embeddable":true,"href":"https:\/\/pos.uel.br\/pgcif\/wp-json\/wp\/v2\/comments?post=9"}],"version-history":[{"count":11,"href":"https:\/\/pos.uel.br\/pgcif\/wp-json\/wp\/v2\/pages\/9\/revisions"}],"predecessor-version":[{"id":1364,"href":"https:\/\/pos.uel.br\/pgcif\/wp-json\/wp\/v2\/pages\/9\/revisions\/1364"}],"wp:attachment":[{"href":"https:\/\/pos.uel.br\/pgcif\/wp-json\/wp\/v2\/media?parent=9"}],"curies":[{"name":"wp","href":"https:\/\/api.w.org\/{rel}","templated":true}]}}