{"id":8,"date":"2021-04-26T21:06:31","date_gmt":"2021-04-27T00:06:31","guid":{"rendered":"https:\/\/pos.uel.br\/pgcif\/?page_id=8"},"modified":"2022-03-31T11:46:55","modified_gmt":"2022-03-31T14:46:55","slug":"areas-de-concentracao","status":"publish","type":"page","link":"https:\/\/pos.uel.br\/pgcif\/areas-de-concentracao\/","title":{"rendered":"\u00c1reas de concentra\u00e7\u00e3o"},"content":{"rendered":"\n<p><\/p>\n\n\n\n<p>A \u00e1rea de concentra\u00e7\u00e3o do PGCIF \u00e9 em <strong><span style=\"text-decoration: underline;\">Ci\u00eancias Fisiol\u00f3gicas <\/span><\/strong>e tem como objetivos: caracterizar em diferentes n\u00edveis (sist\u00eamico, tecidual, celular e molecular) o funcionamento e as adapta\u00e7\u00f5es de \u00f3rg\u00e3os e sistemas fisiol\u00f3gicos; estudar mecanismos fisiol\u00f3gicos e de a\u00e7\u00e3o de f\u00e1rmacos e investigar novos f\u00e1rmacos com potencial a\u00e7\u00e3o fisio-farmacol\u00f3gica<strong>.<\/strong><\/p>\n\n\n\n<p>Dentro da \u00e1rea de Ci\u00eancias Fisiol\u00f3gicas, h\u00e1 duas linhas de pesquisa do PGCIF:<\/p>\n\n\n\n<p>&#8211; Farmacologia e Toxicologia: Estudo dos efeitos de f\u00e1rmacos e xenobi\u00f3ticos em modelos biol\u00f3gicos.<\/p>\n\n\n\n<p>&#8211; Fisiologia e Ecofisiologia: Estudo da fisiologia e fisiopatologia de \u00f3rg\u00e3os e sistemas e das adapta\u00e7\u00f5es dos organismos \u00e0s condi\u00e7\u00f5es ambientais.<\/p>\n","protected":false},"excerpt":{"rendered":"<p>A \u00e1rea de concentra\u00e7\u00e3o do PGCIF \u00e9 em Ci\u00eancias Fisiol\u00f3gicas e tem como objetivos: caracterizar em diferentes n\u00edveis (sist\u00eamico, tecidual, celular e molecular) o funcionamento e as adapta\u00e7\u00f5es de \u00f3rg\u00e3os e sistemas fisiol\u00f3gicos; estudar mecanismos fisiol\u00f3gicos e de a\u00e7\u00e3o de f\u00e1rmacos e investigar novos f\u00e1rmacos com potencial a\u00e7\u00e3o fisio-farmacol\u00f3gica. Dentro da \u00e1rea de Ci\u00eancias Fisiol\u00f3gicas, [&hellip;]<\/p>\n","protected":false},"author":7,"featured_media":0,"parent":0,"menu_order":0,"comment_status":"closed","ping_status":"closed","template":"","meta":{"footnotes":""},"class_list":["post-8","page","type-page","status-publish","hentry"],"_links":{"self":[{"href":"https:\/\/pos.uel.br\/pgcif\/wp-json\/wp\/v2\/pages\/8","targetHints":{"allow":["GET"]}}],"collection":[{"href":"https:\/\/pos.uel.br\/pgcif\/wp-json\/wp\/v2\/pages"}],"about":[{"href":"https:\/\/pos.uel.br\/pgcif\/wp-json\/wp\/v2\/types\/page"}],"author":[{"embeddable":true,"href":"https:\/\/pos.uel.br\/pgcif\/wp-json\/wp\/v2\/users\/7"}],"replies":[{"embeddable":true,"href":"https:\/\/pos.uel.br\/pgcif\/wp-json\/wp\/v2\/comments?post=8"}],"version-history":[{"count":9,"href":"https:\/\/pos.uel.br\/pgcif\/wp-json\/wp\/v2\/pages\/8\/revisions"}],"predecessor-version":[{"id":487,"href":"https:\/\/pos.uel.br\/pgcif\/wp-json\/wp\/v2\/pages\/8\/revisions\/487"}],"wp:attachment":[{"href":"https:\/\/pos.uel.br\/pgcif\/wp-json\/wp\/v2\/media?parent=8"}],"curies":[{"name":"wp","href":"https:\/\/api.w.org\/{rel}","templated":true}]}}