{"id":6,"date":"2021-04-26T21:06:31","date_gmt":"2021-04-27T00:06:31","guid":{"rendered":"https:\/\/pos.uel.br\/pgcif\/?page_id=6"},"modified":"2025-05-20T12:46:46","modified_gmt":"2025-05-20T15:46:46","slug":"sobre-o-programa","status":"publish","type":"page","link":"https:\/\/pos.uel.br\/pgcif\/sobre-o-programa\/","title":{"rendered":"Sobre o programa"},"content":{"rendered":"\n<p class=\"has-text-align-left\">O Programa de P\u00f3s-Gradua\u00e7\u00e3o em Ci\u00eancias Fisiol\u00f3gicas (PGCIF) em n\u00edvel de mestrado e doutorado \u00e9 credenciado pela CAPES com conceito 4 e iniciou suas atividades em Mar\u00e7o de 2019. Atualmente possui 17 docentes credenciados, que atuam em duas Linhas de pesquisa: Farmacologia e Toxicologia: Estudo dos efeitos de f\u00e1rmacos e xenobi\u00f3ticos em modelos biol\u00f3gicos, e Fisiologia e Ecofisiologia: Estudo da fisiologia e fisiopatologia de \u00f3rg\u00e3os e sistemas e das adapta\u00e7\u00f5es dos organismos \u00e0s condi\u00e7\u00f5es ambientais.<\/p>\n\n\n\n<p><strong>Comiss\u00e3o Coordenadora<\/strong><\/p>\n\n\n\n<p><a href=\"https:\/\/pos.uel.br\/pgcif\/profa-dra-graziela-scalianti-ceravolo\/\">Profa Dra Graziela Scalianti Ceravolo<\/a> &#8211; Coordenadora<\/p>\n\n\n\n<p><a href=\"https:\/\/pos.uel.br\/pgcif\/profa-dra-gisele-lopes-bertolini-2\/\">Profa Dra Gisele Lopes Bertolini <\/a>&#8211; Vice-coordenadora <\/p>\n\n\n\n<p><a href=\"https:\/\/pos.uel.br\/pgcif\/profa-dra-claudia-bueno-dos-reis-martinez\/\">Profa Dra Claudia Bueno dos Reis Matinez <\/a>&#8211; Terceiro Membro da Comiss\u00e3o Coordenadora<\/p>\n\n\n\n<p><\/p>\n","protected":false},"excerpt":{"rendered":"<p>O Programa de P\u00f3s-Gradua\u00e7\u00e3o em Ci\u00eancias Fisiol\u00f3gicas (PGCIF) em n\u00edvel de mestrado e doutorado \u00e9 credenciado pela CAPES com conceito 4 e iniciou suas atividades em Mar\u00e7o de 2019. Atualmente possui 17 docentes credenciados, que atuam em duas Linhas de pesquisa: Farmacologia e Toxicologia: Estudo dos efeitos de f\u00e1rmacos e xenobi\u00f3ticos em modelos biol\u00f3gicos, e [&hellip;]<\/p>\n","protected":false},"author":7,"featured_media":0,"parent":0,"menu_order":0,"comment_status":"closed","ping_status":"closed","template":"","meta":{"footnotes":""},"class_list":["post-6","page","type-page","status-publish","hentry"],"_links":{"self":[{"href":"https:\/\/pos.uel.br\/pgcif\/wp-json\/wp\/v2\/pages\/6","targetHints":{"allow":["GET"]}}],"collection":[{"href":"https:\/\/pos.uel.br\/pgcif\/wp-json\/wp\/v2\/pages"}],"about":[{"href":"https:\/\/pos.uel.br\/pgcif\/wp-json\/wp\/v2\/types\/page"}],"author":[{"embeddable":true,"href":"https:\/\/pos.uel.br\/pgcif\/wp-json\/wp\/v2\/users\/7"}],"replies":[{"embeddable":true,"href":"https:\/\/pos.uel.br\/pgcif\/wp-json\/wp\/v2\/comments?post=6"}],"version-history":[{"count":3,"href":"https:\/\/pos.uel.br\/pgcif\/wp-json\/wp\/v2\/pages\/6\/revisions"}],"predecessor-version":[{"id":1638,"href":"https:\/\/pos.uel.br\/pgcif\/wp-json\/wp\/v2\/pages\/6\/revisions\/1638"}],"wp:attachment":[{"href":"https:\/\/pos.uel.br\/pgcif\/wp-json\/wp\/v2\/media?parent=6"}],"curies":[{"name":"wp","href":"https:\/\/api.w.org\/{rel}","templated":true}]}}