{"id":565,"date":"2022-04-11T09:45:08","date_gmt":"2022-04-11T12:45:08","guid":{"rendered":"https:\/\/pos.uel.br\/pgcif\/?page_id=565"},"modified":"2025-06-06T09:13:03","modified_gmt":"2025-06-06T12:13:03","slug":"prof-dr-paulo-cesar-meletti","status":"publish","type":"page","link":"https:\/\/pos.uel.br\/pgcif\/prof-dr-paulo-cesar-meletti\/","title":{"rendered":"Prof. Dr.\u00a0Paulo C\u00e9sar Meletti"},"content":{"rendered":"\n<figure class=\"wp-block-image size-full is-resized\"><img loading=\"lazy\" decoding=\"async\" width=\"226\" height=\"261\" src=\"https:\/\/pos.uel.br\/pgcif\/wp-content\/uploads\/2022\/04\/PAULO.jpg\" alt=\"\" class=\"wp-image-598\" style=\"width:170px;height:196px\" \/><\/figure>\n\n\n\n<p>Laborat\u00f3rio de Ecofisiologia Animal<\/p>\n\n\n\n<p><a href=\"mailto:pmeletti@uel.br\" target=\"_blank\" rel=\"noreferrer noopener\">pmeletti@uel.br<\/a><\/p>\n\n\n\n<p>&nbsp;(43) 3371-4291 \/ 3371-5146<\/p>\n\n\n\n<p><strong>Curr\u00edculo lattes:<\/strong><a href=\"http:\/\/buscatextual.cnpq.br\/buscatextual\/visualizacv.do?id=K4797435D8\" target=\"_blank\" rel=\"noreferrer noopener\"><\/a><a href=\"http:\/\/buscatextual.cnpq.br\/buscatextual\/visualizacv.do?id=K4797435D8\" target=\"_blank\" rel=\"noreferrer noopener\">\u00a0<\/a><a href=\"http:\/\/lattes.cnpq.br\/1868743035556083\">http:\/\/lattes.cnpq.br\/1868743035556083<\/a><\/p>\n\n\n\n<p><strong>ORCID:<\/strong> <a href=\"https:\/\/orcid.org\/0000-0002-9193-6511\">https:\/\/orcid.org\/0000-0002-9193-6511<\/a><\/p>\n\n\n\n<p><strong>Linha de Pesquisa:<\/strong><\/p>\n\n\n\n<p>Ecotoxicologia Aqu\u00e1tica \u2013 Objetivo: avaliar os efeitos de xenobi\u00f3ticos na embriog\u00eanese, desenvolvimento, fisiologia e comportamento de peixes expostos em laborat\u00f3rio e\/ou&nbsp;<em>in situ<\/em>.<\/p>\n\n\n\n<p>Descri\u00e7\u00e3o: Por meio de testes de toxicidadade durante o est\u00e1gio embriolarval de peixes, analisamos os poss\u00edveis efeitos teratog\u00eanicos e sobre o desenvolvimento, utilizando para isso an\u00e1lises morfom\u00e9tricas, histol\u00f3gicas e tamb\u00e9m comportamentais. Em peixes juvenis e adultos, os quais possuem repert\u00f3rio comportamental mais amplo, procuramos desenvolver e aplicar testes que sejam inter-relacionados e que possam ser utilizados de maneira mais robusta como biomarcadores comportamentais de contamina\u00e7\u00e3o.<\/p>\n\n\n\n<p><strong>Principais trabalhos:<\/strong><\/p>\n\n\n\n<p>&nbsp;Lunardelli, Bruna; CABRAL, MILLENA T.; VIEIRA, CARLOS E.D.; OLIVEIRA, LUCIANA F.; RISSO, WAGNER E.; MELETTI, PAULO C.; MARTINEZ, CLAUDIA B.R. Chromium accumulation and biomarker responses in the Neotropical fish Prochilodus lineatus caged in a river under the influence of tannery activities. ECOTOXICOLOGY AND ENVIRONMENTAL SAFETY. Fator de Impacto(2016 JCR): 3,7430, v.153, p.188 &#8211; 194, 2018.<\/p>\n\n\n\n<p>JULIANA D.; MELA, MARITANA; DORIA, HALINA B.; GUILOSKI, IZONETE C.; RANDI, MARCO A.F.; CARVALHO, PAULO S.M.; MELETTI, PAULO C.; SILVA DE ASSIS, HELENA C.; BIANCHINI, ADALTO; MARTINEZ, CLAUDIA B.R. Biomarkers of waterborne copper exposure in the Neotropical fish Prochilodus lineatus. Aquatic Toxicology. Fator de Impacto(2016 JCR): 4,1290, v.170, p.31 &#8211; 41, 2016.<\/p>\n\n\n\n<p>VIEIRA, CARLOS EDUARDO DELFINO; COSTA, PATR\u00cdCIA GOMES; Lunardelli, Bruna; DE OLIVEIRA, LUCIANA FERNANDES; DA COSTA CABRERA, LIZIARA; RISSO, WAGNER EZEQUIEL; PRIMEL, EDNEI GILBERTO; MELETTI, PAULO C\u00c9SAR; FILLMANN, GILBERTO; BUENO DOS REIS MARTINEZ, CLAUDIA Multiple biomarker responses in Prochilodus lineatus subjected to short-term in situ exposure to streams from agricultural areas in Southern Brazil. Science of the Total Environment. Fator de Impacto(2016 JCR): 4,9000, v.542, p.44 &#8211; 56, 2016.<\/p>\n\n\n\n<p>SANTOS, D\u00c9BORA; MELO, M\u00c9RCIA; MENDES, DENISE; ROCHA, IOLANDA; SILVA, JAKELINE; CANTANH\u00caDE, SILDIANE; MELETTI, PAULO Histological Changes in Gills of Two Fish Species as Indicators of Water Quality in Jansen Lagoon (S\u00e3o Lu\u00eds, Maranh\u00e3o State, Brazil). International Journal of Environmental Research and Public Health. Fator de Impacto(2011 JCR): 1,6050, v.11, p.12927 &#8211; 12937, 2014.<\/p>\n\n\n\n<p>Almeida, J. S.; MELETTI, P. C.; MARTINEZ, C. B. R. Acute effects of sediments taken from an urban stream on physiological and biochemical parameters of the neotropical fish Prochilodus lineatus. Comparative Biochemistry and Physiology. C. Comparative Pharmacology and Toxicology (Cessou em 1993. Cont. ISSN 1367-8280 Comparative Biochemistry and. , v.140, p.356 &#8211; 363, 2005.<\/p>\n\n\n\n<p>MELETTI, P. C.; ROCHA, O. Development of a chamber for in situ toxicity tests with small fishes.. Brazilian Journal of Biology (Impresso). Fator de Impacto(2016 JCR): 0,4790, v.62, p.187 &#8211; 190, 2002.<\/p>\n\n\n\n<p>Cap\u00edtulos de livros publicados<\/p>\n\n\n\n<p>TONISSI, F. B.; ESPINDOLA, E. L. G.; DORNFELD, C. B.; PAMPLIN, P. A. Z.; FONSECA, A. L.; MELETTI, P. C.; BOTTA-PASCHOAL, C. M. R.; ROCHA, O. Estudos ecotoxicol\u00f3gicos no reservat\u00f3rio de Salto Grande (Americana, SP), utilizando organismos bent\u00f4nicos, zooplanct\u00f4nicos e peixes. In: Reservat\u00f3rio de Salto Grande (Americana, SP): caracteriza\u00e7\u00e3o, impactos e propostas de manejo. ed.S\u00e3o Carlos : Editora Rima, 2004, p. 315-338.<\/p>\n\n\n\n<p>MELETTI, P. C.; ROCHA, O.; MARTINEZ, C. B. R. Avalia\u00e7\u00e3o da degrada\u00e7\u00e3o ambiental na bacia do rio Mogi-Gua\u00e7u por meio de testes de toxicidade com sedimento e de an\u00e1lises histopatol\u00f3gicas em peixes. In: Limnologia Fluvial \u2013 Um Estudo no rio Mogi-Gua\u00e7u.1 ed.S\u00e3o Carlos : Rima Editora, 2003, p. 149-180.<\/p>\n","protected":false},"excerpt":{"rendered":"<p>Laborat\u00f3rio de Ecofisiologia Animal pmeletti@uel.br &nbsp;(43) 3371-4291 \/ 3371-5146 Curr\u00edculo lattes:\u00a0http:\/\/lattes.cnpq.br\/1868743035556083 ORCID: https:\/\/orcid.org\/0000-0002-9193-6511 Linha de Pesquisa: Ecotoxicologia Aqu\u00e1tica \u2013 Objetivo: avaliar os efeitos de xenobi\u00f3ticos na embriog\u00eanese, desenvolvimento, fisiologia e comportamento de peixes expostos em laborat\u00f3rio e\/ou&nbsp;in situ. Descri\u00e7\u00e3o: Por meio de testes de toxicidadade durante o est\u00e1gio embriolarval de peixes, analisamos os poss\u00edveis efeitos [&hellip;]<\/p>\n","protected":false},"author":9,"featured_media":0,"parent":0,"menu_order":0,"comment_status":"closed","ping_status":"closed","template":"","meta":{"footnotes":""},"class_list":["post-565","page","type-page","status-publish","hentry"],"_links":{"self":[{"href":"https:\/\/pos.uel.br\/pgcif\/wp-json\/wp\/v2\/pages\/565","targetHints":{"allow":["GET"]}}],"collection":[{"href":"https:\/\/pos.uel.br\/pgcif\/wp-json\/wp\/v2\/pages"}],"about":[{"href":"https:\/\/pos.uel.br\/pgcif\/wp-json\/wp\/v2\/types\/page"}],"author":[{"embeddable":true,"href":"https:\/\/pos.uel.br\/pgcif\/wp-json\/wp\/v2\/users\/9"}],"replies":[{"embeddable":true,"href":"https:\/\/pos.uel.br\/pgcif\/wp-json\/wp\/v2\/comments?post=565"}],"version-history":[{"count":4,"href":"https:\/\/pos.uel.br\/pgcif\/wp-json\/wp\/v2\/pages\/565\/revisions"}],"predecessor-version":[{"id":1677,"href":"https:\/\/pos.uel.br\/pgcif\/wp-json\/wp\/v2\/pages\/565\/revisions\/1677"}],"wp:attachment":[{"href":"https:\/\/pos.uel.br\/pgcif\/wp-json\/wp\/v2\/media?parent=565"}],"curies":[{"name":"wp","href":"https:\/\/api.w.org\/{rel}","templated":true}]}}