{"id":563,"date":"2022-04-11T09:41:38","date_gmt":"2022-04-11T12:41:38","guid":{"rendered":"https:\/\/pos.uel.br\/pgcif\/?page_id=563"},"modified":"2025-06-06T09:09:39","modified_gmt":"2025-06-06T12:09:39","slug":"profa-dra-maria-fernanda-rodrigues-graciano","status":"publish","type":"page","link":"https:\/\/pos.uel.br\/pgcif\/profa-dra-maria-fernanda-rodrigues-graciano\/","title":{"rendered":"Profa. Dra.\u00a0Maria Fernanda Rodrigues Graciano"},"content":{"rendered":"\n<figure class=\"wp-block-image size-full is-resized\"><img loading=\"lazy\" decoding=\"async\" width=\"394\" height=\"519\" src=\"https:\/\/pos.uel.br\/pgcif\/wp-content\/uploads\/2022\/04\/fernanda.jpg\" alt=\"\" class=\"wp-image-593\" style=\"width:197px;height:260px\" srcset=\"https:\/\/pos.uel.br\/pgcif\/wp-content\/uploads\/2022\/04\/fernanda.jpg 394w, https:\/\/pos.uel.br\/pgcif\/wp-content\/uploads\/2022\/04\/fernanda-228x300.jpg 228w\" sizes=\"auto, (max-width: 394px) 100vw, 394px\" \/><figcaption class=\"wp-element-caption\"><br><\/figcaption><\/figure>\n\n\n\n<p>Laborat\u00f3rio de Fisiologia do P\u00e2ncreas End\u00f3crino<\/p>\n\n\n\n<p><a href=\"mailto:mafegraciano@uel.br\" target=\"_blank\" rel=\"noreferrer noopener\">mafegraciano@uel.br<\/a><\/p>\n\n\n\n<p>(43) 3371-4201<\/p>\n\n\n\n<p>\u00a0Curr\u00edculo lattes:\u00a0<a href=\"http:\/\/lattes.cnpq.br\/4950119401164137\">http:\/\/lattes.cnpq.br\/4950119401164137<\/a><\/p>\n\n\n\n<p>ORCID: <a href=\"https:\/\/orcid.org\/0000-0001-8378-4063\">https:\/\/orcid.org\/0000-0001-8378-4063<\/a><a href=\"http:\/\/buscatextual.cnpq.br\/buscatextual\/visualizacv.do?id=K4755202Z3\" target=\"_blank\" rel=\"noreferrer noopener\"><\/a><\/p>\n\n\n\n<p><strong><em>Linha de Pesquisa<\/em><\/strong><\/p>\n\n\n\n<p>Mecanismos fisiopatol\u00f3gicos que modulam a secre\u00e7\u00e3o de insulina e o controle glic\u00eamico.<\/p>\n\n\n\n<p><strong><em>Descri\u00e7\u00e3o<\/em><\/strong><\/p>\n\n\n\n<p>O Laborat\u00f3rio de Fisiologia do P\u00e2ncreas End\u00f3crino investiga como diferentes processos fisiopatol\u00f3gicos, bem como a obesidade, o diabetes e a caquexia, podem modular a secre\u00e7\u00e3o de insulina pelas ilhotas pancre\u00e1ticas incubadas com diferentes secretagogos, a insulinemia, o controle glic\u00eamico e outros par\u00e2metros metab\u00f3licos em diferentes&nbsp;modelos experimentais em zebrafish e ratos.<\/p>\n\n\n\n<p><em><strong>Principais trabalhos<\/strong><\/em><\/p>\n\n\n\n<p>QUINTILHANO, D. L.; MIKSZA, D. R.; DE SOUZA GALIA, W. B.; RAMALHO, M. O. R. C.; LUCENA, C. F.; VALLE, M. M. R.; <strong>GRACIANO, M. F. R.<\/strong>; DE SOUZA, H. M.; &nbsp;BERTOLINI, G. L. Insulin secretion decline in Walker-256 tumor-bearing rats is early, follows the course of cachexia, and is not improved by lixisenatide. NAUNYN-SCHMIEDEBERGS ARCHIVES OF PHARMACOLOGY, v. 394, p. 697-705, 2021.<\/p>\n\n\n\n<p><br>FATIMA SILVA, F.; MORAIS, H.; ORTIZ SILVA, M. ; SILVA, F. G. ; VIANNA CROFFI, R.; SERRANO&#8217;NASCIMENTO, C.;&nbsp;<strong>RODRIGUES GRACIANO, M. F.<\/strong>; RAFAEL CARPINELLI, A.; BARBOSA BAZOTTE, R.; SOUZA, H. M. Akt activation by insulin treatment attenuates cachexia in Walker-256 tumor-bearing rats. JOURNAL OF CELLULAR BIOCHEMISTRY, v. 121(11), p.4558-4568, 2020.<\/p>\n\n\n\n<p><br>DE FATIMA SILVA, F.; ORTIZ-SILVA, M.; GALIA, W. B. S. ; CASSOLLA, P.; DA SILVA, F. G.;&nbsp;<strong>GRACIANO, M. F. R.<\/strong>;&nbsp;<a href=\"http:\/\/lattes.cnpq.br\/0374906152658699\" target=\"_blank\" rel=\"noreferrer noopener\">CARPINELLI, <\/a>A.; DE SOUZA, H. M. Effects of metformin on insulin resistance and metabolic disorders in tumor-bearing rats with advanced cachexia. CANADIAN JOURNAL OF PHYSIOLOGY AND PHARMACOLOGY, v. 96, p. 498-505, 2018.<\/p>\n\n\n\n<p><br>DE FATIMA SILVA, F.; ORTIZ-SILVA, M.; DE SOUZA GALIA, W. B.; CASSOLLA, P.;&nbsp;<strong>GRACIANO, M. F. R.<\/strong>; ZAIA, C. T. B. V. ; ZAIA, D.; CARPINELLI, A. R.; DA SILVA, F. G.; DE SOUZA, H. M. Pioglitazone improves insulin sensitivity and reduces weight loss in Walker-256 tumor-bearing rats. Life Sciences (1973), v. 171, p. 68-74, 2017.<\/p>\n\n\n\n<p><br><a href=\"http:\/\/lattes.cnpq.br\/4950119401164137\" target=\"_blank\" rel=\"noreferrer noopener\"><strong>GRACIANO, M. F.<\/strong><\/a><strong> R.<\/strong>; LEONELLI, M. ; CURI, R. ;&nbsp;<a href=\"http:\/\/lattes.cnpq.br\/0374906152658699\" target=\"_blank\" rel=\"noreferrer noopener\">CARPINELLI, A.<\/a> R&nbsp;. Omega-3 fatty acids control productions of superoxide and nitrogen oxide and insulin content in INS-1E cells. Journal of Physiology and Biochemistry, v. 72, p. 699-710, 2016.<\/p>\n\n\n\n<p><a href=\"http:\/\/lattes.cnpq.br\/4950119401164137\" target=\"_blank\" rel=\"noreferrer noopener\"><strong>GRACIANO, M. F.<\/strong><\/a><strong> R.<\/strong>; <a href=\"http:\/\/lattes.cnpq.br\/7668084044094918\" target=\"_blank\" rel=\"noreferrer noopener\">VALLE, M. M.<\/a>; CURI, R. ;&nbsp;<a href=\"http:\/\/lattes.cnpq.br\/0374906152658699\" target=\"_blank\" rel=\"noreferrer noopener\">CARPINELLI, A. R<\/a>. Evidence for the involvement of GPR40 and NADPH oxidase in palmitic acid-induced superoxide production and insulin secretion. Islets (Print), v. 5, p. 139-148, 2013.<\/p>\n\n\n\n<p><br><a href=\"http:\/\/lattes.cnpq.br\/4950119401164137\" target=\"_blank\" rel=\"noreferrer noopener\"><strong>GRACIANO, M. F.<\/strong><\/a><strong> R.<\/strong>;&nbsp;<a href=\"http:\/\/lattes.cnpq.br\/0626861156126578\" target=\"_blank\" rel=\"noreferrer noopener\">SANTOS, L. R. B.<\/a>&nbsp;;&nbsp;<a href=\"http:\/\/lattes.cnpq.br\/1414984410442703\" target=\"_blank\" rel=\"noreferrer noopener\">CURI, R.<\/a>&nbsp;;&nbsp;<a href=\"http:\/\/lattes.cnpq.br\/0374906152658699\" target=\"_blank\" rel=\"noreferrer noopener\">CARPINELLI, A. R.<\/a>&nbsp;. NAD(P)H oxidase participates in the palmitate-induced superoxide production and insulin secretion by rat pancreatic islets. Journal of Cellular Physiology (Print), v. 226, p. 1110-1117, 2011.<\/p>\n","protected":false},"excerpt":{"rendered":"<p>Laborat\u00f3rio de Fisiologia do P\u00e2ncreas End\u00f3crino mafegraciano@uel.br (43) 3371-4201 \u00a0Curr\u00edculo lattes:\u00a0http:\/\/lattes.cnpq.br\/4950119401164137 ORCID: https:\/\/orcid.org\/0000-0001-8378-4063 Linha de Pesquisa Mecanismos fisiopatol\u00f3gicos que modulam a secre\u00e7\u00e3o de insulina e o controle glic\u00eamico. Descri\u00e7\u00e3o O Laborat\u00f3rio de Fisiologia do P\u00e2ncreas End\u00f3crino investiga como diferentes processos fisiopatol\u00f3gicos, bem como a obesidade, o diabetes e a caquexia, podem modular a secre\u00e7\u00e3o de [&hellip;]<\/p>\n","protected":false},"author":9,"featured_media":0,"parent":0,"menu_order":0,"comment_status":"closed","ping_status":"closed","template":"","meta":{"footnotes":""},"class_list":["post-563","page","type-page","status-publish","hentry"],"_links":{"self":[{"href":"https:\/\/pos.uel.br\/pgcif\/wp-json\/wp\/v2\/pages\/563","targetHints":{"allow":["GET"]}}],"collection":[{"href":"https:\/\/pos.uel.br\/pgcif\/wp-json\/wp\/v2\/pages"}],"about":[{"href":"https:\/\/pos.uel.br\/pgcif\/wp-json\/wp\/v2\/types\/page"}],"author":[{"embeddable":true,"href":"https:\/\/pos.uel.br\/pgcif\/wp-json\/wp\/v2\/users\/9"}],"replies":[{"embeddable":true,"href":"https:\/\/pos.uel.br\/pgcif\/wp-json\/wp\/v2\/comments?post=563"}],"version-history":[{"count":8,"href":"https:\/\/pos.uel.br\/pgcif\/wp-json\/wp\/v2\/pages\/563\/revisions"}],"predecessor-version":[{"id":1674,"href":"https:\/\/pos.uel.br\/pgcif\/wp-json\/wp\/v2\/pages\/563\/revisions\/1674"}],"wp:attachment":[{"href":"https:\/\/pos.uel.br\/pgcif\/wp-json\/wp\/v2\/media?parent=563"}],"curies":[{"name":"wp","href":"https:\/\/api.w.org\/{rel}","templated":true}]}}