{"id":560,"date":"2022-04-11T09:36:15","date_gmt":"2022-04-11T12:36:15","guid":{"rendered":"https:\/\/pos.uel.br\/pgcif\/?page_id=560"},"modified":"2025-06-06T09:11:14","modified_gmt":"2025-06-06T12:11:14","slug":"profa-dra-marli-cardoso-martins-pinge","status":"publish","type":"page","link":"https:\/\/pos.uel.br\/pgcif\/profa-dra-marli-cardoso-martins-pinge\/","title":{"rendered":"Profa. Dra.\u00a0Marli Cardoso Martins Pinge"},"content":{"rendered":"\n<figure class=\"wp-block-image size-full is-resized\"><img loading=\"lazy\" decoding=\"async\" width=\"412\" height=\"483\" src=\"https:\/\/pos.uel.br\/pgcif\/wp-content\/uploads\/2022\/09\/Marli.png\" alt=\"\" class=\"wp-image-783\" style=\"width:230px;height:270px\" srcset=\"https:\/\/pos.uel.br\/pgcif\/wp-content\/uploads\/2022\/09\/Marli.png 412w, https:\/\/pos.uel.br\/pgcif\/wp-content\/uploads\/2022\/09\/Marli-256x300.png 256w\" sizes=\"auto, (max-width: 412px) 100vw, 412px\" \/><\/figure>\n\n\n\n<p>Laborat\u00f3rio de&nbsp;Fisiologia e Fisiopatologia Cardiovascular<br><a href=\"mailto:martinspinge@uel.br\">martinspinge@uel.br<\/a>  <\/p>\n\n\n\n<p>(43) 3371-5927<\/p>\n\n\n\n<p>Curr\u00edculo Lattes: <a href=\"http:\/\/lattes.cnpq.br\/0791976490438294\">http:\/\/lattes.cnpq.br\/0791976490438294<\/a><\/p>\n\n\n\n<p>ORCID: <a href=\"https:\/\/orcid.org\/0000-0002-9444-1530\">https:\/\/orcid.org\/0000-0002-9444-1530<\/a><\/p>\n\n\n\n<p><strong>Bolsista produtividade em pesquisa CNPQ<\/strong><a href=\"http:\/\/buscatextual.cnpq.br\/buscatextual\/visualizacv.do?id=K4796530J2\"><\/a><\/p>\n\n\n\n<p><em><strong>Linha de Pesquisa<\/strong><\/em><\/p>\n\n\n\n<p>Fisiologia e Fisiopatologia cardiovascular<\/p>\n\n\n\n<p><em><strong>Descri\u00e7\u00e3o<\/strong><\/em><\/p>\n\n\n\n<p>&nbsp;O interesse do laborat\u00f3rio de fisiologia cardiovascular est\u00e1 em estudar os mecanismos de controle cardiocirculat\u00f3rio central e perif\u00e9rico em animais sob condi\u00e7\u00f5es fisiol\u00f3gicas como o exerc\u00edcio f\u00edsico e mudan\u00e7as posturais, bem como em modelos animais de doen\u00e7as como a obesidade, a sepse, a doen\u00e7a de Chagas e o parkinsonismo. Para essa abordagem utilizamos t\u00e9cnicas de estereotaxia; registro cardiovascular invasivo e n\u00e3o invasivo; an\u00e1lise da variabilidade cardiovascular e dosagens bioqu\u00edmicas em plasma e tecidos.<\/p>\n\n\n\n<p><em><strong>Research description: <\/strong>The Cardiovascular Physiology Laboratory is interested in studying central and peripheral cardiocirculatory control mechanisms in animals under physiological conditions such as physical exercise and postural changes, as well as in animal models of diseases such as obesity, sepsis, Chagas disease, and parkinsonism. For this approach, we use techniques such as stereotaxy; invasive and non-invasive cardiovascular recording; analysis of cardiovascular variability; and biochemical assays in plasma and tissues.<\/em><\/p>\n\n\n\n<p><em><strong>Principais trabalhos<\/strong><\/em><\/p>\n\n\n\n<p><a href=\"http:\/\/lattes.cnpq.br\/0791976490438294\" target=\"_blank\" rel=\"noreferrer noopener\"><strong>MARTINS-PINGE, M. C.<\/strong><\/a>; <strong>JAGER, L. ; CAMPOS, B. H. <\/strong>; BEZERRA, L. O. ; TURINI, P. G. ; PINGE-FILHO, PHILENO . NITRIC OXIDE INVOLVEMENT IN CARDIOVASCULAR DYSFUNTIONS OF PARKINSON DISEASE. Frontiers in Pharmacology<sup><\/sup>, v. 13, p. 898797, 2022.<\/p>\n\n\n\n<p><strong>LOPES, F. N. C. ;&nbsp;<\/strong><a href=\"http:\/\/lattes.cnpq.br\/0519399668553151\" target=\"_blank\" rel=\"noreferrer noopener\"><strong>CUNHA, N. V.<\/strong><\/a><strong>&nbsp;; CAMPOS, B. H.<\/strong> ; FATTORI, V. ;&nbsp;<a href=\"http:\/\/lattes.cnpq.br\/6647155856678648\" target=\"_blank\" rel=\"noreferrer noopener\">PANIS, C.<\/a>&nbsp;;&nbsp;<a href=\"http:\/\/lattes.cnpq.br\/6761490394979307\" target=\"_blank\" rel=\"noreferrer noopener\">Cecchini R<\/a>&nbsp;; VERRI JUNIOR, W. ; PINGE-FILHO, PHILENO ;&nbsp;<strong>MARTINS-PINGE, M. C.<\/strong>&nbsp;. Antioxidant therapy reverses sympathetic dysfunction, oxidative stress, and hypertension in male hyperadipose rats. LIFE SCIENCES<sup><\/sup>, v. 295, p. 120405, 2022.<\/p>\n\n\n\n<p><strong>RAQUEL, H. A<\/strong>. ; GUAZELLI, C. F. S. ;&nbsp;<a href=\"http:\/\/lattes.cnpq.br\/5522072399581578\" target=\"_blank\" rel=\"noreferrer noopener\">VERRI JR, W. A.<\/a>&nbsp;; Michelini LC ;&nbsp;<strong>MARTINS-PINGE, M. C.<\/strong>&nbsp;. Swimming training reduces iNOS expression, augments the antioxidant defense and reduces sympathetic responsiveness in the rostral ventrolateral medulla of normotensive male rats. BRAIN RESEARCH BULLETIN<sup><\/sup>, v. 170, p. 225-233, 2021.<\/p>\n\n\n\n<p><strong>DE CAMPOS, BLENDA HYEDRA ; DE JAGER, LORENA ; REGINATO, GABRIELA SOUZA<\/strong> ; PEREIRA, RITO SANTO ;&nbsp;<a href=\"http:\/\/lattes.cnpq.br\/1117432571971568\" target=\"_blank\" rel=\"noreferrer noopener\">CRESTANI, Carlos C\u00e9sar<\/a>&nbsp;; PINGE-FILHO, PHILENO ;&nbsp;<strong>MARTINS-PINGE, MARLI CARDOSO<\/strong>&nbsp;. Cardiovascular evaluation of female rats with 6-OHDA-induced parkinsonism: Possible protection by ovarian hormones and participation of nitric oxide. LIFE SCIENCES<sup><\/sup>, v. 259, p. 118259, 2020.<\/p>\n\n\n\n<p><strong>TUROSSI AMORIM, ERIC DIEGO ; DE JAGER, LORENA ; MARTINS, ANDRESSA BUSETTI<\/strong> ; RODRIGUES, ANANDA TOTTI ; <strong>CRUZ LUCCHETTI, BRUNO FERNANDO<\/strong> ; ARIZA, DEBORAH ; PINGE&#8217;FILHO, PHILENO ;&nbsp;<a href=\"http:\/\/lattes.cnpq.br\/1117432571971568\" target=\"_blank\" rel=\"noreferrer noopener\">CRESTANI, Carlos Cesar<\/a>&nbsp;; UCHOA, ERNANE TORRES ;&nbsp;<strong>MARTINS&#8217;PINGE, MARLI CARDOSO<\/strong>&nbsp;. Glutamate and GABA neurotransmission are increased in paraventricular nucleus of hypothalamus in rats induced to 6-OHDA parkinsonism: Involvement of nNOS. ACTA PHYSIOLOGICA (ONLINE)<sup><\/sup>, v. 226, p. e13264, 2019.<\/p>\n\n\n\n<p><strong>LUCCHETTI, B.<\/strong> ; BOARETTO, N. <strong>; LOPES, F. N. C.<\/strong> ;&nbsp;<a href=\"http:\/\/lattes.cnpq.br\/5806902602609951\" target=\"_blank\" rel=\"noreferrer noopener\">MALVEZI, A. D.<\/a>&nbsp;; LOVO-MARTINS, M. I. ;&nbsp;<a href=\"http:\/\/lattes.cnpq.br\/0294941026930063\" target=\"_blank\" rel=\"noreferrer noopener\">TATAKIHARA, V.<\/a>&nbsp;; FATTORI, V. ; PEREIRA, R. ; VERRI JUNIOR, W. ; ARAUJO, E. J. A. ; PINGE-FILHO, PHILENO ;&nbsp;<strong>MARTINS-PINGE, M. C.<\/strong>&nbsp;. Metabolic syndrome agravates cardiovascular, oxidative and inflammatory dysfunction during the acute phase of Trypanosoma cruzi infection in mice. Scientific Reports<sup><\/sup>, v. 9, p. 18885, 2019.<\/p>\n\n\n\n<p><strong>DE JAGER, LORENA ; AMORIM, ERIC DIEGO TUROSSI ; LUCCHETTI, BRUNO FERNANDO CRUZ ; LOPES, FERNANDA NOVI CORTEGOSO<\/strong> ;&nbsp;<a href=\"http:\/\/lattes.cnpq.br\/1117432571971568\" target=\"_blank\" rel=\"noreferrer noopener\">CRESTANI, Carlos Cesar<\/a>&nbsp;; PINGE-FILHO, PHILENO ;&nbsp;<strong>MARTINS-PINGE, MARLI CARDOSO<\/strong>&nbsp;. Nitric oxide alterations in cardiovascular system of rats with Parkinsonism induced by 6-OHDA and submitted to previous exercise. LIFE SCIENCES<sup><\/sup>, v. 204, p. 78-86, 2018.<\/p>\n\n\n\n<p><strong>RAQUEL, H. A<\/strong>. ; FERREIRA, N. Z. ; <strong>LUCCHETTI, B<\/strong>. ; BARNA, B. F. ; PINGE-FILHO, PHILENO ; Michelini LC ;&nbsp;<strong>MARTINS-PINGE, M. C.<\/strong>&nbsp;. The essential role of hypothalamic paraventricular nucleus nNOS in the modulation of autonomic control in exercised rats. NITRIC OXIDE-BIOLOGY AND CHEMISTRY<sup><\/sup>, v. 79, p. 14-24, 2018.<\/p>\n\n\n\n<p><strong>PAULA, J. C. C. ; CAMPOS, B. H. ; JAGER, L. ; AMORIM, E. D. T.<\/strong> ;&nbsp;<a href=\"http:\/\/lattes.cnpq.br\/1854961552174987\" target=\"_blank\" rel=\"noreferrer noopener\">ZANLUQUI, N.<\/a>&nbsp;; FARIAS, C. C. ; HIGASHI, L. ; PINGE-FILHO, PHILENO ; BARBOSA, D. S. ;&nbsp;<strong>MARTINS-PINGE, M. C.<\/strong>&nbsp;. Effects of Inducible Nitric Oxide Synthase Inhibition on Cardiovascular Risk of Adult Endotoxemic Female Rats: Role of Estrogen. Frontiers in Physiology<sup><\/sup>, v. 9, p. 1020, 2018.<\/p>\n\n\n\n<p><a href=\"http:\/\/lattes.cnpq.br\/0519399668553151\" target=\"_blank\" rel=\"noreferrer noopener\"><strong>CUNHA, N. V.<\/strong><\/a><strong>&nbsp;; LOPES, F. N. C.<\/strong> ;&nbsp;<a href=\"http:\/\/lattes.cnpq.br\/6647155856678648\" target=\"_blank\" rel=\"noreferrer noopener\">PANIS, C.<\/a>&nbsp;;&nbsp;<a href=\"http:\/\/lattes.cnpq.br\/6761490394979307\" target=\"_blank\" rel=\"noreferrer noopener\">Cecchini R<\/a>&nbsp;; PINGE-FILHO, PHILENO ;&nbsp;<strong>MARTINS-PINGE, M. C.<\/strong>&nbsp;. iNOS inhibition improves autonomic dysfunction and oxidative status in hypertensive obese rats. Clinical and Experimental Hypertension (1993, Print)<sup><\/sup>, v. 39, p. 50-57, 2017.<\/p>\n\n\n\n<p><strong>LUCCHETTI, B<\/strong>. ;&nbsp;<a href=\"http:\/\/lattes.cnpq.br\/1854961552174987\" target=\"_blank\" rel=\"noreferrer noopener\">ZANLUQUI, N.<\/a>&nbsp;; <strong>RAQUEL, H. A<\/strong>. ; LOVO-MARTINS, M. I. ; TATAKIHARA VL ; BELEM, M. O. ; Michelini LC ; ARAUJO, E. J. A. ;&nbsp;<a href=\"http:\/\/lattes.cnpq.br\/1339724757657824\" target=\"_blank\" rel=\"noreferrer noopener\">Pinge-Filho, P.<\/a>&nbsp;;&nbsp;<strong>MARTINS-PINGE, M. C.<\/strong>&nbsp;. Moderate treadmill exercise training improves cardiovascular and nitrergic response and resistance to Trypanosoma cruzi infection in mice. Frontiers in Physiology<sup><\/sup>, v. 8, p. 315, 2017.<\/p>\n\n\n\n<p><strong>PAULA, J. C. C. ; CAMPOS, B. H. ; AMORIM, E. D. T.<\/strong> ; SILVA, R. V. ; FARIAS, C. C. ; HIGASHI, L. ;&nbsp;<a href=\"http:\/\/lattes.cnpq.br\/1339724757657824\" target=\"_blank\" rel=\"noreferrer noopener\">Pinge-Filho, P.<\/a>&nbsp;; BARBOSA, D. S. ;&nbsp;<strong>MARTINS-PINGE, M. C.<\/strong>&nbsp;. Cardiovascular risk and the effect of nitric oxide synthase inhibition in female rats: The role of estrogen. EXPERIMENTAL GERONTOLOGY<sup><\/sup>, v. 97, p. 38-48, 2017.<\/p>\n\n\n\n<p><strong>RAQUEL, H. A.<\/strong> ; MASSON, G. S. ; BARNA, B. F. ;&nbsp;<a href=\"http:\/\/lattes.cnpq.br\/1854961552174987\" target=\"_blank\" rel=\"noreferrer noopener\">ZANLUQUI, N.<\/a>&nbsp;; PINGE-FILHO, PHILENO ; Michelini LC ;&nbsp;<strong>MARTINS-PINGE, M. C.<\/strong>&nbsp;. SWIMMING TRAINING MODULATES NITRIC OXIDE-GLUTAMATE INTERACTION IN THE ROSTRAL VENTROLATERAL MEDULLA IN NORMOTENSIVE CONSCIOUS RATS. Frontiers in Physiology<sup><\/sup>, v. 7, p. 221, 2016.<\/p>\n\n\n\n<p><a href=\"http:\/\/lattes.cnpq.br\/5432463077094134\" target=\"_blank\" rel=\"noreferrer noopener\"><strong>ARIZA, D.<\/strong><\/a>&nbsp;; SISDELI, L. ;&nbsp;<a href=\"http:\/\/lattes.cnpq.br\/1117432571971568\" target=\"_blank\" rel=\"noreferrer noopener\">CRESTANI, Carlos Cesar<\/a>&nbsp;;&nbsp;<a href=\"http:\/\/lattes.cnpq.br\/4408216727557437\" target=\"_blank\" rel=\"noreferrer noopener\">Fazan Jr., R<\/a>&nbsp;;&nbsp;<strong>MARTINS-PINGE, M. C.<\/strong>&nbsp;. DYSAUTONOMIAS IN PARKINSON&#8217;S DISEASE: CARDIOVASCULAR CHANGES AND AUTONOMIC MODULATION IN CONSCIOUS RATS AFTER INFUSION OF BILATERAL 6-OHDA IN SUBSTANTIA NIGRA. American Journal of Physiology. Heart and Circulatory Physiology<sup><\/sup>, v. 308, p. H250-H257, 2015.<\/p>\n\n\n\n<p><a href=\"http:\/\/lattes.cnpq.br\/3749125922693079\" target=\"_blank\" rel=\"noreferrer noopener\">Silva, AS<\/a>&nbsp;;&nbsp;<a href=\"http:\/\/lattes.cnpq.br\/5432463077094134\" target=\"_blank\" rel=\"noreferrer noopener\"><strong>ARIZA, D.<\/strong><\/a>&nbsp;;&nbsp;<a href=\"http:\/\/lattes.cnpq.br\/2530809524449421\" target=\"_blank\" rel=\"noreferrer noopener\">DIAS, Daniel P M<\/a>&nbsp;;&nbsp;<a href=\"http:\/\/lattes.cnpq.br\/1117432571971568\" target=\"_blank\" rel=\"noreferrer noopener\">CRESTANI, Carlos C\u00e9sar<\/a>&nbsp;;&nbsp;<strong>MARTINS-PINGE, M. C.<\/strong>&nbsp;. Cardiovascular and autonomic alterations in rats with parkinsonism induced by 6-OHDA and treated with L-DOPA. Life Sciences (1973)<sup><\/sup>, v. 127, p. 82-89, 2015.<\/p>\n\n\n\n<p><strong>AMORIM, E. D. T. ; PERAS, V. R. ;&nbsp;<\/strong><a href=\"http:\/\/lattes.cnpq.br\/7468645157309430\" target=\"_blank\" rel=\"noreferrer noopener\"><strong>ANDRADE, O.<\/strong><\/a>&nbsp;;&nbsp;<strong>MARTINS-PINGE, M. C.<\/strong>&nbsp;. Functional evidence of paraventricular nucleus involvement in cardiovascular and autonomic modulation in response to acute microgravity (head-down tilt) in unanesthetized rats. Journal of Neuroscience Research<sup><\/sup>, v. 93, p. 1305-1312, 2015.<\/p>\n\n\n\n<p><a href=\"http:\/\/lattes.cnpq.br\/5432463077094134\" target=\"_blank\" rel=\"noreferrer noopener\"><strong>Ariza, D<\/strong><\/a><strong>&nbsp;; LOPES, F. N. C.<\/strong> ;&nbsp;<a href=\"http:\/\/lattes.cnpq.br\/1117432571971568\" target=\"_blank\" rel=\"noreferrer noopener\">CRESTANI, Carlos Cesar<\/a>&nbsp;;&nbsp;<strong>MARTINS-PINGE, MARLI CARDOSO<\/strong>&nbsp;. CHEMOREFLEX AND BAROREFLEX ALTERATIONS IN PARKINSONISM INDUCED BY 6-OHDA IN UNANESTHETIZED RATS. Neuroscience Letters (Print)<sup><\/sup>, v. 607, p. 77-82, 2015.<\/p>\n\n\n\n<p><a href=\"http:\/\/lattes.cnpq.br\/0519399668553151\" target=\"_blank\" rel=\"noreferrer noopener\"><strong>CUNHA, N. V.<\/strong><\/a><strong>&nbsp;<\/strong>;&nbsp;<a href=\"http:\/\/lattes.cnpq.br\/1339724757657824\" target=\"_blank\" rel=\"noreferrer noopener\">Pinge-Filho, P.<\/a>&nbsp;;&nbsp;<a href=\"http:\/\/lattes.cnpq.br\/6647155856678648\" target=\"_blank\" rel=\"noreferrer noopener\">PANIS, C.<\/a>&nbsp;;&nbsp;<a href=\"http:\/\/lattes.cnpq.br\/7636218585548758\" target=\"_blank\" rel=\"noreferrer noopener\">SILVA, B. R.<\/a>&nbsp;; PERMONIAN, L. ;&nbsp;<a href=\"http:\/\/lattes.cnpq.br\/0008857812423112\" target=\"_blank\" rel=\"noreferrer noopener\">GRANDO, M. D.<\/a>&nbsp;;&nbsp;<a href=\"http:\/\/lattes.cnpq.br\/6761490394979307\" target=\"_blank\" rel=\"noreferrer noopener\">Cecchini R<\/a>&nbsp;; BENDHACK, L. M. ;&nbsp;<strong>MARTINS-PINGE, M. C.<\/strong>&nbsp;. DECREASED ENDOTHELIAL NITRIC OXIDE, SYSTEMIC OXIDATIVE STRESS AND INCREASED SYMPATHETIC MODULATION CONTRIBUTE TO HYPERTENSION IN OBESE RATS. American Journal of Physiology. Heart and Circulatory Physiology<sup><\/sup>, v. 306, p. H1472-H1480, 2014.<\/p>\n\n\n\n<p><a href=\"http:\/\/lattes.cnpq.br\/7468645157309430\" target=\"_blank\" rel=\"noreferrer noopener\"><strong>de Andrade, Ozahyr<\/strong><\/a><strong>&nbsp;<\/strong>;&nbsp;<a href=\"http:\/\/lattes.cnpq.br\/3515336086991160\" target=\"_blank\" rel=\"noreferrer noopener\">BORGHI, SERGIO MARQUES<\/a>&nbsp;;&nbsp;<a href=\"http:\/\/lattes.cnpq.br\/2135880931401089\" target=\"_blank\" rel=\"noreferrer noopener\">de Souza, Hugo Celso Dutra<\/a>&nbsp;;&nbsp;<a href=\"http:\/\/lattes.cnpq.br\/9908417714364407\" target=\"_blank\" rel=\"noreferrer noopener\">Fontes, Marco Antonio Peliky<\/a>&nbsp;;&nbsp;<strong>MARTINS-PINGE, MARLI CARDOSO<\/strong>&nbsp;. Paraventricular nucleus of hypothalamus participates in the sympathetic modulation and spontaneous fluctuation of baroreflex during head up tilt in unanesthetized rats. Neuroscience Letters (Print)<sup><\/sup>, v. 558, p. 1-7, 2014.<\/p>\n","protected":false},"excerpt":{"rendered":"<p>Laborat\u00f3rio de&nbsp;Fisiologia e Fisiopatologia Cardiovascularmartinspinge@uel.br (43) 3371-5927 Curr\u00edculo Lattes: http:\/\/lattes.cnpq.br\/0791976490438294 ORCID: https:\/\/orcid.org\/0000-0002-9444-1530 Bolsista produtividade em pesquisa CNPQ Linha de Pesquisa Fisiologia e Fisiopatologia cardiovascular Descri\u00e7\u00e3o &nbsp;O interesse do laborat\u00f3rio de fisiologia cardiovascular est\u00e1 em estudar os mecanismos de controle cardiocirculat\u00f3rio central e perif\u00e9rico em animais sob condi\u00e7\u00f5es fisiol\u00f3gicas como o exerc\u00edcio f\u00edsico e mudan\u00e7as posturais, [&hellip;]<\/p>\n","protected":false},"author":9,"featured_media":0,"parent":0,"menu_order":0,"comment_status":"closed","ping_status":"closed","template":"","meta":{"footnotes":""},"class_list":["post-560","page","type-page","status-publish","hentry"],"_links":{"self":[{"href":"https:\/\/pos.uel.br\/pgcif\/wp-json\/wp\/v2\/pages\/560","targetHints":{"allow":["GET"]}}],"collection":[{"href":"https:\/\/pos.uel.br\/pgcif\/wp-json\/wp\/v2\/pages"}],"about":[{"href":"https:\/\/pos.uel.br\/pgcif\/wp-json\/wp\/v2\/types\/page"}],"author":[{"embeddable":true,"href":"https:\/\/pos.uel.br\/pgcif\/wp-json\/wp\/v2\/users\/9"}],"replies":[{"embeddable":true,"href":"https:\/\/pos.uel.br\/pgcif\/wp-json\/wp\/v2\/comments?post=560"}],"version-history":[{"count":8,"href":"https:\/\/pos.uel.br\/pgcif\/wp-json\/wp\/v2\/pages\/560\/revisions"}],"predecessor-version":[{"id":1676,"href":"https:\/\/pos.uel.br\/pgcif\/wp-json\/wp\/v2\/pages\/560\/revisions\/1676"}],"wp:attachment":[{"href":"https:\/\/pos.uel.br\/pgcif\/wp-json\/wp\/v2\/media?parent=560"}],"curies":[{"name":"wp","href":"https:\/\/api.w.org\/{rel}","templated":true}]}}