{"id":556,"date":"2022-04-08T16:26:06","date_gmt":"2022-04-08T19:26:06","guid":{"rendered":"https:\/\/pos.uel.br\/pgcif\/?page_id=556"},"modified":"2025-06-06T09:08:43","modified_gmt":"2025-06-06T12:08:43","slug":"prof-dr-marcos-polito","status":"publish","type":"page","link":"https:\/\/pos.uel.br\/pgcif\/prof-dr-marcos-polito\/","title":{"rendered":"Prof. Dr.\u00a0Marcos D. Polito"},"content":{"rendered":"\n<p>Laborat\u00f3rio de Pesquisa em Respostas Cardiovasculares e Exerc\u00edcio<strong>.<\/strong><a href=\"mailto:martinspinge@uel.br\">   <\/a><\/p>\n\n\n\n<p><a href=\"mailto:martinspinge@uel.br\">marcospolito@uel.br<\/a>   <\/p>\n\n\n\n<p>(43) 3371-4238   <\/p>\n\n\n\n<p>Curr\u00edculo Lattes: <a href=\"http:\/\/lattes.cnpq.br\/6671499255800734\"> http:\/\/lattes.cnpq.br\/6671499255800734<\/a><\/p>\n\n\n\n<p>ORCID: <a href=\"https:\/\/orcid.org\/0000-0002-6720-007X\">https:\/\/orcid.org\/0000-0002-6720-007X<\/a><a href=\"http:\/\/buscatextual.cnpq.br\/buscatextual\/visualizacv.do?id=K4796530J2\"><\/a><\/p>\n\n\n\n<p><strong>Bolsista de produtividade em pesquisa CNPQ<\/strong><\/p>\n\n\n\n<p><em><strong>Linha de Pesquisa<\/strong><\/em><\/p>\n\n\n\n<p>Fisiologia e Fisiopatologia cardiovascular<\/p>\n\n\n\n<p><br><em><strong>Descri\u00e7\u00e3o<\/strong><\/em><\/p>\n\n\n\n<p>Respostas Cardiovasculares e Exerc\u00edcio (Centro de Educa\u00e7\u00e3oF\u00edsica e Esporte). Principais atividades: Estudo das principais respostascardiovasculares durante e ap\u00f3s o exerc\u00edcio f\u00edsico, assim como emdecorr\u00eancia do treinamento em longo prazo. Al\u00e9m disso, tamb\u00e9m s\u00e3o estudadas as a\u00e7\u00f5es de recursos ergog\u00eanicos sobre o desempenho f\u00edsico<\/p>\n\n\n\n<p><em><strong>Principais trabalhos<\/strong><\/em><br>POTON, R. ;&nbsp;POLITO, M.D. . Hemodynamic response to resistance exercisewith and without blood flow restriction in healthy subjects. Clinical<br>Physiology and Functional Imaging (Print), v. 36, p. 231-236, 2016.<\/p>\n\n\n\n<p>GOESSLER, K.F. ;&nbsp;POLITO, M.D. ; CORNELISSEN, V. . Effect of exercisetraining on the renin-angiotensin-aldosterone system in healthy<br>individuals: a systematic review and meta-analysis. Hypertension Research,v. 39, p. 119-126, 2016.<\/p>\n\n\n\n<p>POLITO, M.D.; SOUZA, D. B. ; CASONATTO, J. ; Farinatti, Paulo . Acuteeffect of caffeine consumption on isotonic muscular strength and<br>endurance: A systematic review and meta-analysis. Science &amp; Sports, v. 31,p. 119-128, 2016<\/p>\n\n\n\n<p>GOESSLER, K.F. ; MARTINS-PINGE, M. ; CUNHA, N. ; KAREN-AMARANTE, M. ;ANDRADE, F. G. ;&nbsp;POLITO, M. D. . Direct renin inhibitor therapy andswimming training: hemodynamic and cardiac effects in hypertensive andnormotensive rats. Clinical and Experimental Hypertension (1993, Print),v. 37, p. 345-352, 2015.<\/p>\n\n\n\n<p>DIAS, T. C. ;&nbsp;POLITO, M.D. . Acute Cardiovascular Response duringResistance Exercise with Whole-body Vibration in Sedentary Subjects: A<br>Randomized Cross-over Trial. Research in Sports Medicine: An InternationalJournal, v. 23, p. 253-264, 2015.<\/p>\n\n\n\n<p>GOESSLER, K.F. ; CORNELISSEN, V. ; OLIVEIRA, E. M. ; MOTA, G.F. ;&nbsp;POLITO,M.D. . ACE polymorphisms and the acute response of blood pressure to awalk in medicated hypertensive patients. Journal of theRenin-Angiotensin-Aldosterone System, v. 16, p. 720-729, 2015.<\/p>\n","protected":false},"excerpt":{"rendered":"<p>Laborat\u00f3rio de Pesquisa em Respostas Cardiovasculares e Exerc\u00edcio. marcospolito@uel.br (43) 3371-4238 Curr\u00edculo Lattes: http:\/\/lattes.cnpq.br\/6671499255800734 ORCID: https:\/\/orcid.org\/0000-0002-6720-007X Bolsista de produtividade em pesquisa CNPQ Linha de Pesquisa Fisiologia e Fisiopatologia cardiovascular Descri\u00e7\u00e3o Respostas Cardiovasculares e Exerc\u00edcio (Centro de Educa\u00e7\u00e3oF\u00edsica e Esporte). Principais atividades: Estudo das principais respostascardiovasculares durante e ap\u00f3s o exerc\u00edcio f\u00edsico, assim como emdecorr\u00eancia do [&hellip;]<\/p>\n","protected":false},"author":9,"featured_media":0,"parent":0,"menu_order":0,"comment_status":"closed","ping_status":"closed","template":"","meta":{"footnotes":""},"class_list":["post-556","page","type-page","status-publish","hentry"],"_links":{"self":[{"href":"https:\/\/pos.uel.br\/pgcif\/wp-json\/wp\/v2\/pages\/556","targetHints":{"allow":["GET"]}}],"collection":[{"href":"https:\/\/pos.uel.br\/pgcif\/wp-json\/wp\/v2\/pages"}],"about":[{"href":"https:\/\/pos.uel.br\/pgcif\/wp-json\/wp\/v2\/types\/page"}],"author":[{"embeddable":true,"href":"https:\/\/pos.uel.br\/pgcif\/wp-json\/wp\/v2\/users\/9"}],"replies":[{"embeddable":true,"href":"https:\/\/pos.uel.br\/pgcif\/wp-json\/wp\/v2\/comments?post=556"}],"version-history":[{"count":4,"href":"https:\/\/pos.uel.br\/pgcif\/wp-json\/wp\/v2\/pages\/556\/revisions"}],"predecessor-version":[{"id":1672,"href":"https:\/\/pos.uel.br\/pgcif\/wp-json\/wp\/v2\/pages\/556\/revisions\/1672"}],"wp:attachment":[{"href":"https:\/\/pos.uel.br\/pgcif\/wp-json\/wp\/v2\/media?parent=556"}],"curies":[{"name":"wp","href":"https:\/\/api.w.org\/{rel}","templated":true}]}}