{"id":553,"date":"2022-04-08T16:23:19","date_gmt":"2022-04-08T19:23:19","guid":{"rendered":"https:\/\/pos.uel.br\/pgcif\/?page_id=553"},"modified":"2025-06-06T09:07:50","modified_gmt":"2025-06-06T12:07:50","slug":"profa-dra-juliana-delatim-simonato-rocha","status":"publish","type":"page","link":"https:\/\/pos.uel.br\/pgcif\/profa-dra-juliana-delatim-simonato-rocha\/","title":{"rendered":"Profa. Dra.\u00a0Juliana Delatim Simonato Rocha"},"content":{"rendered":"\n<figure class=\"wp-block-image size-full is-resized\"><img loading=\"lazy\" decoding=\"async\" width=\"111\" height=\"138\" src=\"https:\/\/pos.uel.br\/pgcif\/wp-content\/uploads\/2022\/04\/JULIANA.jpg\" alt=\"\" class=\"wp-image-595\" style=\"width:187px;height:232px\" \/><\/figure>\n\n\n\n<p>Laborat\u00f3rio de&nbsp;Ecofisiologia Animal  <\/p>\n\n\n\n<p><a href=\"mailto:jsimonato@uel.br\">jsimonato@uel.br<\/a>  <\/p>\n\n\n\n<p>(43) 3371-4650  <\/p>\n\n\n\n<p>Curr\u00edculo Lattes: <a href=\"http:\/\/lattes.cnpq.br\/0889677472146308\"> http:\/\/lattes.cnpq.br\/0889677472146308<\/a><\/p>\n\n\n\n<p>ORCID: <a href=\"https:\/\/orcid.org\/0000-0002-1623-1490\">https:\/\/orcid.org\/0000-0002-1623-1490<\/a><\/p>\n\n\n\n<p><em><strong>Linha de Pesquisa<\/strong><\/em><\/p>\n\n\n\n<p><strong>Ecotoxicologia de animais aqu\u00e1ticos &#8211;<\/strong>&nbsp;Avaliar altera\u00e7\u00f5es na fisiologia de animais aqu\u00e1ticos expostos a contaminantes presentes no ambiente utilizando diferentes biomarcadores (gen\u00e9ticos, bioqu\u00edmicos, celulares, fisiol\u00f3gicos e histol\u00f3gicos).<\/p>\n\n\n\n<p><em><strong>Descri\u00e7\u00e3o<\/strong><\/em><\/p>\n\n\n\n<p>No Laborat\u00f3rio de Ecofisiologia Animal (LEFA) estudamos par\u00e2metros fisiol\u00f3gicos, bioqu\u00edmicos, moleculares, gen\u00e9ticos e celulares como biomarcadores em organismos aqu\u00e1ticos para a compreens\u00e3o da exposi\u00e7\u00e3o destes organismos a diferentes classes de contaminantes.<\/p>\n\n\n\n<p><strong><em>Reserach description:<\/em><\/strong> <em>In the Animal Ecophysiology Laboratory (LEFA), we study physiological, biochemical, molecular, genetic, and cellular parameters as biomarkers in aquatic organisms to understand their exposure to different classes of contaminants.<\/em><\/p>\n\n\n\n<p><em><strong>Principais trabalhos<\/strong><\/em><\/p>\n\n\n\n<p>&nbsp;<strong>SIMONATO, Juliana Delatim<\/strong>; MELA, M.; DORI, H. B.; GUILOSKI, I. C.; RANDI, M. A. F.; CARVALHO, P. S. M.; MELETTI, P. C.; ASSIS, H. C. S.; BIANCHINI, A.; MARTINEZ, Cl\u00e1udia B R. Biomarkers of waterborne copper exposure in the Neotropical fish Prochilodus lineatus.&nbsp;Aquatic Toxicology. , v.170, p.31 &#8211; 41, 2016.<\/p>\n\n\n\n<p>&nbsp;PALERMO, FRANCINE F.; RISSO, WAGNER E.;&nbsp;<strong>Simonato, Juliana D.<\/strong>; MARTINEZ, CLAUDIA B.R. Bioaccumulation of nickel and its biochemical and genotoxic effects on juveniles of the neotropical fish Prochilodus lineatus.&nbsp;Ecotoxicology and Environmental Safety. , v.116, p.19 &#8211; 28, 2015.<\/p>\n\n\n\n<p><strong>Simonato, Juliana D.<\/strong>; FERNANDES, Marisa N.; MARTINEZ, CLAUDIA B. R.Physiological effects of gasoline on the freshwater fish Prochilodus lineatus (Characiformes: Prochilodontidae).&nbsp;Neotropical Ichthyology , v.11, p.683 &#8211; 691, 2013.<\/p>\n\n\n\n<p><strong>Simonato, Juliana D.<\/strong>; Fernandes, Marisa Narciso; Martinez, Cl\u00e1udia B. R.Gasoline effects on biotransformation and antioxidant defenses of the freshwater fish Prochilodus lineatus. Ecotoxicology (London). , v.20, p.1400 &#8211; 1410, 2011.<\/p>\n\n\n\n<p>Fedato, R.P.;&nbsp;<strong>Simonato, J.D.<\/strong>; Martinez, C.B.R.; Sofia, S.H.Genetic damage in the bivalve mollusk Corbicula fluminea induced by the water-soluble fraction of gasoline. Mutation Research. Genetic Toxicology and Environmental Mutagenesis. , v.700, p.80 &#8211; 85, 2010.<\/p>\n\n\n\n<p>SIMONATO, Juliana Delatim; GUEDES, Carmen L. B.; MARTINEZ, Cl\u00e1udia B RBiochemical, physiological and histological changes in the neotropical fish Prochilodus lineatus exposed to diesel oil.&nbsp;Ecotoxicology and Environmental Safety. , v.69, p.112 &#8211; 120, 2008.<\/p>\n\n\n\n<p>&nbsp;SIMONATO, Juliana Delatim; ALBINATI, Ana Catarina L; MARTINEZ, Cl\u00e1udia B R.&nbsp;Effects of the Water Soluble Fraction of Diesel Fuel Oil on Some Functional Parameters of the Neotropical Freshwater Fish Prochilodus lineatus Valenciennes.&nbsp;Bulletin of Environmental Contamination and Toxicology. , v.76, p.505 &#8211; 511, 2006.<\/p>\n","protected":false},"excerpt":{"rendered":"<p>Laborat\u00f3rio de&nbsp;Ecofisiologia Animal jsimonato@uel.br (43) 3371-4650 Curr\u00edculo Lattes: http:\/\/lattes.cnpq.br\/0889677472146308 ORCID: https:\/\/orcid.org\/0000-0002-1623-1490 Linha de Pesquisa Ecotoxicologia de animais aqu\u00e1ticos &#8211;&nbsp;Avaliar altera\u00e7\u00f5es na fisiologia de animais aqu\u00e1ticos expostos a contaminantes presentes no ambiente utilizando diferentes biomarcadores (gen\u00e9ticos, bioqu\u00edmicos, celulares, fisiol\u00f3gicos e histol\u00f3gicos). Descri\u00e7\u00e3o No Laborat\u00f3rio de Ecofisiologia Animal (LEFA) estudamos par\u00e2metros fisiol\u00f3gicos, bioqu\u00edmicos, moleculares, gen\u00e9ticos e celulares [&hellip;]<\/p>\n","protected":false},"author":9,"featured_media":0,"parent":0,"menu_order":0,"comment_status":"closed","ping_status":"closed","template":"","meta":{"footnotes":""},"class_list":["post-553","page","type-page","status-publish","hentry"],"_links":{"self":[{"href":"https:\/\/pos.uel.br\/pgcif\/wp-json\/wp\/v2\/pages\/553","targetHints":{"allow":["GET"]}}],"collection":[{"href":"https:\/\/pos.uel.br\/pgcif\/wp-json\/wp\/v2\/pages"}],"about":[{"href":"https:\/\/pos.uel.br\/pgcif\/wp-json\/wp\/v2\/types\/page"}],"author":[{"embeddable":true,"href":"https:\/\/pos.uel.br\/pgcif\/wp-json\/wp\/v2\/users\/9"}],"replies":[{"embeddable":true,"href":"https:\/\/pos.uel.br\/pgcif\/wp-json\/wp\/v2\/comments?post=553"}],"version-history":[{"count":5,"href":"https:\/\/pos.uel.br\/pgcif\/wp-json\/wp\/v2\/pages\/553\/revisions"}],"predecessor-version":[{"id":1671,"href":"https:\/\/pos.uel.br\/pgcif\/wp-json\/wp\/v2\/pages\/553\/revisions\/1671"}],"wp:attachment":[{"href":"https:\/\/pos.uel.br\/pgcif\/wp-json\/wp\/v2\/media?parent=553"}],"curies":[{"name":"wp","href":"https:\/\/api.w.org\/{rel}","templated":true}]}}