{"id":549,"date":"2022-04-08T16:21:01","date_gmt":"2022-04-08T19:21:01","guid":{"rendered":"https:\/\/pos.uel.br\/pgcif\/?page_id=549"},"modified":"2025-08-29T17:19:58","modified_gmt":"2025-08-29T20:19:58","slug":"profa-dra-graziela-scalianti-ceravolo","status":"publish","type":"page","link":"https:\/\/pos.uel.br\/pgcif\/profa-dra-graziela-scalianti-ceravolo\/","title":{"rendered":"Profa. Dra.Graziela Scalianti Ceravolo"},"content":{"rendered":"\n<figure class=\"wp-block-image size-large is-resized\"><img loading=\"lazy\" decoding=\"async\" width=\"844\" height=\"1024\" src=\"https:\/\/pos.uel.br\/pgcif\/wp-content\/uploads\/2022\/04\/GRAZIELA-844x1024.jpg\" alt=\"\" class=\"wp-image-602\" style=\"width:211px;height:256px\" srcset=\"https:\/\/pos.uel.br\/pgcif\/wp-content\/uploads\/2022\/04\/GRAZIELA-844x1024.jpg 844w, https:\/\/pos.uel.br\/pgcif\/wp-content\/uploads\/2022\/04\/GRAZIELA-247x300.jpg 247w, https:\/\/pos.uel.br\/pgcif\/wp-content\/uploads\/2022\/04\/GRAZIELA-768x932.jpg 768w, https:\/\/pos.uel.br\/pgcif\/wp-content\/uploads\/2022\/04\/GRAZIELA.jpg 930w\" sizes=\"auto, (max-width: 844px) 100vw, 844px\" \/><\/figure>\n\n\n\n<p><strong>Laborat\u00f3rio de\u00a0Farmacologia Vascular<\/strong><br><strong><em>Laboratory of Vascular Pharmacology<\/em><\/strong><\/p>\n\n\n\n<p><a href=\"mailto:gsceravolo@uel.br\">gsceravolo@uel.br<\/a>  <\/p>\n\n\n\n<p>(43) 3371-5930  <\/p>\n\n\n\n<p>Curr\u00edculo Lattes:<a href=\"http:\/\/lattes.cnpq.br\/0517142252318597\"> http:\/\/lattes.cnpq.br\/0517142252318597<\/a><\/p>\n\n\n\n<p>ORCID: <a href=\"https:\/\/orcid.org\/0000-0001-7558-6294\">https:\/\/orcid.org\/0000-0001-7558-6294<\/a><\/p>\n\n\n\n<p><strong>Bolsista produtividade em pesquisa CNPQ<\/strong><\/p>\n\n\n\n<p><em><strong>Linha de Pesquisa<\/strong><\/em><\/p>\n\n\n\n<p>Farmacologia Cardiovascular; Fisiopatologia Vascular; Origens Desenvolvimentistas da Sa\u00fade e da Doen\u00e7a.<\/p>\n\n\n\n<p><strong><em>Noticias<\/em><\/strong><\/p>\n\n\n\n<figure class=\"wp-block-embed is-type-wp-embed is-provider-departamento-de-ci-ncias-fisiol-gicas wp-block-embed-departamento-de-ci-ncias-fisiol-gicas\"><div class=\"wp-block-embed__wrapper\">\n<blockquote class=\"wp-embedded-content\" data-secret=\"24e9A8zgec\"><a href=\"https:\/\/departamentos.uel.br\/ciencias-fisiologicas\/sem-categoria\/2024\/11\/05\/pesquisadora-investiga-efeitos-de-medicamentos-na-infancia-e-adolescencia-sobre-a-saude-cardiovascular\/\">Pesquisadora investiga efeitos de medicamentos na inf\u00e2ncia e adolesc\u00eancia sobre a sa\u00fade cardiovascular<\/a><\/blockquote><iframe loading=\"lazy\" class=\"wp-embedded-content\" sandbox=\"allow-scripts\" security=\"restricted\" style=\"position: absolute; visibility: hidden;\" title=\"&#8220;Pesquisadora investiga efeitos de medicamentos na inf\u00e2ncia e adolesc\u00eancia sobre a sa\u00fade cardiovascular&#8221; &#8212; Departamento de Ci\u00eancias Fisiol\u00f3gicas\" src=\"https:\/\/departamentos.uel.br\/ciencias-fisiologicas\/sem-categoria\/2024\/11\/05\/pesquisadora-investiga-efeitos-de-medicamentos-na-infancia-e-adolescencia-sobre-a-saude-cardiovascular\/embed\/#?secret=NtfJR6rNDO#?secret=24e9A8zgec\" data-secret=\"24e9A8zgec\" width=\"600\" height=\"338\" frameborder=\"0\" marginwidth=\"0\" marginheight=\"0\" scrolling=\"no\"><\/iframe>\n<\/div><\/figure>\n\n\n\n<p><em><strong>Descri\u00e7\u00e3o<\/strong><\/em><\/p>\n\n\n\n<p>No Laborat\u00f3rio de Farmacologia Vascular estudamos as altera\u00e7\u00f5es na fun\u00e7\u00e3o vascular observadas nos ajustes decorrentes de processos patol\u00f3gicos (hipertens\u00e3o arterial, obesidade e diabetes mellitus) e fisiol\u00f3gicos (menopausa). Tamb\u00e9m nos dedicamos a avaliar, no sistema cardiovascular, as repercuss\u00f5es tardias da exposi\u00e7\u00e3o a f\u00e1rmacos em fases de plasticidade do desenvolvimentos (intrauterina, neonatal, inf\u00e2ncia e adolesc\u00eancia). Para responder nossos questionamentos, s\u00e3o realizados experimentos funcionais de reatividade vascular em art\u00e9rias de condut\u00e2ncia, de ensaios moleculares para avalia\u00e7\u00e3o de fatores derivados do endot\u00e9lio e avalia\u00e7\u00e3o de par\u00e2metros cardiometab\u00f3licos em roedores.<\/p>\n\n\n\n<p><strong><em>Research description:<\/em><\/strong> <em>In the Vascular Pharmacology Laboratory, we study changes in vascular function observed in adjustments resulting from pathological processes (such as arterial hypertension, obesity, and diabetes mellitus) and physiological processes (such as menopause). We also focus on evaluating the long-term repercussions of drug exposure on the cardiovascular system during developmental plasticity phases (such as the intrauterine, neonatal, childhood, and adolescent stages). To address our questions, we conduct functional experiments on vascular reactivity in conductance arteries, molecular assays to evaluate endothelial-derived factors, and assessment of cardiometabolic parameters in rodents.<\/em><\/p>\n\n\n\n<p><em><strong>Principais trabalhos<\/strong><\/em> (Publications)<\/p>\n\n\n\n<p>Topiramate treatment in Wistar rats during childhood induces sex-specific vascular dysfunction in adulthood. Vidigal CB, Moura KF, Costa TJ, Borges LI, Figaro PMM, Pinto IC, de Andrade FG, Gerardin DCC, Casagrande R, Tostes RC, Franco MDC, Ceravolo GS. Life Sci. 2022 Jan 1;288:120189. doi: 10.1016\/j.lfs.2021.120189.<\/p>\n\n\n\n<p>Intrauterine and Lactational Exposure to Paracetamol: Cardiometabolic Evaluation in Adult Female and Male Offspring. Novi DRBS, Vidigal CB, Moura KF, da Silva DG, Serafim AFL, Klein RM, Moreira EG, Gerardin DCC, Ceravolo GS. J Cardiovasc Pharmacol. 2021 Dec 1;78(6):858-866. doi: 10.1097\/FJC.0000000000001145.<\/p>\n\n\n\n<p>Can maternal treatment with metformin during gestation and lactation cause metabolic and cardiovascular disorders in rat offspring? Novi DRBS, Vidigal CB, Marques BVD, Forcato S, Raquel HA, Zaia DAM, Zaia CTBV, Martins-Pinge MC, Gerardin DCC, Ceravolo GS. Arch Physiol Biochem. 2020 Jul;126(3):276-281. doi: 10.1080\/13813455.2018.1517804.<\/p>\n\n\n\n<p>Intrauterine exposure to metformin: Evaluation of endothelial and perivascular adipose tissue function in abdominal aorta of adult offspring. Vidigal CB, Novi DRBS, Moura KF, Picinin R, Montagnini BG, Silva RNOD, da Silva MDV, de Andrade FG, Akamine EH, Gerardin DCC, Ceravolo GS. Life Sci. 2018 Aug 15;207:72-79. doi: 10.1016\/j.lfs.2018.05.050.<\/p>\n\n\n\n<p>Intrauterine and lactational exposure to fluoxetine enhances endothelial modulation of aortic contractile response in adult female rats. Higashi CM, Sartoretto SM, Echem C, Lucchetti BFC, Carvalho MHC, Pelosi GG, Pinge-Filho P, Gerardin DCC, Moreira EG, Akamine EH, Ceravolo GS. Vascul Pharmacol. 2018 Sep;108:67-73. doi: 10.1016\/j.vph.2018.04.004.<\/p>\n\n\n\n<p><strong>Redes sociais<\/strong>:  <a href=\"https:\/\/www.instagram.com\/farvasc.uel\/?locale=es_US%3FICID%3DBLOG_MBF_ES\"><strong>@farvasc.uel<\/strong><\/a><\/p>\n\n\n\n<p><strong>Outras informa\u00e7\u00f5es:<\/strong><\/p>\n\n\n\n<p>Coordenadora do Programa de P\u00f3s-gradua\u00e7\u00e3o em Ci\u00eancias Fisiol\u00f3gicas.<\/p>\n\n\n\n<p>Vice-presidente da Associa\u00e7\u00e3o das Origens Desenvolvimentistas da Sa\u00fade e da Doen\u00e7a \u2013 DOHaD Brasil (dohadbrasil.com.br, <a href=\"https:\/\/www.instagram.com\/dohadbrasil\/\">@dohadbrasil <\/a> e @BrasilDohad \u2013 X, Canal DOHaD Brasil no Youtube).<\/p>\n\n\n\n<p>Desenvolve projetos em colabora\u00e7\u00e3o com a <em>University of South Carolina<\/em> &#8211; EUAe <em>McGill University Health Centre<\/em> \u2013 Canad\u00e1.<\/p>\n\n\n\n<p><\/p>\n","protected":false},"excerpt":{"rendered":"<p>Laborat\u00f3rio de\u00a0Farmacologia VascularLaboratory of Vascular Pharmacology gsceravolo@uel.br (43) 3371-5930 Curr\u00edculo Lattes: http:\/\/lattes.cnpq.br\/0517142252318597 ORCID: https:\/\/orcid.org\/0000-0001-7558-6294 Bolsista produtividade em pesquisa CNPQ Linha de Pesquisa Farmacologia Cardiovascular; Fisiopatologia Vascular; Origens Desenvolvimentistas da Sa\u00fade e da Doen\u00e7a. Noticias Descri\u00e7\u00e3o No Laborat\u00f3rio de Farmacologia Vascular estudamos as altera\u00e7\u00f5es na fun\u00e7\u00e3o vascular observadas nos ajustes decorrentes de processos patol\u00f3gicos (hipertens\u00e3o arterial, [&hellip;]<\/p>\n","protected":false},"author":9,"featured_media":0,"parent":0,"menu_order":0,"comment_status":"closed","ping_status":"closed","template":"","meta":{"footnotes":""},"class_list":["post-549","page","type-page","status-publish","hentry"],"_links":{"self":[{"href":"https:\/\/pos.uel.br\/pgcif\/wp-json\/wp\/v2\/pages\/549","targetHints":{"allow":["GET"]}}],"collection":[{"href":"https:\/\/pos.uel.br\/pgcif\/wp-json\/wp\/v2\/pages"}],"about":[{"href":"https:\/\/pos.uel.br\/pgcif\/wp-json\/wp\/v2\/types\/page"}],"author":[{"embeddable":true,"href":"https:\/\/pos.uel.br\/pgcif\/wp-json\/wp\/v2\/users\/9"}],"replies":[{"embeddable":true,"href":"https:\/\/pos.uel.br\/pgcif\/wp-json\/wp\/v2\/comments?post=549"}],"version-history":[{"count":16,"href":"https:\/\/pos.uel.br\/pgcif\/wp-json\/wp\/v2\/pages\/549\/revisions"}],"predecessor-version":[{"id":1795,"href":"https:\/\/pos.uel.br\/pgcif\/wp-json\/wp\/v2\/pages\/549\/revisions\/1795"}],"wp:attachment":[{"href":"https:\/\/pos.uel.br\/pgcif\/wp-json\/wp\/v2\/media?parent=549"}],"curies":[{"name":"wp","href":"https:\/\/api.w.org\/{rel}","templated":true}]}}