{"id":531,"date":"2022-04-08T14:44:15","date_gmt":"2022-04-08T17:44:15","guid":{"rendered":"https:\/\/pos.uel.br\/pgcif\/?page_id=531"},"modified":"2025-06-06T08:59:31","modified_gmt":"2025-06-06T11:59:31","slug":"prof-dr-fabio-goulart-de-andrade","status":"publish","type":"page","link":"https:\/\/pos.uel.br\/pgcif\/prof-dr-fabio-goulart-de-andrade\/","title":{"rendered":"Prof. Dr. F\u00e1bio Goulart de Andrade"},"content":{"rendered":"\n<p><\/p>\n\n\n\n<figure class=\"wp-block-image size-large is-resized\"><img loading=\"lazy\" decoding=\"async\" width=\"1024\" height=\"1024\" src=\"https:\/\/pos.uel.br\/pgcif\/wp-content\/uploads\/2022\/09\/FotoFabio-1-1024x1024.jpeg\" alt=\"\" class=\"wp-image-773\" style=\"width:197px;height:197px\" srcset=\"https:\/\/pos.uel.br\/pgcif\/wp-content\/uploads\/2022\/09\/FotoFabio-1-1024x1024.jpeg 1024w, https:\/\/pos.uel.br\/pgcif\/wp-content\/uploads\/2022\/09\/FotoFabio-1-300x300.jpeg 300w, https:\/\/pos.uel.br\/pgcif\/wp-content\/uploads\/2022\/09\/FotoFabio-1-150x150.jpeg 150w, https:\/\/pos.uel.br\/pgcif\/wp-content\/uploads\/2022\/09\/FotoFabio-1-768x768.jpeg 768w, https:\/\/pos.uel.br\/pgcif\/wp-content\/uploads\/2022\/09\/FotoFabio-1.jpeg 1500w\" sizes=\"auto, (max-width: 1024px) 100vw, 1024px\" \/><\/figure>\n\n\n\n<p>Laborat\u00f3rio de An\u00e1lise Histopatol\u00f3gica (LAHip)<\/p>\n\n\n\n<p> Curr\u00edculo Lattes: <a href=\"http:\/\/lattes.cnpq.br\/6943160386159377\">http:\/\/lattes.cnpq.br\/6943160386159377<\/a><\/p>\n\n\n\n<p>ORCID: <a href=\"https:\/\/orcid.org\/0000-0002-0206-4986\">https:\/\/orcid.org\/0000-0002-0206-4986<\/a><\/p>\n\n\n\n<p><strong>Linha de Pesquisa<\/strong>: Histopatologia, reparo, adapta\u00e7\u00e3o e regenera\u00e7\u00e3o tecidual<\/p>\n\n\n\n<p><strong>Descri\u00e7\u00e3o<\/strong><\/p>\n\n\n\n<p>No Laborat\u00f3rio de An\u00e1lise Histopatol\u00f3gica estudamos as altera\u00e7\u00f5es teciduais e os mecanismos biol\u00f3gicos de reparo, adapta\u00e7\u00e3o e regenera\u00e7\u00e3o tecidual em resposta a diversos agentes qu\u00edmicos, f\u00edsicos e biol\u00f3gicos, tanto espont\u00e2neos quanto induzidos. Essa investiga\u00e7\u00e3o \u00e9 realizada por meio de ensaios experimentais que empregam t\u00e9cnicas de microscopia e, em colabora\u00e7\u00e3o com outros laborat\u00f3rios, t\u00e9cnicas moleculares, imunol\u00f3gicas, bioqu\u00edmicas, microbiol\u00f3gicas e fisiol\u00f3gicas.<\/p>\n\n\n\n<p><strong>Principais trabalhos<\/strong><\/p>\n\n\n\n<p>MOURA, KAWANE F. ; SILVA, DEBORAH GOMES DA ; VIDIGAL, CAMILA BORECKI ; SILVA, GABRIEL SMOLAK SOBIESKI E ; PINTO, INGRID CAROLINE ; SIM\u00c3O, ANDR\u00c9A NAME COLADO ; MARQUES, BRUNO V.D. ; ANDRADE, F\u00c1BIO GOULART DE ; CASAGRANDE, R\u00daBIA ; GERARDIN, DANIELA C.C. ; AKAMINE, ELIANA H. ; FRANCO, MARIA DO CARMO P. ; CERAVOLO, GRAZIELA S. . Vascular dysfunction programmed in male rats by topiramate during peripubertal period. LIFE SCIENCES, v. 343, p. 122488, 2024.<\/p>\n\n\n\n<p>DA SILVA, MATHEUS DEROCO VELOSO ; DA SILVA BONASSA, LARISSA ; PIVA, MAIARA ; BASSO, CAMILA REGINA ; ZANINELLI, TIAGO HENRIQUE ; MACHADO, CAMILA CRISTINA ALVES ; DE ANDRADE, F\u00c1BIO GOULART ; MIQUELOTO, CARLOS ALBERTO ; SANT\u00b4ANA, DEBORA DE MELLO GON\u00c7ALES ; AKTAR, RUBINA ; PEIRIS, MADUSHA ; AZIZ, QASIM ; BLACKSHAW, L. ASHLEY ; VERRI, WALDICEU A. ; DE ALMEIDA ARA\u00daJO, EDUARDO JOS\u00c9 . Perineuronal net in the extrinsic innervation of the distal colon of mice and its remodeling in ulcerative colitis. Journal of Neurochemistry, v. 00, p. 1-19, 2024.<\/p>\n\n\n\n<p>DA COSTA, IVANA REGINA ; QUADRELI, D\u00c9BORA HIP\u00d3LITO ; DA SILVA, LUCAS MARCELO MEIRA ; DE ANDRADE, F\u00c1BIO GOULART ; FERNANDES, GLAURA SCANTAMBURLO ALVES . Chlorpyrifos impairs sperm parameters and number of Sertoli and Leydig cells in rats after exposure during the peripubertal period. TOXICOLOGY, v. 504, p. 153789, 2024.<\/p>\n\n\n\n<p>HON\u00d3RIO DA SILVA, JO\u00c3O VIN\u00cdCIUS ; ERTHAL, RAFAELA PIRES ; VERCELLONE, ISADORA CHAGAS ; SANTOS, DAYANE PRISCILA DOS ; FERRAZ, CAMILA RODRIGUES ; DE MATOS, RICARDO LU\u00cdS NASCIMENTO ; GON\u00c7ALVES, LU\u00cdS EDUARDO DUARTE ; BRACARENSE, ANA PAULA FREDERICO RODRIGUES LOUREIRO ; VERRI, WALDICEU APARECIDO ; C\u00c2MARA, NIELS OLSEN SARAIVA ; DE ANDRADE, F\u00c1BIO GOULART ; FERNANDES, GLAURA SCANTAMBURLO ALVES . Lisdexamfetamine dimesylate-exposition in male rats during the peripubertal period impairs inflammatory mechanisms, antioxidant activity, and apoptosis process in kidneys of male pubertal rats. JOURNAL OF BIOCHEMICAL AND MOLECULAR TOXICOLOGY, v. 38, p. 1-15, 2024.<\/p>\n\n\n\n<p>RIBELATO, ELISA VICENTE ; WOUK, J\u00c9SSICA ; CELESTINO, GABRIELA GOMES ; RODRIGUES, BIANCA CERQUEIRA DIAS ; DARIDO, MARIA LAURA GOUSSAIN ; BARBOZA, MARIO GABRIEL LOPES ; BOTURA, TATIANA JABOR ; DE OLIVEIRA, MAYLLA CARDOSO ; DE ANDRADE, F\u00c1BIO GOULART ; LONNI, AUDREY A. S. G. ; DE MELLO, JO\u00c3O CARLOS PALAZZO ; DA ROCHA, S\u00c9RGIO PAULO DEJATO ; FACCIN-GALHARDI, L\u00cdGIA C. . Topical formulations containing Trichilia catigua extract as therapeutic options for a genital and an acyclovir-resistant strain of herpes recurrent infection. BRAZILIAN JOURNAL OF MICROBIOLOGY (ONLINE), v. 1, p. 1, 2023.<\/p>\n\n\n\n<p><strong>Instagram<\/strong>: <a href=\"http:\/\/www.instagram.com\/lahip.uel\">www.instagram.com\/lahip.uel<\/a><\/p>\n\n\n\n<p><strong>Patente:<\/strong><\/p>\n\n\n\n<p>RECHENCHOSKI, D. Z. ; AGOSTINHO, K. F. ; GALHARDI, L. C. F. ; LONNI, A. A. S. G. ; SILVA, J. V. H. ; <strong>ANDRADE, F. G.<\/strong> ; CUNHA, A. P. ; RICARDO, N. M. P. S. ; NOZAWA, C. M. ; LINHARES, R. E. C. . Formula\u00e7\u00e3o t\u00f3pica contendo Mangiferina com atividade contra o v\u00edrus Herpes Simplex tipo 1, cepas sens\u00edvel e resistente ao Aciclovir e seu processo de produ\u00e7\u00e3o. 2018, Brasil. Patente: Privil\u00e9gio de Inova\u00e7\u00e3o. N\u00famero do registro: BR1020180727028, t\u00edtulo: &#8220;Formula\u00e7\u00e3o t\u00f3pica contendo Mangiferina com atividade contra o v\u00edrus Herpes Simplex tipo 1, cepas sens\u00edvel e resistente ao Aciclovir e seu processo de produ\u00e7\u00e3o&#8221; , Institui\u00e7\u00e3o de registro: INPI &#8211; Instituto Nacional da Propriedade Industrial. Dep\u00f3sito: 05\/11\/2018<\/p>\n","protected":false},"excerpt":{"rendered":"<p>Laborat\u00f3rio de An\u00e1lise Histopatol\u00f3gica (LAHip) Curr\u00edculo Lattes: http:\/\/lattes.cnpq.br\/6943160386159377 ORCID: https:\/\/orcid.org\/0000-0002-0206-4986 Linha de Pesquisa: Histopatologia, reparo, adapta\u00e7\u00e3o e regenera\u00e7\u00e3o tecidual Descri\u00e7\u00e3o No Laborat\u00f3rio de An\u00e1lise Histopatol\u00f3gica estudamos as altera\u00e7\u00f5es teciduais e os mecanismos biol\u00f3gicos de reparo, adapta\u00e7\u00e3o e regenera\u00e7\u00e3o tecidual em resposta a diversos agentes qu\u00edmicos, f\u00edsicos e biol\u00f3gicos, tanto espont\u00e2neos quanto induzidos. Essa investiga\u00e7\u00e3o \u00e9 [&hellip;]<\/p>\n","protected":false},"author":9,"featured_media":0,"parent":0,"menu_order":0,"comment_status":"closed","ping_status":"closed","template":"","meta":{"footnotes":""},"class_list":["post-531","page","type-page","status-publish","hentry"],"_links":{"self":[{"href":"https:\/\/pos.uel.br\/pgcif\/wp-json\/wp\/v2\/pages\/531","targetHints":{"allow":["GET"]}}],"collection":[{"href":"https:\/\/pos.uel.br\/pgcif\/wp-json\/wp\/v2\/pages"}],"about":[{"href":"https:\/\/pos.uel.br\/pgcif\/wp-json\/wp\/v2\/types\/page"}],"author":[{"embeddable":true,"href":"https:\/\/pos.uel.br\/pgcif\/wp-json\/wp\/v2\/users\/9"}],"replies":[{"embeddable":true,"href":"https:\/\/pos.uel.br\/pgcif\/wp-json\/wp\/v2\/comments?post=531"}],"version-history":[{"count":8,"href":"https:\/\/pos.uel.br\/pgcif\/wp-json\/wp\/v2\/pages\/531\/revisions"}],"predecessor-version":[{"id":1665,"href":"https:\/\/pos.uel.br\/pgcif\/wp-json\/wp\/v2\/pages\/531\/revisions\/1665"}],"wp:attachment":[{"href":"https:\/\/pos.uel.br\/pgcif\/wp-json\/wp\/v2\/media?parent=531"}],"curies":[{"name":"wp","href":"https:\/\/api.w.org\/{rel}","templated":true}]}}