{"id":527,"date":"2022-04-08T14:37:24","date_gmt":"2022-04-08T17:37:24","guid":{"rendered":"https:\/\/pos.uel.br\/pgcif\/?page_id=527"},"modified":"2025-06-06T08:58:14","modified_gmt":"2025-06-06T11:58:14","slug":"profa-dra-estefania-gastaldello-moreira","status":"publish","type":"page","link":"https:\/\/pos.uel.br\/pgcif\/profa-dra-estefania-gastaldello-moreira\/","title":{"rendered":"Profa. Dra.\u00a0Estef\u00e2nia Gastaldello Moreira"},"content":{"rendered":"\n<figure class=\"wp-block-image size-full is-resized\"><img loading=\"lazy\" decoding=\"async\" width=\"662\" height=\"736\" src=\"https:\/\/pos.uel.br\/pgcif\/wp-content\/uploads\/2024\/07\/rosto1.png\" alt=\"\" class=\"wp-image-1318\" style=\"width:183px;height:auto\" srcset=\"https:\/\/pos.uel.br\/pgcif\/wp-content\/uploads\/2024\/07\/rosto1.png 662w, https:\/\/pos.uel.br\/pgcif\/wp-content\/uploads\/2024\/07\/rosto1-270x300.png 270w\" sizes=\"auto, (max-width: 662px) 100vw, 662px\" \/><\/figure>\n\n\n\n<p>Laborat\u00f3rio de An\u00e1lises&nbsp;Farmacol\u00f3gicas e Toxicol\u00f3gicas  <\/p>\n\n\n\n<p><a href=\"mailto:egmoreira@uel.br\">egmoreira@uel.br<\/a>  <\/p>\n\n\n\n<p>(43) 3371-5931<\/p>\n\n\n\n<p>Curr\u00edculo Lattes:\u00a0<a href=\"http:\/\/lattes.cnpq.br\/1364696842407026\">http:\/\/lattes.cnpq.br\/1364696842407026<\/a><\/p>\n\n\n\n<p>ORCID: <a href=\"https:\/\/orcid.org\/0000-0001-8362-9557\">https:\/\/orcid.org\/0000-0001-8362-9557<\/a><a href=\"http:\/\/buscatextual.cnpq.br\/buscatextual\/visualizacv.do?id=K4779733P7\"><\/a><\/p>\n\n\n\n<p><em><strong>Linha de Pesquisa<\/strong><\/em><\/p>\n\n\n\n<p>Toxicologia da Reprodu\u00e7\u00e3o e do Desenvolvimento.<\/p>\n\n\n\n<p><em><strong>Descri\u00e7\u00e3o<\/strong><\/em><\/p>\n\n\n\n<p>Recentemente, tem crescido a preocupa\u00e7\u00e3o quanto \u00e0 maior susceptibilidade de fetos, neonatos e crian\u00e7as aos efeitos t\u00f3xicos de contaminantes ambientais ou medicamentos. Os sistemas nervoso e reprodutivo s\u00e3o poss\u00edveis alvos da exposi\u00e7\u00e3o a tais subst\u00e2ncias. Os projetos desenvolvidos junto a essa linha de pesquisa visam&nbsp;avaliar poss\u00edveis efeitos teratog\u00eanicos,&nbsp;reprodutivos e neurot\u00f3xicos desencadeados pela exposi\u00e7\u00e3o materna a xenobi\u00f3ticos.<\/p>\n\n\n\n<p><em><strong>Principais trabalhos<\/strong><\/em><\/p>\n\n\n\n<p>KLEIN, RODRIGO MORENO ; MOTOMURA, VANESSA NISHIKAWA ; DEBIASI, JULIANA DIOSTI ; Moreira, Estef\u00e2nia Gastaldello . Gestational paracetamol exposure induces core behaviors of neurodevelopmental disorders in infant rats and modifies response to a cannabinoid agonist in females. NEUROTOXICOLOGY AND TERATOLOGY, v. 99, p. 107279, 2023.<\/p>\n\n\n\n<p>RIGOBELLO, CAMILA ; KLEIN, RODRIGO MORENO ; DEBIASI, JULIANA DIOSTI ; URSINI, LUIS GUILHERME ; MICHELIN, ANA PAULA ; MATSUMOTO, ANDRESSA KEIKO ; BARBOSA, D\u00c9CIO SABBATINI ; Moreira, Estef\u00e2nia Gastaldello . Perinatal exposure to paracetamol: Dose and sex-dependent effects in behaviour and brain?s oxidative stress markers in progeny. BEHAVIOURAL BRAIN RESEARCH, v. 408, p. 113294, 2021.<\/p>\n\n\n\n<p>KLEIN, RODRIGO MORENO ; RIGOBELLO, CAMILA ; VIDIGAL, CAMILA BORECKI ; MOURA, KAWANE FABR\u00cdCIO ; BARBOSA, D\u00c9CIO SABBATINI ; GERARDIN, DANIELA CRISTINA CECCATTO ; CERAVOLO, GRAZIELA SCALIANTI ; Moreira, Estef\u00e2nia Gastaldello . Gestational exposure to paracetamol in rats induces neurofunctional alterations in the progeny. NEUROTOXICOLOGY AND TERATOLOGY, v. 77, p. 106838, 2020.<\/p>\n\n\n\n<p>MIYASAKI, A. M. M. ; RIGOBELLO, C. ; KLEIN, R. M. ; CRESPIGIO, J. ; FLAIBAN, K. K. ; BRACARENSE, A. P. ; MAZZUCATTO, B. C. ; BARBOSA, D. S. ; Moreira, EG . Evaluation of hepatic and renal effects in rat dams and their offspring after exposure to paracetamol during gestation and lactation. REPRODUCTION FERTILITY AND DEVELOPMENT, v. 32, p. 1301-1310, 2020.<\/p>\n","protected":false},"excerpt":{"rendered":"<p>Laborat\u00f3rio de An\u00e1lises&nbsp;Farmacol\u00f3gicas e Toxicol\u00f3gicas egmoreira@uel.br (43) 3371-5931 Curr\u00edculo Lattes:\u00a0http:\/\/lattes.cnpq.br\/1364696842407026 ORCID: https:\/\/orcid.org\/0000-0001-8362-9557 Linha de Pesquisa Toxicologia da Reprodu\u00e7\u00e3o e do Desenvolvimento. Descri\u00e7\u00e3o Recentemente, tem crescido a preocupa\u00e7\u00e3o quanto \u00e0 maior susceptibilidade de fetos, neonatos e crian\u00e7as aos efeitos t\u00f3xicos de contaminantes ambientais ou medicamentos. Os sistemas nervoso e reprodutivo s\u00e3o poss\u00edveis alvos da exposi\u00e7\u00e3o a [&hellip;]<\/p>\n","protected":false},"author":9,"featured_media":0,"parent":0,"menu_order":0,"comment_status":"closed","ping_status":"closed","template":"","meta":{"footnotes":""},"class_list":["post-527","page","type-page","status-publish","hentry"],"_links":{"self":[{"href":"https:\/\/pos.uel.br\/pgcif\/wp-json\/wp\/v2\/pages\/527","targetHints":{"allow":["GET"]}}],"collection":[{"href":"https:\/\/pos.uel.br\/pgcif\/wp-json\/wp\/v2\/pages"}],"about":[{"href":"https:\/\/pos.uel.br\/pgcif\/wp-json\/wp\/v2\/types\/page"}],"author":[{"embeddable":true,"href":"https:\/\/pos.uel.br\/pgcif\/wp-json\/wp\/v2\/users\/9"}],"replies":[{"embeddable":true,"href":"https:\/\/pos.uel.br\/pgcif\/wp-json\/wp\/v2\/comments?post=527"}],"version-history":[{"count":3,"href":"https:\/\/pos.uel.br\/pgcif\/wp-json\/wp\/v2\/pages\/527\/revisions"}],"predecessor-version":[{"id":1664,"href":"https:\/\/pos.uel.br\/pgcif\/wp-json\/wp\/v2\/pages\/527\/revisions\/1664"}],"wp:attachment":[{"href":"https:\/\/pos.uel.br\/pgcif\/wp-json\/wp\/v2\/media?parent=527"}],"curies":[{"name":"wp","href":"https:\/\/api.w.org\/{rel}","templated":true}]}}