{"id":520,"date":"2022-04-08T14:30:57","date_gmt":"2022-04-08T17:30:57","guid":{"rendered":"https:\/\/pos.uel.br\/pgcif\/?page_id=520"},"modified":"2022-04-13T10:28:05","modified_gmt":"2022-04-13T13:28:05","slug":"profa-dra-daniela-c-ceccatto-gerardin-cantamessa","status":"publish","type":"page","link":"https:\/\/pos.uel.br\/pgcif\/profa-dra-daniela-c-ceccatto-gerardin-cantamessa\/","title":{"rendered":"Profa. Dra.\u00a0Daniela C. Ceccatto Gerardin Cantamessa"},"content":{"rendered":"\n<figure class=\"wp-block-image size-full is-resized\"><img loading=\"lazy\" decoding=\"async\" src=\"https:\/\/pos.uel.br\/pgcif\/wp-content\/uploads\/2022\/04\/DANI.jpg\" alt=\"\" class=\"wp-image-600\" width=\"203\" height=\"208\" srcset=\"https:\/\/pos.uel.br\/pgcif\/wp-content\/uploads\/2022\/04\/DANI.jpg 810w, https:\/\/pos.uel.br\/pgcif\/wp-content\/uploads\/2022\/04\/DANI-293x300.jpg 293w, https:\/\/pos.uel.br\/pgcif\/wp-content\/uploads\/2022\/04\/DANI-768x787.jpg 768w\" sizes=\"auto, (max-width: 203px) 100vw, 203px\" \/><\/figure>\n\n\n\n<p>Laborat\u00f3rio de Farmacologia da Reprodu\u00e7\u00e3o<br><a href=\"mailto:dcgerardin@uel.br\">dcgerardin@uel.br<\/a>  <\/p>\n\n\n\n<p>(43) 3371-4307<\/p>\n\n\n\n<p>Curr\u00edculo Lattes:&nbsp;<a href=\"http:\/\/buscatextual.cnpq.br\/buscatextual\/visualizacv.do?id=K4755346U7\"><\/a><\/p>\n\n\n\n<p><em><strong>Linha de Pesquisa<\/strong><\/em><\/p>\n\n\n\n<p>Toxicologia da Reprodu\u00e7\u00e3o<\/p>\n\n\n\n<p><em><strong>Descri\u00e7\u00e3o<\/strong><\/em><\/p>\n\n\n\n<p>Avalia\u00e7\u00e3o do risco reprodutivo e do desenvolvimento decorrente do uso de xenobi\u00f3ticos durante a gesta\u00e7\u00e3o e\/ou lacta\u00e7\u00e3o na prole de ratos e<br>avalia\u00e7\u00e3o do efeito dexenobi\u00f3ticos no sistema reprodutivo de ratos machos e f\u00eameas.<\/p>\n\n\n\n<p><em><strong>Principais trabalhos<\/strong><\/em><\/p>\n\n\n\n<p>Santos, AH; Vieira, ML; Camin, NA; Anselmo-Franci, JA; Ceravolo, GS; Gomes, GGP; MOREIRA, E. G.; KISS, A. C. I.; Mesquita, SFP;&nbsp;<strong>GERARDIN, DCC<\/strong>&nbsp;In utero and lactational exposure to fluoxetine delays puberty onset in female rats offspring.&nbsp;Reproductive Toxicology (Elmsford, N.Y.). , v.62, p.1 &#8211; 8, 2016.<\/p>\n\n\n\n<p>Montagnini, BG; SILVEIRA, K. M.; PieroniI, B. C.; Camin, NA; Anselmo-Franci, JA; Mesquita, SFP; KISS, A. C. I.;&nbsp;<strong>GERARDIN, DCC<\/strong>&nbsp;Reproductive parameters of female Wistar rats treated with methylphenidate during development.&nbsp;Physiology &amp; Behavior , v.167, p.118 &#8211; 124, 2016.<\/p>\n\n\n\n<p>DE AZEVEDO CAMIN, NATH\u00c1LIA; VIEIRA, MILENE LEIVAS; MONTAGNINI, BRUNO GARCIA; KISS, ANA CAROLINA INHASZ;&nbsp;<strong>GERARDIN, Daniela Cristina Ceccatto<\/strong>Effects of maternal exposure to the galactagogue Sulpiride on reproductive parameters in female rats.&nbsp;Physiology &amp; Behavior. , v.140, p.247 &#8211; 253, 2015.<\/p>\n\n\n\n<p>&nbsp;Costa, N. O.; Vieira, ML; SGARIONI, V. B.; PEREIRA, M. R.; Montagnini, BG; Mesquita, SFP;&nbsp;<strong>GERARDIN, Daniela Cristina Ceccatto<\/strong>Evaluation of the reproductive toxicity of fungicide propiconazole in male rats.&nbsp;Toxicology (Amsterdam). , v.335, p.55 &#8211; 61, 2015.<\/p>\n\n\n\n<p>Santos, AH; RAMOS, A. C.; SILVEIRA, K. M.; KISS, A. C. I.; LONGHINI, R.; DINIZ, A.; Mello, JCP;&nbsp;<strong>GERARDIN, DCC<\/strong>&nbsp;The Exposure to Trichilia catigua (Catuaba) Crude Extract Impairs Fertility of Adult Female Rats but does not Cause Reproductive Damage to Male Offspring.&nbsp;Journal of Ethnopharmacology. , v.166, p.86 &#8211; 91, 2015.<\/p>\n","protected":false},"excerpt":{"rendered":"<p>Laborat\u00f3rio de Farmacologia da Reprodu\u00e7\u00e3odcgerardin@uel.br (43) 3371-4307 Curr\u00edculo Lattes:&nbsp; Linha de Pesquisa Toxicologia da Reprodu\u00e7\u00e3o Descri\u00e7\u00e3o Avalia\u00e7\u00e3o do risco reprodutivo e do desenvolvimento decorrente do uso de xenobi\u00f3ticos durante a gesta\u00e7\u00e3o e\/ou lacta\u00e7\u00e3o na prole de ratos eavalia\u00e7\u00e3o do efeito dexenobi\u00f3ticos no sistema reprodutivo de ratos machos e f\u00eameas. Principais trabalhos Santos, AH; Vieira, ML; [&hellip;]<\/p>\n","protected":false},"author":9,"featured_media":0,"parent":0,"menu_order":0,"comment_status":"closed","ping_status":"closed","template":"","meta":{"footnotes":""},"class_list":["post-520","page","type-page","status-publish","hentry"],"_links":{"self":[{"href":"https:\/\/pos.uel.br\/pgcif\/wp-json\/wp\/v2\/pages\/520","targetHints":{"allow":["GET"]}}],"collection":[{"href":"https:\/\/pos.uel.br\/pgcif\/wp-json\/wp\/v2\/pages"}],"about":[{"href":"https:\/\/pos.uel.br\/pgcif\/wp-json\/wp\/v2\/types\/page"}],"author":[{"embeddable":true,"href":"https:\/\/pos.uel.br\/pgcif\/wp-json\/wp\/v2\/users\/9"}],"replies":[{"embeddable":true,"href":"https:\/\/pos.uel.br\/pgcif\/wp-json\/wp\/v2\/comments?post=520"}],"version-history":[{"count":3,"href":"https:\/\/pos.uel.br\/pgcif\/wp-json\/wp\/v2\/pages\/520\/revisions"}],"predecessor-version":[{"id":611,"href":"https:\/\/pos.uel.br\/pgcif\/wp-json\/wp\/v2\/pages\/520\/revisions\/611"}],"wp:attachment":[{"href":"https:\/\/pos.uel.br\/pgcif\/wp-json\/wp\/v2\/media?parent=520"}],"curies":[{"name":"wp","href":"https:\/\/api.w.org\/{rel}","templated":true}]}}