{"id":516,"date":"2022-04-08T14:19:15","date_gmt":"2022-04-08T17:19:15","guid":{"rendered":"https:\/\/pos.uel.br\/pgcif\/?page_id=516"},"modified":"2025-08-29T17:15:39","modified_gmt":"2025-08-29T20:15:39","slug":"profa-dra-claudia-bueno-dos-reis-martinez","status":"publish","type":"page","link":"https:\/\/pos.uel.br\/pgcif\/profa-dra-claudia-bueno-dos-reis-martinez\/","title":{"rendered":"Profa. Dra.\u00a0Cl\u00e1udia Bueno dos Reis Martinez"},"content":{"rendered":"\n<figure class=\"wp-block-image size-full is-resized\"><img loading=\"lazy\" decoding=\"async\" width=\"241\" height=\"305\" src=\"https:\/\/pos.uel.br\/pgcif\/wp-content\/uploads\/2022\/04\/CLAUDIA.jpg\" alt=\"\" class=\"wp-image-591\" style=\"width:181px;height:229px\" srcset=\"https:\/\/pos.uel.br\/pgcif\/wp-content\/uploads\/2022\/04\/CLAUDIA.jpg 241w, https:\/\/pos.uel.br\/pgcif\/wp-content\/uploads\/2022\/04\/CLAUDIA-237x300.jpg 237w\" sizes=\"auto, (max-width: 241px) 100vw, 241px\" \/><\/figure>\n\n\n\n<p><strong>Laborat\u00f3rio de Ecofisiologia Animal<\/strong>\u00a0<\/p>\n\n\n\n<p><a href=\"http:\/\/www.uel.br\/laboratorios\/lefa\/\"><\/a><em><strong>Laboratory of Animal Ecophysiology<\/strong><\/em><br><a href=\"mailto:cbueno@uel.br\">cbueno@uel.br<\/a><\/p>\n\n\n\n<p>(43) 3371-5146  <\/p>\n\n\n\n<p>Curr\u00edculo Lattes:&nbsp;<a href=\"http:\/\/lattes.cnpq.br\/4215849919453600\">http:\/\/lattes.cnpq.br\/4215849919453600<\/a><\/p>\n\n\n\n<p>ORCID: <a href=\"https:\/\/orcid.org\/0000-0003-1467-5140\">https:\/\/orcid.org\/0000-0003-1467-5140<\/a><\/p>\n\n\n\n<p><strong>Bolsista produtividade em pesquisa CNPQ<\/strong><\/p>\n\n\n\n<p><a href=\"http:\/\/buscatextual.cnpq.br\/buscatextual\/visualizacv.do?id=K4723007H8\"><\/a><strong><em>Linha de Pesquisa<\/em><\/strong><\/p>\n\n\n\n<p><strong>Fisioecologia de animais aqu\u00e1ticos.&nbsp;<\/strong><em>Objetivos: Estudar as altera\u00e7\u00f5es fisiol\u00f3gicas em animais aqu\u00e1ticos associadas \u00e0s varia\u00e7\u00f5es naturais do ambiente bem como \u00e0 presen\u00e7a de contaminantes.<\/em><strong>  <\/strong><\/p>\n\n\n\n<p><strong>Biomarcadores de contamina\u00e7\u00e3o em organismos aqu\u00e1ticos.&nbsp;<\/strong><em>Objetivos: Caracterizar biomarcadores gen\u00e9ticos, bioqu\u00edmicos, celulares, fisiol\u00f3gicos e histol\u00f3gicos em organismos aqu\u00e1ticos expostos a diferentes classes de contaminantes no laborat\u00f3rio, submetidos a testes in situ ou coletados no campo.<\/em><strong>    <\/strong><\/p>\n\n\n\n<p><strong>Mecanismos bioqu\u00edmicos da toxicidade.&nbsp;<\/strong><em>Objetivos: Caracterizar as vias bioqu\u00edmicas envolvidas no metabolismo de xenobi\u00f3ticos, as defesas antioxidantes e as les\u00f5es oxidativas em organismos aqu\u00e1ticos expostos a diferentes tipos de poluentes.<\/em><\/p>\n\n\n\n<p><strong><em>Descri\u00e7\u00e3o<br><\/em><\/strong>Desenvolvimento de estudos que envolvem an\u00e1lises fisiol\u00f3gicas, bioqu\u00edmicas, moleculares, gen\u00e9ticas e celulares, utilizando-se diferentes modelos biol\u00f3gicos, in vivo e in vitro, para a compreens\u00e3o do funcionamento dos organismos, inseridos em seu ambiente natural, ou expostos, no campo ou em laborat\u00f3rio, a diferentes classes de contaminantes.&nbsp;<\/p>\n\n\n\n<p><strong><em>Noticias<\/em><\/strong><\/p>\n\n\n\n<figure class=\"wp-block-embed is-type-wp-embed is-provider-o-perobal-uel wp-block-embed-o-perobal-uel\"><div class=\"wp-block-embed__wrapper\">\nhttps:\/\/operobal.uel.br\/jornal-noticia\/2025\/01\/27\/projeto-estuda-contaminacao-de-animais-em-ambientes-aquaticos-e-busca-solucoes\/\n<\/div><\/figure>\n\n\n\n<p><em><strong>Research description:<\/strong> Development of studies involving physiological, biochemical, molecular, genetic, and cellular analyses, using various biological models, both in vivo and in vitro, to understand the functioning of organisms within their natural environment or exposed, in the field or in the laboratory, to different classes of contaminants.<\/em><\/p>\n\n\n\n<p><strong><em>Principais trabalhos<\/em><\/strong> <em>(Publications)<\/em><\/p>\n\n\n\n<p>OLIVEIRA, Luciana F; CABRAL, Millena T; VIEIRA, Carlos E D; ANTONIAZZI, Matheus H; RISSO, Wagner E;&nbsp;<strong>MARTINEZ, CLAUDIA B R<\/strong>.&nbsp;Metals bioaccumulation and biomarkers responses in the Neotropical freshwater clam&nbsp;<em>Anodontites trapesialis<\/em>: implications for monitoring coal mining areas.&nbsp;Science of the Total Environment 2016,&nbsp;,&nbsp;<a target=\"_blank\" href=\"http:\/\/dx.doi.org\/10.1016\/j.scitotenv.2016.07.086\" rel=\"noreferrer noopener\">http:\/\/dx.doi.org\/10.1016\/j.scitotenv.2016.07.086<\/a>&nbsp;<\/p>\n\n\n\n<p><br>OLIVEIRA, Luciana Fernandes; SANTOS, Caroline;&nbsp;<strong>MARTINEZ, CLAUDIA B R<\/strong>.&nbsp;Biomarkers in the freshwater bivalve&nbsp;<em>Corbicula fuminea<\/em>&nbsp;confined downstream a domestic landfill leachate discharge.&nbsp;Environmental Science and Pollution Research International, v.23, p.13931 &#8211; 13942, 2016.<br><br>SIMONATO, Juliana D; MELA, Maritana; DORIA, Halina B; GUILOSKI, Izonete C; RANDI, Marco A F; CARVALHO, Paulo S M; MELETTI, Paulo Cesar; ASSIS, Helena C S; BIANCHINI, Adalto;&nbsp;<strong>MARTINEZ, CLAUDIA B R.<\/strong>&nbsp;Biomarkers of waterborne copper exposure in the Neotropical fish&nbsp;<em>Prochilodus lineatus<\/em>.&nbsp;Aquatic Toxicology, v.170, p.31 &#8211; 41, 2016.<br><br>NASCIMENTO, C\u00e1ssia R B;&nbsp;<strong>MARTINEZ, CLAUDIA B R.<\/strong>&nbsp;Daily intake of lead in Wistar rats at different ages: Biochemical, genotoxic and physiological effects.<br>Environmental Toxicology and Pharmacology, v.41, p.132 &#8211; 141, 2016.<br><br>VIEIRA, Carlos Eduardo D; COSTA, Patr\u00edcia G; LUNARDELLI, Bruna; OLIVEIRA, Luciana F; CABRERA, Liziara C; RISSO, Wagner E; PRIMEL, Ednei G; MELETTI, Paulo Cesar; FILLMANN, Gilberto;&nbsp;<strong>MARTINEZ, CLAUDIA B R<\/strong>.&nbsp;Multiple biomarker responses in&nbsp;<em>Prochilodus lineatus<\/em>&nbsp;subjected to short-term in situ exposure to streams from agricultural areas in Southern Brazil.&nbsp;Science of the Total Environment, v.542, p.44 &#8211; 56, 2016.<br><br>PALERMO, Francine F; RISSO, Wagner; SIMONATO, Juliana D;&nbsp;<strong>MARTINEZ, CLAUDIA B R.<\/strong>&nbsp;Bioaccumulation of nickel and its biochemical and genotoxic effects on juveniles of the neotropical fish&nbsp;<em>Prochilodus lineatus<\/em>.&nbsp;Ecotoxicology and Environmental Safety, v.116, p.19 &#8211; 28, 2015.<br><br>LACHNER, Debora; OLIVEIRA, Luciana F.;&nbsp;<strong>MARTINEZ, CLAUDIA B R<\/strong>.&nbsp;Effects of the water soluble fraction of gasoline on ZFL cell line: Cytotoxicity, genotoxicity and oxidative stress.&nbsp;Toxicology in Vitro, v.30, p.225 &#8211; 230, 2015.<br><br>SILVA, Alexandre O F;&nbsp;<strong>MARTINEZ, CLAUDIA B R.<\/strong>&nbsp;Acute effects of cadmium on osmoregulation of the freshwater teleost&nbsp;<em>Prochilodus lineatus<\/em>: enzymes activity and plasma ions.&nbsp;Aquatic Toxicology, v.156, p.161 &#8211; 168, 2014.<br><br>CAVALCANTE, Dalita G S M; SILVA, Natara D G; MARCARINI, Juliana Cristina; MANTOVANI, M\u00e1rio S\u00e9rgio; Marin-Morales, Maria Aparecida;&nbsp;<strong>MARTINEZ, CLAUDIA B R<\/strong>.&nbsp;Cytotoxic, biochemical and genotoxic effects of biodiesel produced by different routes on ZFL cell line.&nbsp;Toxicology in Vitro, p.1117 &#8211; 1125, 2014 &nbsp;<br><br>NAVARRO, Claudia D.C.;&nbsp;<strong>MARTINEZ, CLAUDIA B R<\/strong>.&nbsp;Effects of the surfactant polyoxyethylene amine (POEA) on genotoxic, biochemical and physiological parameters of the freshwater teleost&nbsp;<em>Prochilodus lineatus<\/em>.&nbsp;Comparative Biochemistry and Physiology C &#8211; Toxicology &amp; Pharmacology, v.165, p.83 &#8211; 90, 2014.<\/p>\n","protected":false},"excerpt":{"rendered":"<p>Laborat\u00f3rio de Ecofisiologia Animal\u00a0 Laboratory of Animal Ecophysiologycbueno@uel.br (43) 3371-5146 Curr\u00edculo Lattes:&nbsp;http:\/\/lattes.cnpq.br\/4215849919453600 ORCID: https:\/\/orcid.org\/0000-0003-1467-5140 Bolsista produtividade em pesquisa CNPQ Linha de Pesquisa Fisioecologia de animais aqu\u00e1ticos.&nbsp;Objetivos: Estudar as altera\u00e7\u00f5es fisiol\u00f3gicas em animais aqu\u00e1ticos associadas \u00e0s varia\u00e7\u00f5es naturais do ambiente bem como \u00e0 presen\u00e7a de contaminantes. Biomarcadores de contamina\u00e7\u00e3o em organismos aqu\u00e1ticos.&nbsp;Objetivos: Caracterizar biomarcadores gen\u00e9ticos, bioqu\u00edmicos, [&hellip;]<\/p>\n","protected":false},"author":9,"featured_media":0,"parent":0,"menu_order":0,"comment_status":"closed","ping_status":"closed","template":"","meta":{"footnotes":""},"class_list":["post-516","page","type-page","status-publish","hentry"],"_links":{"self":[{"href":"https:\/\/pos.uel.br\/pgcif\/wp-json\/wp\/v2\/pages\/516","targetHints":{"allow":["GET"]}}],"collection":[{"href":"https:\/\/pos.uel.br\/pgcif\/wp-json\/wp\/v2\/pages"}],"about":[{"href":"https:\/\/pos.uel.br\/pgcif\/wp-json\/wp\/v2\/types\/page"}],"author":[{"embeddable":true,"href":"https:\/\/pos.uel.br\/pgcif\/wp-json\/wp\/v2\/users\/9"}],"replies":[{"embeddable":true,"href":"https:\/\/pos.uel.br\/pgcif\/wp-json\/wp\/v2\/comments?post=516"}],"version-history":[{"count":12,"href":"https:\/\/pos.uel.br\/pgcif\/wp-json\/wp\/v2\/pages\/516\/revisions"}],"predecessor-version":[{"id":1791,"href":"https:\/\/pos.uel.br\/pgcif\/wp-json\/wp\/v2\/pages\/516\/revisions\/1791"}],"wp:attachment":[{"href":"https:\/\/pos.uel.br\/pgcif\/wp-json\/wp\/v2\/media?parent=516"}],"curies":[{"name":"wp","href":"https:\/\/api.w.org\/{rel}","templated":true}]}}