{"id":503,"date":"2022-04-08T11:11:42","date_gmt":"2022-04-08T14:11:42","guid":{"rendered":"https:\/\/pos.uel.br\/pgcif\/?page_id=503"},"modified":"2025-06-06T09:39:09","modified_gmt":"2025-06-06T12:39:09","slug":"503-2","status":"publish","type":"page","link":"https:\/\/pos.uel.br\/pgcif\/503-2\/","title":{"rendered":"Profa. Dra.\u00a0Andressa de Freitas Mendes Dion\u00edsio"},"content":{"rendered":"\n<figure class=\"wp-block-image size-full is-resized\"><img loading=\"lazy\" decoding=\"async\" width=\"178\" height=\"166\" src=\"https:\/\/pos.uel.br\/pgcif\/wp-content\/uploads\/2022\/04\/ANDRESSA-1.png\" alt=\"\" class=\"wp-image-599\" style=\"width:178px;height:166px\" \/><\/figure>\n\n\n\n<p><\/p>\n\n\n\n<p><strong>Laborat\u00f3rio de Farmacologia da Inflama\u00e7\u00e3o<\/strong><\/p>\n\n\n\n<p><a href=\"mailto:andressa@uel.br\">andressa@uel.br<\/a>   <\/p>\n\n\n\n<p>(43) 3371-4201 <\/p>\n\n\n\n<p>Curr\u00edculo Lattes:\u00a0<a href=\"http:\/\/lattes.cnpq.br\/2451249199408790\"> http:\/\/lattes.cnpq.br\/2451249199408790<\/a><\/p>\n\n\n\n<p>ORCID: <a href=\"https:\/\/orcid.org\/0000-0001-8453-7742\">https:\/\/orcid.org\/0000-0001-8453-7742<\/a><a href=\"http:\/\/buscatextual.cnpq.br\/buscatextual\/visualizacv.do?id=K4744560Z5\"><\/a><a href=\"http:\/\/buscatextual.cnpq.br\/buscatextual\/visualizacv.do?id=K4744560Z5\"><\/a><a href=\"http:\/\/buscatextual.cnpq.br\/buscatextual\/visualizacv.do?id=K4744560Z5\"><\/a><\/p>\n\n\n\n<p><em><strong>Linha de Pesquisa<\/strong><\/em><\/p>\n\n\n\n<p>Mecanismos imuno-farmacol\u00f3gicos na inflama\u00e7\u00e3o e regenera\u00e7\u00e3o tecidual.<\/p>\n\n\n\n<p><em><strong>Descri\u00e7\u00e3o<\/strong><\/em><\/p>\n\n\n\n<p>A sepse \u00e9 uma s\u00edndrome moldada por fatores relacionados tanto ao pat\u00f3geno quanto ao hospedeiro, possuindo como um dos fatores determinantes a presen\u00e7a de comorbidades, como hipertens\u00e3o, dibetes e o alcoolismo. Nosso laborat\u00f3rio visa compreender os mecanismos pelos quais a presen\u00e7a de comorbidades aumenta a susceptibilidade a infec\u00e7\u00f5es<a><\/a>. Neste contexto, um dos nossos objetivos&nbsp;\u00e9 entender como o consumo de etanol induz a supress\u00e3o da resposta imune inata, o que predisp\u00f5e a sepse.<\/p>\n\n\n\n<p><em><strong>Principais trabalhos<\/strong><\/em><\/p>\n\n\n\n<p><\/p>\n\n\n\n<p>PIRES NAKAMA R, FELIPE DOS SANTOS L, BERTO-PEREIRA L, SOBRAL DE ROSSI L, DONIZETTE MALVEZI A, ISABEL LOVO-MARTINS M, PAULA CANIZARES CARDOSO A, MENDES DION\u00cdSIO DE FREITAS A, CARDOSO MARTINS-PINGE M, PINGE-FILHO P. Metabolic syndrome induces benefits in mice experiencing severe sepsis, comparable to the effects of low-dose aspirin pretreatment in septic mice lacking metabolic syndrome. Int Immunopharmacol. 2024 Jul 17;139:112694. doi: 10.1016\/j.intimp.2024.112694.<\/p>\n\n\n\n<p>RASQUEL-OLIVEIRA, F. S. ; MANCHOPE, M. F. ; STAURENGO-FERRARI, L. ; FERRAZ, C. R. ; SARAIVA-SANTOS, T. ; ZANINELLI, T. H. ; FATTORI, V. ; ARTERO, N. A. ; BADARO-GARCIA, S. ; FREITAS, A. ; FREITAS A ; CASAGRANDE, R. ; VERRI, WA,JR . Hesperidin methyl chalcone interacts with NF\u03baB Ser276 and inhibits zymosan-induced joint pain and inflammation, and RAW 264.7 macrophage activation. INFLAMMOPHARMACOLOGY , v. 28, p. 979-992, 2020<\/p>\n\n\n\n<p>CERON, CARLA S. ; DO VALE, GABRIEL T. ; SIMPLICIO, JANAINA A. ; RICCI, STHEFANY T. ; DE MARTINIS, BRUNO S. ; DE FREITAS, ANDRESSA ; TIRAPELLI, CARLOS R. . Chronic ethanol consumption increases vascular oxidative stress and the mortality induced by sub-lethal sepsis: potential role of iNOS. EUROPEAN JOURNAL OF PHARMACOLOGY , v. 825, p. 39-47, 2018<\/p>\n\n\n\n<p>BERTOZZI, MARIANA M. ; ROSSANEIS, ANA C. ; FATTORI, VICTOR ; LONGHI-BALBINOT, DANIELA T. ; Freitas, Andressa ; Freitas A ; Cunha, Fernando Q. ; Alves-Filho, Jos\u00e9 C. ; CUNHA, THIAGO M. ; CASAGRANDE, RUBIA ; VERRI, WALDICEU A. . Diosmin reduces chronic constriction injury-induced neuropathic pain in mice. CHEMICO-BIOLOGICAL INTERACTIONS v. 17, p. 30269-7, 2017<\/p>\n\n\n\n<p><strong><em>Cap\u00edtulos de livros<\/em><\/strong><\/p>\n\n\n\n<p>HOHMANN, MIRIAM S. ; ZANINELLI, TIAGO H. ; STAURENGO-FERRARI, LARISSA ; MANCHOPE, MAR\u00cdLIA F. ; BADARO-GARCIA, STEPHANIE ; DE FREITAS, ANDRESSA ; CASAGRANDE, RUBIA ; VERRI, WALDICEU A. Nrf2 in Immune Responses During Inflammation. Progress in Inflammation Research. 1eded.: Springer International Publishing, 2020, p. 23-49.<\/p>\n\n\n\n<p>FREITAS A; FREITAS, A; Aspectos Farmacol\u00f3gicos dos AINEs e Opioides no Tratamento da Dor Cr\u00f4nica Nociceptiva. In: Jos\u00e9 Luciano Tavares da Silva; Josiane Cec\u00edlia Luzia. (Org.). Temas em Neuroci\u00eancias. 1eded.S\u00e3o Carlos: Scienza, 2020, v. 1, p. 01-366.<\/p>\n\n\n\n<p><\/p>\n","protected":false},"excerpt":{"rendered":"<p>Laborat\u00f3rio de Farmacologia da Inflama\u00e7\u00e3o andressa@uel.br (43) 3371-4201 Curr\u00edculo Lattes:\u00a0 http:\/\/lattes.cnpq.br\/2451249199408790 ORCID: https:\/\/orcid.org\/0000-0001-8453-7742 Linha de Pesquisa Mecanismos imuno-farmacol\u00f3gicos na inflama\u00e7\u00e3o e regenera\u00e7\u00e3o tecidual. Descri\u00e7\u00e3o A sepse \u00e9 uma s\u00edndrome moldada por fatores relacionados tanto ao pat\u00f3geno quanto ao hospedeiro, possuindo como um dos fatores determinantes a presen\u00e7a de comorbidades, como hipertens\u00e3o, dibetes e o alcoolismo. [&hellip;]<\/p>\n","protected":false},"author":9,"featured_media":0,"parent":0,"menu_order":0,"comment_status":"closed","ping_status":"closed","template":"","meta":{"footnotes":""},"class_list":["post-503","page","type-page","status-publish","hentry"],"_links":{"self":[{"href":"https:\/\/pos.uel.br\/pgcif\/wp-json\/wp\/v2\/pages\/503","targetHints":{"allow":["GET"]}}],"collection":[{"href":"https:\/\/pos.uel.br\/pgcif\/wp-json\/wp\/v2\/pages"}],"about":[{"href":"https:\/\/pos.uel.br\/pgcif\/wp-json\/wp\/v2\/types\/page"}],"author":[{"embeddable":true,"href":"https:\/\/pos.uel.br\/pgcif\/wp-json\/wp\/v2\/users\/9"}],"replies":[{"embeddable":true,"href":"https:\/\/pos.uel.br\/pgcif\/wp-json\/wp\/v2\/comments?post=503"}],"version-history":[{"count":9,"href":"https:\/\/pos.uel.br\/pgcif\/wp-json\/wp\/v2\/pages\/503\/revisions"}],"predecessor-version":[{"id":1681,"href":"https:\/\/pos.uel.br\/pgcif\/wp-json\/wp\/v2\/pages\/503\/revisions\/1681"}],"wp:attachment":[{"href":"https:\/\/pos.uel.br\/pgcif\/wp-json\/wp\/v2\/media?parent=503"}],"curies":[{"name":"wp","href":"https:\/\/api.w.org\/{rel}","templated":true}]}}