{"id":424,"date":"2021-10-29T09:44:13","date_gmt":"2021-10-29T12:44:13","guid":{"rendered":"https:\/\/pos.uel.br\/pgcif\/?page_id=424"},"modified":"2021-10-29T09:44:13","modified_gmt":"2021-10-29T12:44:13","slug":"programa-de-posgrado-en-ciencias-fisiologicas-pgcif","status":"publish","type":"page","link":"https:\/\/pos.uel.br\/pgcif\/programa-de-posgrado-en-ciencias-fisiologicas-pgcif\/","title":{"rendered":"Programa de Posgrado en Ciencias Fisiol\u00f3gicas (PGCIF)"},"content":{"rendered":"\n<p>El Programa de Posgrado en Ciencias Fisiol\u00f3gicas (PGCIF) est\u00e1 acreditado por la CAPES para las titulaciones de Maestr\u00eda y Doctorado con concepto 4. El PGCIF se encuentra en el \u00e1rea de concentraci\u00f3n de Ciencias Fisiol\u00f3gicas y tiene como objetivo proporcionar a los posgraduados conocimientos sobre los fen\u00f3menos fisiol\u00f3gicos, prepar\u00e1ndolos para el desempe\u00f1o de actividades de investigaci\u00f3n, innovaci\u00f3n y docencia en la ense\u00f1anza superior en el \u00e1rea.<\/p>\n\n\n\n<p>L\u00edneas de investigaci\u00f3n:<\/p>\n\n\n\n<p><strong><u>Farmacolog\u00eda y Toxicolog\u00eda<\/u><\/strong>: Estudio de los efectos de los f\u00e1rmacos y xenobi\u00f3ticos en modelos biol\u00f3gicos.<\/p>\n\n\n\n<p><strong><u>Fisiolog\u00eda y Ecofisiolog\u00eda<\/u><\/strong><strong>:<\/strong>Estudio de la fisiolog\u00eda y fisiopatolog\u00eda de los \u00f3rganos y sistemas y de las adaptaciones de los organismos a las condiciones ambientales.<\/p>\n\n\n\n<p><strong><u>Admisi\u00f3n de estudiantes<\/u><\/strong>: Los candidatos deben presentar su solicitud de acuerdo con las especificaciones de cada anuncio de selecci\u00f3n. En las convocatorias de selecci\u00f3n se incluyen las siguientes fases: prueba te\u00f3rica, presentaci\u00f3n y discusi\u00f3n del proyecto de investigaci\u00f3n, an\u00e1lisis del curr\u00edculo documentado y entrevista. En el momento de la inscripci\u00f3n es necesario acreditar el dominio del ingl\u00e9s.<\/p>\n\n\n\n<p><strong><u>Organizaci\u00f3n curricular<\/u><\/strong>: Para la obtenci\u00f3n del t\u00edtulo en maestr\u00eda y doctorado se requieren 24 (18 obligatorios y 06 optativos) y 34 (18 obligatorios y 16 optativos) cr\u00e9ditos en asignaturas, respectivamente.<\/p>\n\n\n\n<p><strong><u>Alumnos especiales<\/u><\/strong>: La matr\u00edcula se realiza cada semestre seg\u00fan la convocatoria disponible en el apartado Edicto.<\/p>\n","protected":false},"excerpt":{"rendered":"<p>El Programa de Posgrado en Ciencias Fisiol\u00f3gicas (PGCIF) est\u00e1 acreditado por la CAPES para las titulaciones de Maestr\u00eda y Doctorado con concepto 4. El PGCIF se encuentra en el \u00e1rea de concentraci\u00f3n de Ciencias Fisiol\u00f3gicas y tiene como objetivo proporcionar a los posgraduados conocimientos sobre los fen\u00f3menos fisiol\u00f3gicos, prepar\u00e1ndolos para el desempe\u00f1o de actividades de [&hellip;]<\/p>\n","protected":false},"author":9,"featured_media":0,"parent":0,"menu_order":0,"comment_status":"closed","ping_status":"closed","template":"","meta":{"footnotes":""},"class_list":["post-424","page","type-page","status-publish","hentry"],"_links":{"self":[{"href":"https:\/\/pos.uel.br\/pgcif\/wp-json\/wp\/v2\/pages\/424","targetHints":{"allow":["GET"]}}],"collection":[{"href":"https:\/\/pos.uel.br\/pgcif\/wp-json\/wp\/v2\/pages"}],"about":[{"href":"https:\/\/pos.uel.br\/pgcif\/wp-json\/wp\/v2\/types\/page"}],"author":[{"embeddable":true,"href":"https:\/\/pos.uel.br\/pgcif\/wp-json\/wp\/v2\/users\/9"}],"replies":[{"embeddable":true,"href":"https:\/\/pos.uel.br\/pgcif\/wp-json\/wp\/v2\/comments?post=424"}],"version-history":[{"count":1,"href":"https:\/\/pos.uel.br\/pgcif\/wp-json\/wp\/v2\/pages\/424\/revisions"}],"predecessor-version":[{"id":425,"href":"https:\/\/pos.uel.br\/pgcif\/wp-json\/wp\/v2\/pages\/424\/revisions\/425"}],"wp:attachment":[{"href":"https:\/\/pos.uel.br\/pgcif\/wp-json\/wp\/v2\/media?parent=424"}],"curies":[{"name":"wp","href":"https:\/\/api.w.org\/{rel}","templated":true}]}}