{"id":359,"date":"2021-10-28T14:54:03","date_gmt":"2021-10-28T17:54:03","guid":{"rendered":"https:\/\/pos.uel.br\/pgcif\/?page_id=359"},"modified":"2025-11-04T15:51:38","modified_gmt":"2025-11-04T18:51:38","slug":"exame-de-proficiencia","status":"publish","type":"page","link":"https:\/\/pos.uel.br\/pgcif\/exame-de-proficiencia\/","title":{"rendered":"Exame de profici\u00eancia"},"content":{"rendered":"\n<p class=\"has-medium-font-size\"><strong>Os candidatos que n\u00e3o comprovarem profici\u00eancia na l\u00edngua inglesa n\u00e3o poder\u00e3o participar do processo de sele\u00e7\u00e3o.<\/strong><\/p>\n\n\n\n<figure class=\"wp-block-table\"><table><tbody><tr><td>EXAME<\/td><td>PONTUA\u00c7\u00c3O M\u00cdNIMA<\/td><td>INFORMA\u00c7\u00d5ES<\/td><\/tr><tr><td>TEAP&nbsp;(Test for English for Academic Purposes)<\/td><td>70<\/td><td><a href=\"https:\/\/www.teseprime.org\/\">www.teseprime.org<\/a><\/td><\/tr><tr><td>IELTS&nbsp;(International English Language Testing System)<\/td><td>4,0<\/td><td><a href=\"http:\/\/www.britishcouncil.org.br\/\">www.britishcouncil.org.br<\/a><\/td><\/tr><tr><td>TOEIC&nbsp;(Test of English for International Communication)<\/td><td>463<\/td><td><a href=\"http:\/\/www.ets.org\/toeic\">www.ets.org\/toeic<\/a><\/td><\/tr><tr><td>TOEFL iBT&nbsp;(Test for English as a Foreign Language, internet-based)<\/td><td>48<\/td><td><a href=\"http:\/\/www.toefl.org\/\">www.toefl.org<\/a><\/td><\/tr><tr><td>TOEFL&nbsp;ITP&nbsp;(Test for English as a Foreign Language, institutional testing program)<\/td><td>460<\/td><td><a href=\"http:\/\/www.toefl.org\/\">www.toefl.org<\/a><\/td><\/tr><tr><td>Exames da Universidade deCambridge FCE (First Certificate in English) CAE (Cambridge Achievement Exam)<\/td><td>Aprova\u00e7\u00e3o n\u00edveis A,B ou C<\/td><td><a href=\"https:\/\/www.culturainglesa.com.br\/\">https:\/\/www.culturainglesa.com.br\/<\/a><\/td><\/tr><tr><td>Duolingo English Test<\/td><td>80<\/td><td><a href=\"https:\/\/www.englishtest.duolingo.com\/applicants\">www.englishtest.duolingo.com<\/a><br><\/td><\/tr><\/tbody><\/table><\/figure>\n\n\n\n<p><\/p>\n","protected":false},"excerpt":{"rendered":"<p>Os candidatos que n\u00e3o comprovarem profici\u00eancia na l\u00edngua inglesa n\u00e3o poder\u00e3o participar do processo de sele\u00e7\u00e3o. EXAME PONTUA\u00c7\u00c3O M\u00cdNIMA INFORMA\u00c7\u00d5ES TEAP&nbsp;(Test for English for Academic Purposes) 70 www.teseprime.org IELTS&nbsp;(International English Language Testing System) 4,0 www.britishcouncil.org.br TOEIC&nbsp;(Test of English for International Communication) 463 www.ets.org\/toeic TOEFL iBT&nbsp;(Test for English as a Foreign Language, internet-based) 48 www.toefl.org TOEFL&nbsp;ITP&nbsp;(Test [&hellip;]<\/p>\n","protected":false},"author":9,"featured_media":0,"parent":0,"menu_order":0,"comment_status":"closed","ping_status":"closed","template":"","meta":{"footnotes":""},"class_list":["post-359","page","type-page","status-publish","hentry"],"_links":{"self":[{"href":"https:\/\/pos.uel.br\/pgcif\/wp-json\/wp\/v2\/pages\/359","targetHints":{"allow":["GET"]}}],"collection":[{"href":"https:\/\/pos.uel.br\/pgcif\/wp-json\/wp\/v2\/pages"}],"about":[{"href":"https:\/\/pos.uel.br\/pgcif\/wp-json\/wp\/v2\/types\/page"}],"author":[{"embeddable":true,"href":"https:\/\/pos.uel.br\/pgcif\/wp-json\/wp\/v2\/users\/9"}],"replies":[{"embeddable":true,"href":"https:\/\/pos.uel.br\/pgcif\/wp-json\/wp\/v2\/comments?post=359"}],"version-history":[{"count":7,"href":"https:\/\/pos.uel.br\/pgcif\/wp-json\/wp\/v2\/pages\/359\/revisions"}],"predecessor-version":[{"id":1856,"href":"https:\/\/pos.uel.br\/pgcif\/wp-json\/wp\/v2\/pages\/359\/revisions\/1856"}],"wp:attachment":[{"href":"https:\/\/pos.uel.br\/pgcif\/wp-json\/wp\/v2\/media?parent=359"}],"curies":[{"name":"wp","href":"https:\/\/api.w.org\/{rel}","templated":true}]}}