{"id":336,"date":"2021-10-28T11:18:58","date_gmt":"2021-10-28T14:18:58","guid":{"rendered":"https:\/\/pos.uel.br\/pgcif\/?page_id=336"},"modified":"2021-10-28T11:24:17","modified_gmt":"2021-10-28T14:24:17","slug":"logomarcas","status":"publish","type":"page","link":"https:\/\/pos.uel.br\/pgcif\/logomarcas\/","title":{"rendered":"Logomarcas"},"content":{"rendered":"\n<p>Para copiar a figura, clique com o bot\u00e3o direito do mouse sobre a figura. Na barra de sele\u00e7\u00f5es, clique em \u201cSalvar imagem como\u2026\u201d, escolha o local e clique em \u201cSalvar\u201d.<\/p>\n\n\n\n<figure class=\"wp-block-image is-resized\"><img loading=\"lazy\" decoding=\"async\" src=\"https:\/\/pos.uel.br\/biologicas\/wp-content\/uploads\/2021\/07\/UEL-1024x308.png\" alt=\"\" class=\"wp-image-680\" width=\"541\" height=\"163\"\/><\/figure>\n\n\n\n<p><a href=\"https:\/\/portal.uel.br\/conheca-a-uel\/pages\/marca-e-logotipo.php\">Acesse todas as artes dispon\u00edveis da logo da UEL<\/a><\/p>\n\n\n\n<figure class=\"wp-block-image size-large is-resized\"><img loading=\"lazy\" decoding=\"async\" src=\"https:\/\/pos.uel.br\/pgcif\/wp-content\/uploads\/2021\/10\/LOGO-PGCIF-1024x821.png\" alt=\"\" class=\"wp-image-342\" width=\"238\" height=\"190\" srcset=\"https:\/\/pos.uel.br\/pgcif\/wp-content\/uploads\/2021\/10\/LOGO-PGCIF-1024x821.png 1024w, https:\/\/pos.uel.br\/pgcif\/wp-content\/uploads\/2021\/10\/LOGO-PGCIF-300x241.png 300w, https:\/\/pos.uel.br\/pgcif\/wp-content\/uploads\/2021\/10\/LOGO-PGCIF-768x616.png 768w, https:\/\/pos.uel.br\/pgcif\/wp-content\/uploads\/2021\/10\/LOGO-PGCIF-1536x1232.png 1536w, https:\/\/pos.uel.br\/pgcif\/wp-content\/uploads\/2021\/10\/LOGO-PGCIF-2048x1642.png 2048w\" sizes=\"auto, (max-width: 238px) 100vw, 238px\" \/><\/figure>\n\n\n\n<figure class=\"wp-block-image\"><img decoding=\"async\" src=\"https:\/\/pos.uel.br\/biologicas\/wp-content\/uploads\/2021\/06\/Logo_proppg_colorida.png\" alt=\"\" class=\"wp-image-603\"\/><\/figure>\n\n\n\n<figure class=\"wp-block-image is-resized\"><img loading=\"lazy\" decoding=\"async\" src=\"https:\/\/pos.uel.br\/biologicas\/wp-content\/uploads\/2021\/06\/logo-capes-original-fundo-claro-png-1024x948.png\" alt=\"\" class=\"wp-image-601\" width=\"193\" height=\"179\"\/><\/figure>\n\n\n\n<figure class=\"wp-block-image is-resized\"><img loading=\"lazy\" decoding=\"async\" src=\"https:\/\/pos.uel.br\/biologicas\/wp-content\/uploads\/2021\/06\/logo-cnpq.jpg\" alt=\"\" class=\"wp-image-602\" width=\"370\" height=\"164\"\/><\/figure>\n\n\n\n<figure class=\"wp-block-image is-resized\"><img loading=\"lazy\" decoding=\"async\" src=\"https:\/\/pos.uel.br\/biologicas\/wp-content\/uploads\/2021\/06\/logo-fa.png\" alt=\"\" class=\"wp-image-600\" width=\"286\" height=\"215\"\/><\/figure>\n\n\n\n<figure class=\"wp-block-image is-resized\"><a href=\"http:\/\/finep.gov.br\/\" target=\"_blank\" rel=\"noreferrer noopener\"><img loading=\"lazy\" decoding=\"async\" src=\"https:\/\/pos.uel.br\/gbm\/wp-content\/uploads\/2021\/06\/finep_empresa_brasileira_de_inovacao_e_pesquisa_RGB-1024x596.jpg\" alt=\"\" class=\"wp-image-660\" width=\"268\" height=\"156\"\/><\/a><\/figure>\n","protected":false},"excerpt":{"rendered":"<p>Para copiar a figura, clique com o bot\u00e3o direito do mouse sobre a figura. Na barra de sele\u00e7\u00f5es, clique em \u201cSalvar imagem como\u2026\u201d, escolha o local e clique em \u201cSalvar\u201d. Acesse todas as artes dispon\u00edveis da logo da UEL<\/p>\n","protected":false},"author":9,"featured_media":0,"parent":0,"menu_order":0,"comment_status":"closed","ping_status":"closed","template":"","meta":{"footnotes":""},"class_list":["post-336","page","type-page","status-publish","hentry"],"_links":{"self":[{"href":"https:\/\/pos.uel.br\/pgcif\/wp-json\/wp\/v2\/pages\/336","targetHints":{"allow":["GET"]}}],"collection":[{"href":"https:\/\/pos.uel.br\/pgcif\/wp-json\/wp\/v2\/pages"}],"about":[{"href":"https:\/\/pos.uel.br\/pgcif\/wp-json\/wp\/v2\/types\/page"}],"author":[{"embeddable":true,"href":"https:\/\/pos.uel.br\/pgcif\/wp-json\/wp\/v2\/users\/9"}],"replies":[{"embeddable":true,"href":"https:\/\/pos.uel.br\/pgcif\/wp-json\/wp\/v2\/comments?post=336"}],"version-history":[{"count":3,"href":"https:\/\/pos.uel.br\/pgcif\/wp-json\/wp\/v2\/pages\/336\/revisions"}],"predecessor-version":[{"id":344,"href":"https:\/\/pos.uel.br\/pgcif\/wp-json\/wp\/v2\/pages\/336\/revisions\/344"}],"wp:attachment":[{"href":"https:\/\/pos.uel.br\/pgcif\/wp-json\/wp\/v2\/media?parent=336"}],"curies":[{"name":"wp","href":"https:\/\/api.w.org\/{rel}","templated":true}]}}