{"id":328,"date":"2021-10-28T11:10:35","date_gmt":"2021-10-28T14:10:35","guid":{"rendered":"https:\/\/pos.uel.br\/pgcif\/?page_id=328"},"modified":"2021-10-28T16:50:33","modified_gmt":"2021-10-28T19:50:33","slug":"rematricula-e-trancamento","status":"publish","type":"page","link":"https:\/\/pos.uel.br\/pgcif\/rematricula-e-trancamento\/","title":{"rendered":"Rematr\u00edcula e trancamento"},"content":{"rendered":"\n<p><strong>Rematr\u00edcula<\/strong><\/p>\n\n\n\n<p>De acordo com o o Artigo 25 da se\u00e7\u00e3o III (Matr\u00edcula) do regulamento de do PPG Stricto sensu da UEL, o estudante dever\u00e1 efetuar a matr\u00edcula regularmente a cada per\u00edodo letivo, seguindo os prazos estabelecidos no calend\u00e1rio&nbsp;<em><a rel=\"noreferrer noopener\" href=\"http:\/\/www.uel.br\/proppg\/portalnovo\/pages\/calendario-academico\/stricto-sensu.php\" target=\"_blank\">stricto sensu<\/a><\/em>. Caso o estudante n\u00e3o efetue a rematr\u00edcula, o mesmo poder\u00e1 faz\u00ea-la respeitando os 15 dias do encerramento do prazo de rematr\u00edcula, mediante o pagamento de uma multa fixada pelo CA\/UEL. Se houver total descumprimento dos prazos, o estudante estar\u00e1 automaticamente desligado do PPG.<\/p>\n\n\n\n<p>Baixe o requerimento de rematr\u00edcula:&nbsp;<a href=\"https:\/\/pos.uel.br\/gbm\/wp-content\/uploads\/2021\/08\/Requerimento-de-Rematricula.doc\" target=\"_blank\" rel=\"noreferrer noopener\">arquivo em PDF<\/a><\/p>\n\n\n\n<p>Baixe o requerimento geral da PROPPG no&nbsp;<a href=\"http:\/\/www.uel.br\/proppg\/portalnovo\/pages\/mais\/formularios.php\" target=\"_blank\" rel=\"noreferrer noopener\">link<\/a><\/p>\n\n\n\n<p>Para gerar o boleto, acesse o portal do estudante, e no item servi\u00e7os busque por requerimentos<\/p>\n\n\n\n<p><strong>Trancamento de matr\u00edcula<\/strong><\/p>\n\n\n\n<p>Conforme consta no Regulamento Stricto sensu, o Art. 30 &#8221;\u00a0O estudante de P\u00f3s-Gradua\u00e7\u00e3o poder\u00e1, mediante pedido justificado e aprovado pela Comiss\u00e3o Coordenadora, solicitar\u00a0trancamento\u00a0de matr\u00edcula desde que n\u00e3o esteja matriculado no primeiro per\u00edodo do Programa e n\u00e3o o requeira ap\u00f3s ter decorrido 2\/3 do per\u00edodo letivo em andamento&#8221;.\u00a0 \u00a0\u00a0<\/p>\n\n\n\n<p>Para trancar a matr\u00edcula, o estudante dever\u00e1 acessar o portal do estudante. No item servi\u00e7os busque por trancamento.<\/p>\n","protected":false},"excerpt":{"rendered":"<p>Rematr\u00edcula De acordo com o o Artigo 25 da se\u00e7\u00e3o III (Matr\u00edcula) do regulamento de do PPG Stricto sensu da UEL, o estudante dever\u00e1 efetuar a matr\u00edcula regularmente a cada per\u00edodo letivo, seguindo os prazos estabelecidos no calend\u00e1rio&nbsp;stricto sensu. Caso o estudante n\u00e3o efetue a rematr\u00edcula, o mesmo poder\u00e1 faz\u00ea-la respeitando os 15 dias do [&hellip;]<\/p>\n","protected":false},"author":9,"featured_media":0,"parent":0,"menu_order":0,"comment_status":"closed","ping_status":"closed","template":"","meta":{"footnotes":""},"class_list":["post-328","page","type-page","status-publish","hentry"],"_links":{"self":[{"href":"https:\/\/pos.uel.br\/pgcif\/wp-json\/wp\/v2\/pages\/328","targetHints":{"allow":["GET"]}}],"collection":[{"href":"https:\/\/pos.uel.br\/pgcif\/wp-json\/wp\/v2\/pages"}],"about":[{"href":"https:\/\/pos.uel.br\/pgcif\/wp-json\/wp\/v2\/types\/page"}],"author":[{"embeddable":true,"href":"https:\/\/pos.uel.br\/pgcif\/wp-json\/wp\/v2\/users\/9"}],"replies":[{"embeddable":true,"href":"https:\/\/pos.uel.br\/pgcif\/wp-json\/wp\/v2\/comments?post=328"}],"version-history":[{"count":3,"href":"https:\/\/pos.uel.br\/pgcif\/wp-json\/wp\/v2\/pages\/328\/revisions"}],"predecessor-version":[{"id":410,"href":"https:\/\/pos.uel.br\/pgcif\/wp-json\/wp\/v2\/pages\/328\/revisions\/410"}],"wp:attachment":[{"href":"https:\/\/pos.uel.br\/pgcif\/wp-json\/wp\/v2\/media?parent=328"}],"curies":[{"name":"wp","href":"https:\/\/api.w.org\/{rel}","templated":true}]}}