{"id":312,"date":"2021-10-28T10:32:43","date_gmt":"2021-10-28T13:32:43","guid":{"rendered":"https:\/\/pos.uel.br\/pgcif\/?page_id=312"},"modified":"2024-07-30T12:19:56","modified_gmt":"2024-07-30T15:19:56","slug":"formularios-3","status":"publish","type":"page","link":"https:\/\/pos.uel.br\/pgcif\/formularios-3\/","title":{"rendered":"Formul\u00e1rios"},"content":{"rendered":"\n<p><em><strong><strong>Documentos para a inscri\u00e7\u00e3o exame sele\u00e7\u00e3o:<\/strong><\/strong><\/em><\/p>\n\n\n\n<p>Curriculum vitae disserta\u00e7\u00e3o\/tese  &#8211;<a href=\"https:\/\/pos.uel.br\/pgcif\/wp-content\/uploads\/2022\/04\/MODELO-DE-CV-PGCIF.doc\"> Modelo de CV<\/a><\/p>\n\n\n\n<p>Modelo e apresenta\u00e7\u00e3o do pr\u00e9-projeto &#8211; <a href=\"https:\/\/pos.uel.br\/pgcif\/wp-content\/uploads\/2022\/04\/modelo_projeto_pesquisa_Mestrado.doc\">Modelo do Projeto de Mestrado<\/a><\/p>\n\n\n\n<p><strong>Documentos e instru\u00e7\u00f5es para exame de qualifica\u00e7\u00e3o:<\/strong><\/p>\n\n\n\n<p><a href=\"https:\/\/pos.uel.br\/pgcif\/wp-content\/uploads\/2022\/04\/FORMULARIO-PARA-INDICACAO-DE-BANCA-EXAMINADORA-PARA-QUALIFICACAO.doc\">FORMUL\u00c1RIO PARA INDICA\u00c7\u00c3O DE BANCA EXAMINADORA PARA QUALIFICA\u00c7\u00c3O<\/a><\/p>\n\n\n\n<p><a href=\"https:\/\/pos.uel.br\/pgcif\/wp-content\/uploads\/2024\/07\/Form_cadastro_Prof_visitante-.docx\">FORMUL\u00c1RIO PARA INDICA\u00c7\u00c3O DE DOCENTE EXTERNO PARA BANCAS<\/a><\/p>\n\n\n\n<p><strong>Documentos e instru\u00e7\u00f5es para apresenta\u00e7\u00e3o remota:<\/strong><\/p>\n\n\n\n<p><a href=\"https:\/\/pos.uel.br\/pgcif\/wp-content\/uploads\/2022\/04\/Formulario-de-Concordancia-do-Estudante-1.doc\">Formul\u00e1rio de Concord\u00e2ncia do Estudante (APRESENTA\u00c7\u00c3O REMOTA)<\/a><\/p>\n\n\n\n<p><a href=\"https:\/\/pos.uel.br\/pgcif\/wp-content\/uploads\/2022\/04\/Declaracao-participacao-em-banca-a-distancia.doc\">Declara\u00e7\u00e3o de participa\u00e7\u00e3o em banca por via remota (Membros da banca)<\/a><\/p>\n\n\n\n<p><strong>Documentos e instru\u00e7\u00f5es para defesa de disserta\u00e7\u00e3o\/tese:<\/strong><\/p>\n\n\n\n<p><a href=\"https:\/\/pos.uel.br\/pgcif\/wp-content\/uploads\/2022\/05\/FORMULARIO-PARA-INDICACAO-DE-BANCA-EXAMINADORA-PARA-DEFESA-DE-MESTRADO.doc\">FORMUL\u00c1RIO PARA INDICA\u00c7\u00c3O DE BANCA EXAMINADORA PARA DEFESA DE MESTRADO<\/a><\/p>\n\n\n\n<p><a href=\"https:\/\/pos.uel.br\/pgcif\/wp-content\/uploads\/2022\/05\/FORMULARIO-PARA-INDICACAO-DE-BANCA-EXAMINADORA-PARA-DEFESA-DE-DOUTORADO.doc\">FORMUL\u00c1RIO PARA INDICA\u00c7\u00c3O DE BANCA EXAMINADORA PARA DEFESA DE DOUTORADO<\/a><\/p>\n\n\n\n<p><a href=\"https:\/\/pos.uel.br\/pgcif\/wp-content\/uploads\/2024\/07\/Form_cadastro_Prof_visitante-.docx\">FORMUL\u00c1RIO PARA INDICA\u00c7\u00c3O DE DOCENTE EXTERNO PARA BANCAS<\/a><\/p>\n\n\n\n<p><strong>Documentos ap\u00f3s a defesa de disserta\u00e7\u00e3o\/tese:<\/strong><\/p>\n\n\n\n<p>Termo de Autoriza\u00e7\u00e3o \u00e0 Biblioteca Digital\/UEL \u2013 disserta\u00e7\u00e3o &lt;<a rel=\"noreferrer noopener\" href=\"https:\/\/31de4f2b-127b-4f96-85a7-5b5e0db81438.filesusr.com\/ugd\/85fc07_ba47fec3cb50456ba2aa060e3a248407.doc?dn=termo_autorizacao_tese_biblioteca.doc\" target=\"_blank\"><strong>fa\u00e7a o download<\/strong><\/a>&gt;<\/p>\n\n\n\n<p>Termo de Autoriza\u00e7\u00e3o \u00e0 Biblioteca Digital\/UEL \u2013 tese &lt;<strong><a rel=\"noreferrer noopener\" href=\"https:\/\/pos.uel.br\/gbm\/wp-content\/uploads\/2021\/06\/termo_autorizacao_tese_biblioteca.doc\" target=\"_blank\">fa\u00e7a o download<\/a><\/strong>&gt;<\/p>\n\n\n\n<p>Termo de entrega&nbsp; \u00e0 Biblioteca Central\/UEL \u2013 disserta\u00e7\u00e3o\/tese &lt;<strong><a rel=\"noreferrer noopener\" href=\"https:\/\/pos.uel.br\/gbm\/wp-content\/uploads\/2021\/06\/termo_entrega_diss_ou_tese_bibl.central..doc\" target=\"_blank\">fa\u00e7a o download<\/a><\/strong>&gt;<\/p>\n\n\n\n<p>Biblioteca Central da Universidade Estadual de Londrina &#8211; <a rel=\"noreferrer noopener\" href=\"http:\/\/www.uel.br\/bc\/home\/pages\/ficha-catalografica.php\" target=\"_blank\">Ficha catalogr\u00e1fica<\/a>&nbsp;<\/p>\n\n\n\n<p><strong>Sele\u00e7\u00e3o de Bolsas<\/strong>:<\/p>\n\n\n\n<p><a href=\"https:\/\/pos.uel.br\/pgcif\/wp-content\/uploads\/2024\/03\/Termo-de-Compromisso-DS-2024.docx\">TERMO DE COMPROMISSO BOLSA CAPES<\/a><\/p>\n\n\n\n<p><a href=\"https:\/\/pos.uel.br\/pgcif\/wp-content\/uploads\/2024\/03\/Declaracao-Acumulo-bolsa-c-ativ-remunerada.docx\">DECLARA\u00c7\u00c3O DE AC\u00daMULO DE BOLSA COM ATIVIDADE REMUNERADA<\/a><\/p>\n\n\n\n<p><strong>Documentos gest\u00e3o de disciplinas:<\/strong><\/p>\n\n\n\n<p><a href=\"https:\/\/pos.uel.br\/pgcif\/wp-content\/uploads\/2022\/04\/Boletim-de-Inclusao-Cancelamento-de-Disciplina.doc\">Boletim de Inclus\u00e3o \/ Cancelamento de Disciplinas<\/a>&nbsp;(O estudante dever\u00e1 preencher este Boletim e entreg\u00e1-lo na secretaria do Programa somente quando j\u00e1 tiver&nbsp;sido ministrado 30% da carga hor\u00e1ria total da disciplina, caso contr\u00e1rio o pedido dever\u00e1 ser feito via WEB \u2013 Portal do Estudante de P\u00f3s-Gradua\u00e7\u00e3o).<\/p>\n\n\n\n<p><a href=\"https:\/\/www.uel.br\/pos\/pgac\/wp-content\/uploads\/2021\/08\/Equivalencia-Convalidacao-SOLICITANTE.pdf\" target=\"_blank\" rel=\"noreferrer noopener\">Manual para Equival\u00eancia\/Convalida\u00e7\u00e3o de disciplinas SOLICITANTE<\/a><\/p>\n\n\n\n<p> <strong>Cart\u00e3o de transporte escolar:<\/strong><\/p>\n\n\n\n<p><a rel=\"noreferrer noopener\" href=\"http:\/\/www.uel.br\/sebec\/\/pages\/apoio-administrativo\/cartao-de-transporte-escolar.php\" target=\"_blank\">Formul\u00e1rio para requerimento de cart\u00e3o de transporte escolar<\/a><\/p>\n\n\n\n<p><strong>Reserva de sala no LABESC<\/strong><\/p>\n\n\n\n<p><a rel=\"noreferrer noopener\" href=\"http:\/\/www.uel.br\/pos\/pgac\/wp-content\/uploads\/2016\/04\/FORMULARIO-PARA-SOLICITACAO-DE-RESERVA-DE-SALA-NO-LABESC.doc\" target=\"_blank\">Formul\u00e1rio para solicita\u00e7\u00e3o de reserva de sala no LABESC<\/a><\/p>\n\n\n\n<p><a href=\"http:\/\/www.uel.br\/proppg\/portalnovo\/pages\/financeiro-pos\/formularios.php\" target=\"_blank\" rel=\"noreferrer noopener\">Instru\u00e7\u00e3o de servi\u00e7o e anexos da PROPPG<\/a>&nbsp;para pagamento de participa\u00e7\u00e3o de estudantes em eventos cient\u00edficos<\/p>\n\n\n\n<p>Outros&nbsp;<a rel=\"noreferrer noopener\" href=\"http:\/\/www.uel.br\/proppg\/portalnovo\/pages\/mais\/formularios.php\" target=\"_blank\">formul\u00e1rios gerais da PROPPG<\/a>&nbsp;podem ser encontrados na p\u00e1gina da PROPPG.<\/p>\n\n\n\n<p><\/p>\n","protected":false},"excerpt":{"rendered":"<p>Documentos para a inscri\u00e7\u00e3o exame sele\u00e7\u00e3o: Curriculum vitae disserta\u00e7\u00e3o\/tese &#8211; Modelo de CV Modelo e apresenta\u00e7\u00e3o do pr\u00e9-projeto &#8211; Modelo do Projeto de Mestrado Documentos e instru\u00e7\u00f5es para exame de qualifica\u00e7\u00e3o: FORMUL\u00c1RIO PARA INDICA\u00c7\u00c3O DE BANCA EXAMINADORA PARA QUALIFICA\u00c7\u00c3O FORMUL\u00c1RIO PARA INDICA\u00c7\u00c3O DE DOCENTE EXTERNO PARA BANCAS Documentos e instru\u00e7\u00f5es para apresenta\u00e7\u00e3o remota: Formul\u00e1rio de [&hellip;]<\/p>\n","protected":false},"author":9,"featured_media":0,"parent":0,"menu_order":0,"comment_status":"closed","ping_status":"closed","template":"","meta":{"footnotes":""},"class_list":["post-312","page","type-page","status-publish","hentry"],"_links":{"self":[{"href":"https:\/\/pos.uel.br\/pgcif\/wp-json\/wp\/v2\/pages\/312","targetHints":{"allow":["GET"]}}],"collection":[{"href":"https:\/\/pos.uel.br\/pgcif\/wp-json\/wp\/v2\/pages"}],"about":[{"href":"https:\/\/pos.uel.br\/pgcif\/wp-json\/wp\/v2\/types\/page"}],"author":[{"embeddable":true,"href":"https:\/\/pos.uel.br\/pgcif\/wp-json\/wp\/v2\/users\/9"}],"replies":[{"embeddable":true,"href":"https:\/\/pos.uel.br\/pgcif\/wp-json\/wp\/v2\/comments?post=312"}],"version-history":[{"count":30,"href":"https:\/\/pos.uel.br\/pgcif\/wp-json\/wp\/v2\/pages\/312\/revisions"}],"predecessor-version":[{"id":1327,"href":"https:\/\/pos.uel.br\/pgcif\/wp-json\/wp\/v2\/pages\/312\/revisions\/1327"}],"wp:attachment":[{"href":"https:\/\/pos.uel.br\/pgcif\/wp-json\/wp\/v2\/media?parent=312"}],"curies":[{"name":"wp","href":"https:\/\/api.w.org\/{rel}","templated":true}]}}