{"id":295,"date":"2021-10-28T10:05:05","date_gmt":"2021-10-28T13:05:05","guid":{"rendered":"https:\/\/pos.uel.br\/pgcif\/?page_id=295"},"modified":"2025-12-18T10:34:14","modified_gmt":"2025-12-18T13:34:14","slug":"regimento-resolucoes-e-normas-2","status":"publish","type":"page","link":"https:\/\/pos.uel.br\/pgcif\/regimento-resolucoes-e-normas-2\/","title":{"rendered":"Regimento, resolu\u00e7\u00f5es e normas"},"content":{"rendered":"\n<div class=\"wp-block-group\"><div class=\"wp-block-group__inner-container is-layout-constrained wp-block-group-is-layout-constrained\">\n<h2 class=\"wp-block-heading\"><strong><a href=\"https:\/\/pos.uel.br\/pgcif\/wp-content\/uploads\/2025\/12\/Delib-019-2025-Normas-para-mudanc\u0327a-de-nivel-Stricto-sensu.pdf\" target=\"_blank\" rel=\"noreferrer noopener\">DELIBERA\u00c7\u00c3O \u2013 Colegiado PPG Stricto sensu N\u00ba 019\/2025 <\/a><\/strong><\/h2>\n\n\n\n<p>Estabelece as normas para mudan\u00e7a de n\u00edvel de estudantes do Mestrado para o Doutorado, dentro de um mesmo Programa P\u00f3s-Gradua\u00e7\u00e3o da Universidade Estadual de Londrina.<\/p>\n\n\n\n<h2 class=\"wp-block-heading\"><strong><a href=\"https:\/\/pos.uel.br\/pgcif\/wp-content\/uploads\/2024\/11\/Resolucao-CEPE-52-2024-Regimento-PPG-Ciencias-Fisiologicas-1.pdf\" target=\"_blank\" rel=\"noreferrer noopener\">Resolu\u00e7\u00e3o CEPE N\u00ba 052\/2024 <\/a><\/strong><\/h2>\n\n\n\n<p>Altera Regimento Programa de P\u00f3s-Gradua\u00e7\u00e3o em Ci\u00eancias Fisiol\u00f3gicas em n\u00edvel de Mestrado e Doutorado.<\/p>\n\n\n\n<h2 class=\"wp-block-heading\"><strong><a href=\"https:\/\/pos.uel.br\/pgcif\/wp-content\/uploads\/2024\/11\/Reest-PPG-Ciencias-Fisiologicas-Delib-14-2024-3.pdf\" target=\"_blank\" rel=\"noreferrer noopener\">Estrutura Curricular 2025 \u2013 Colegiado PPG Stricto sensu No 014\/2024<\/a><\/strong><\/h2>\n<\/div><\/div>\n\n\n\n<p>Reestrutura o Programa de P\u00f3s-Gradua\u00e7\u00e3o em Ci\u00eancias Fisiol\u00f3gicas, n\u00edveis de Mestrado e de Doutorado.<\/p>\n\n\n\n<h3 class=\"wp-block-heading\"><a href=\"https:\/\/pos.uel.br\/pgcif\/wp-content\/uploads\/2023\/09\/Resolucao-para-distribuicao-de-bolsas-capes_2023.docx.pdf\" data-type=\"link\" data-id=\"https:\/\/pos.uel.br\/pgcif\/wp-content\/uploads\/2023\/09\/Resolucao-para-distribuicao-de-bolsas-capes_2023.docx.pdf\" target=\"_blank\" rel=\"noreferrer noopener\">Resolu\u00e7\u00e3o PGCIF 01\/2023<\/a><\/h3>\n\n\n\n<p>Estabelece crit\u00e9rio para distribui\u00e7\u00e3o e manuten\u00e7\u00e3o de bolsas CAPES &#8211; DS.<\/p>\n\n\n\n<h3 class=\"wp-block-heading\"><a href=\"https:\/\/pos.uel.br\/pgcif\/wp-content\/uploads\/2025\/12\/Resolucao-CEPE-102-2017-Vagas.pdf\">Resolu\u00e7\u00e3o CEPE N\u00b0102\/2017<\/a><\/h3>\n\n\n\n<p>N\u00famero de Vagas do Programa de P\u00f3s-Gradua\u00e7\u00e3o em Ci\u00eancias Fisiol\u00f3gicas em n\u00edvel de Mestrado e Doutorado.<\/p>\n\n\n\n<h3 class=\"wp-block-heading\"><a href=\"https:\/\/pos.uel.br\/pgcif\/wp-content\/uploads\/2025\/12\/Resolucao-CEPE-101-2017-Regimento.pdf\">Resolu\u00e7\u00e3o CEPE N\u00b0101\/2017<\/a><\/h3>\n\n\n\n<p>Aprova o Regimento do Programa de P\u00f3s-Gradua\u00e7\u00e3o em Ci\u00eancias Fisiol\u00f3gicas em n\u00edvel de Mestrado e Doutorado.<\/p>\n\n\n\n<h3 class=\"wp-block-heading\"><a href=\"https:\/\/pos.uel.br\/pgcif\/wp-content\/uploads\/2025\/12\/Resolucao-CEPE-100-2017-Criacao.pdf\">Resolu\u00e7\u00e3o CEPE N\u00b0100\/2017<\/a><\/h3>\n\n\n\n<p>Cria\u00e7\u00e3o do Programa de P\u00f3s-Gradua\u00e7\u00e3o em Ci\u00eancias Fisiol\u00f3gicas em n\u00edvel de Mestrado e Doutorado.<\/p>\n\n\n\n<h3 class=\"wp-block-heading\"><strong><a href=\"https:\/\/pos.uel.br\/pgcif\/wp-content\/uploads\/2025\/12\/RegulamentoStrictosensu-2016-2-CEPE-37-2016.pdf\">Resolu\u00e7\u00e3o CEPE N\u00ba\u00a0037\/2016<\/a><\/strong><\/h3>\n\n\n\n<p>Regulamento dos Programas de P\u00f3s-Gradua\u00e7\u00e3o Stricto Sensu&nbsp;da UEL<\/p>\n\n\n\n<p><\/p>\n","protected":false},"excerpt":{"rendered":"<p>DELIBERA\u00c7\u00c3O \u2013 Colegiado PPG Stricto sensu N\u00ba 019\/2025 Estabelece as normas para mudan\u00e7a de n\u00edvel de estudantes do Mestrado para o Doutorado, dentro de um mesmo Programa P\u00f3s-Gradua\u00e7\u00e3o da Universidade Estadual de Londrina. Resolu\u00e7\u00e3o CEPE N\u00ba 052\/2024 Altera Regimento Programa de P\u00f3s-Gradua\u00e7\u00e3o em Ci\u00eancias Fisiol\u00f3gicas em n\u00edvel de Mestrado e Doutorado. Estrutura Curricular 2025 \u2013 [&hellip;]<\/p>\n","protected":false},"author":9,"featured_media":0,"parent":0,"menu_order":0,"comment_status":"closed","ping_status":"closed","template":"","meta":{"footnotes":""},"class_list":["post-295","page","type-page","status-publish","hentry"],"_links":{"self":[{"href":"https:\/\/pos.uel.br\/pgcif\/wp-json\/wp\/v2\/pages\/295","targetHints":{"allow":["GET"]}}],"collection":[{"href":"https:\/\/pos.uel.br\/pgcif\/wp-json\/wp\/v2\/pages"}],"about":[{"href":"https:\/\/pos.uel.br\/pgcif\/wp-json\/wp\/v2\/types\/page"}],"author":[{"embeddable":true,"href":"https:\/\/pos.uel.br\/pgcif\/wp-json\/wp\/v2\/users\/9"}],"replies":[{"embeddable":true,"href":"https:\/\/pos.uel.br\/pgcif\/wp-json\/wp\/v2\/comments?post=295"}],"version-history":[{"count":17,"href":"https:\/\/pos.uel.br\/pgcif\/wp-json\/wp\/v2\/pages\/295\/revisions"}],"predecessor-version":[{"id":1911,"href":"https:\/\/pos.uel.br\/pgcif\/wp-json\/wp\/v2\/pages\/295\/revisions\/1911"}],"wp:attachment":[{"href":"https:\/\/pos.uel.br\/pgcif\/wp-json\/wp\/v2\/media?parent=295"}],"curies":[{"name":"wp","href":"https:\/\/api.w.org\/{rel}","templated":true}]}}