{"id":215,"date":"2021-06-25T16:44:22","date_gmt":"2021-06-25T19:44:22","guid":{"rendered":"https:\/\/pos.uel.br\/pgcif\/?page_id=215"},"modified":"2023-04-24T14:54:49","modified_gmt":"2023-04-24T17:54:49","slug":"redes-sociais","status":"publish","type":"page","link":"https:\/\/pos.uel.br\/pgcif\/redes-sociais\/","title":{"rendered":"Redes sociais"},"content":{"rendered":"\n<p><strong>Programa de P\u00f3s-gradua\u00e7\u00e3o em Ci\u00eancias Fisiol\u00f3gicas &#8211;  @pgcif<\/strong><\/p>\n\n\n\n<figure class=\"wp-block-image size-full is-resized\"><a href=\"https:\/\/www.instagram.com\/pgcif\/\"><img loading=\"lazy\" decoding=\"async\" src=\"https:\/\/pos.uel.br\/pgcif\/wp-content\/uploads\/2021\/10\/Instagram.jpg\" alt=\"\" class=\"wp-image-375\" width=\"236\" height=\"132\" srcset=\"https:\/\/pos.uel.br\/pgcif\/wp-content\/uploads\/2021\/10\/Instagram.jpg 1024w, https:\/\/pos.uel.br\/pgcif\/wp-content\/uploads\/2021\/10\/Instagram-300x169.jpg 300w, https:\/\/pos.uel.br\/pgcif\/wp-content\/uploads\/2021\/10\/Instagram-768x432.jpg 768w\" sizes=\"auto, (max-width: 236px) 100vw, 236px\" \/><\/a><\/figure>\n\n\n\n<figure class=\"wp-block-image size-full is-resized\"><a href=\"https:\/\/www.facebook.com\/pgcif\/\"><img loading=\"lazy\" decoding=\"async\" src=\"https:\/\/pos.uel.br\/pgcif\/wp-content\/uploads\/2021\/10\/download.png\" alt=\"\" class=\"wp-image-380\" width=\"207\" height=\"117\"\/><\/a><\/figure>\n\n\n\n<p><strong>O Laborat\u00f3rio de Ecofisiologia Animal (LEFA)<\/strong>&nbsp;<\/p>\n\n\n\n<figure class=\"wp-block-image is-resized\"><a href=\"http:\/\/www.uel.br\/laboratorios\/lefa\/\"><img loading=\"lazy\" decoding=\"async\" src=\"http:\/\/www.uel.br\/laboratorios\/lefa\/logolefa.png\" alt=\"\" width=\"85\" height=\"85\"\/><\/a><\/figure>\n\n\n\n<figure class=\"wp-block-image size-large is-resized\"><a href=\"https:\/\/www.instagram.com\/lefauel\/\"><img loading=\"lazy\" decoding=\"async\" src=\"https:\/\/pos.uel.br\/pgcif\/wp-content\/uploads\/2021\/06\/image-1.jpeg\" alt=\"Como usar o Instagram em sala de aula | Desafios da Educa\u00e7\u00e3o\" class=\"wp-image-225\" width=\"73\" height=\"72\" srcset=\"https:\/\/pos.uel.br\/pgcif\/wp-content\/uploads\/2021\/06\/image-1.jpeg 225w, https:\/\/pos.uel.br\/pgcif\/wp-content\/uploads\/2021\/06\/image-1-150x150.jpeg 150w\" sizes=\"auto, (max-width: 73px) 100vw, 73px\" \/><\/a><\/figure>\n\n\n\n<p>Laborat\u00f3rio de Toxicologia e Dist\u00farbios Metab\u00f3licos da Reprodu\u00e7\u00e3o<\/p>\n\n\n\n<figure class=\"wp-block-image size-full is-resized\"><a href=\"@toxrepro.uel \"><img loading=\"lazy\" decoding=\"async\" src=\"https:\/\/pos.uel.br\/pgcif\/wp-content\/uploads\/2023\/04\/image.png\" alt=\"\" class=\"wp-image-1003\" width=\"76\" height=\"76\" srcset=\"https:\/\/pos.uel.br\/pgcif\/wp-content\/uploads\/2023\/04\/image.png 225w, https:\/\/pos.uel.br\/pgcif\/wp-content\/uploads\/2023\/04\/image-150x150.png 150w\" sizes=\"auto, (max-width: 76px) 100vw, 76px\" \/><\/a><\/figure>\n","protected":false},"excerpt":{"rendered":"<p>Programa de P\u00f3s-gradua\u00e7\u00e3o em Ci\u00eancias Fisiol\u00f3gicas &#8211; @pgcif O Laborat\u00f3rio de Ecofisiologia Animal (LEFA)&nbsp; Laborat\u00f3rio de Toxicologia e Dist\u00farbios Metab\u00f3licos da Reprodu\u00e7\u00e3o<\/p>\n","protected":false},"author":9,"featured_media":0,"parent":0,"menu_order":0,"comment_status":"closed","ping_status":"closed","template":"","meta":{"footnotes":""},"class_list":["post-215","page","type-page","status-publish","hentry"],"_links":{"self":[{"href":"https:\/\/pos.uel.br\/pgcif\/wp-json\/wp\/v2\/pages\/215","targetHints":{"allow":["GET"]}}],"collection":[{"href":"https:\/\/pos.uel.br\/pgcif\/wp-json\/wp\/v2\/pages"}],"about":[{"href":"https:\/\/pos.uel.br\/pgcif\/wp-json\/wp\/v2\/types\/page"}],"author":[{"embeddable":true,"href":"https:\/\/pos.uel.br\/pgcif\/wp-json\/wp\/v2\/users\/9"}],"replies":[{"embeddable":true,"href":"https:\/\/pos.uel.br\/pgcif\/wp-json\/wp\/v2\/comments?post=215"}],"version-history":[{"count":7,"href":"https:\/\/pos.uel.br\/pgcif\/wp-json\/wp\/v2\/pages\/215\/revisions"}],"predecessor-version":[{"id":1005,"href":"https:\/\/pos.uel.br\/pgcif\/wp-json\/wp\/v2\/pages\/215\/revisions\/1005"}],"wp:attachment":[{"href":"https:\/\/pos.uel.br\/pgcif\/wp-json\/wp\/v2\/media?parent=215"}],"curies":[{"name":"wp","href":"https:\/\/api.w.org\/{rel}","templated":true}]}}