{"id":207,"date":"2021-06-25T16:34:50","date_gmt":"2021-06-25T19:34:50","guid":{"rendered":"https:\/\/pos.uel.br\/pgcif\/?page_id=207"},"modified":"2021-09-14T15:08:32","modified_gmt":"2021-09-14T18:08:32","slug":"etapas-para-selecao-2","status":"publish","type":"page","link":"https:\/\/pos.uel.br\/pgcif\/etapas-para-selecao-2\/","title":{"rendered":"Etapas para sele\u00e7\u00e3o"},"content":{"rendered":"\n<p>1) Prova escritia: nesta ser\u00e3o avaliados conhecimentos gerais, capacidade de interpreta\u00e7\u00e3o de gr\u00e1ficos e texto e conte\u00fados selecionados de fisiologia*.<\/p>\n\n\n\n<p>2) Entrevista.<\/p>\n\n\n\n<p><strong>*Conte\u00fados selecionados para a prova escrita:<\/strong>\u00a0Potencial de membrana de repouso, potencial de a\u00e7\u00e3o e transmiss\u00e3o sin\u00e1ptica;\u00a0eixo hipot\u00e1lamo-hip\u00f3fise; sistema nervoso aut\u00f4nomo; filtra\u00e7\u00e3o glomerular e\u00a0 processamento tubular renal; digest\u00e3o e absor\u00e7\u00e3o gastrointestinal; troca e transporte de gases; regula\u00e7\u00e3o neural e humoral da press\u00e3o arterial.<\/p>\n\n\n\n<p>Refer\u00eancias:CURI, R.; PROC\u00d3PIO, J. Fisiologia B\u00e1sica. Rio de Janeiro: Guanabara Koogan, 2011.KOEPPEN, B. M.; STANTON, B. A. Berne &amp; Levy: Fisiologia. 6. ed. Rio de Janeiro: Mosby Elsevier, 2009.MELLO AIRES, M. Fisiologia. 4. ed. Rio de Janeiro: Guanabara Koogan, 2012.&nbsp;<\/p>\n\n\n\n<p><strong>As datas, formato e crit\u00e9rios de sele\u00e7\u00e3o ser\u00e3o descritas nos editais espec\u00edficos em de cada semestre.<\/strong><\/p>\n","protected":false},"excerpt":{"rendered":"<p>1) Prova escritia: nesta ser\u00e3o avaliados conhecimentos gerais, capacidade de interpreta\u00e7\u00e3o de gr\u00e1ficos e texto e conte\u00fados selecionados de fisiologia*. 2) Entrevista. *Conte\u00fados selecionados para a prova escrita:\u00a0Potencial de membrana de repouso, potencial de a\u00e7\u00e3o e transmiss\u00e3o sin\u00e1ptica;\u00a0eixo hipot\u00e1lamo-hip\u00f3fise; sistema nervoso aut\u00f4nomo; filtra\u00e7\u00e3o glomerular e\u00a0 processamento tubular renal; digest\u00e3o e absor\u00e7\u00e3o gastrointestinal; troca e transporte [&hellip;]<\/p>\n","protected":false},"author":9,"featured_media":0,"parent":0,"menu_order":0,"comment_status":"closed","ping_status":"closed","template":"","meta":{"footnotes":""},"class_list":["post-207","page","type-page","status-publish","hentry"],"_links":{"self":[{"href":"https:\/\/pos.uel.br\/pgcif\/wp-json\/wp\/v2\/pages\/207","targetHints":{"allow":["GET"]}}],"collection":[{"href":"https:\/\/pos.uel.br\/pgcif\/wp-json\/wp\/v2\/pages"}],"about":[{"href":"https:\/\/pos.uel.br\/pgcif\/wp-json\/wp\/v2\/types\/page"}],"author":[{"embeddable":true,"href":"https:\/\/pos.uel.br\/pgcif\/wp-json\/wp\/v2\/users\/9"}],"replies":[{"embeddable":true,"href":"https:\/\/pos.uel.br\/pgcif\/wp-json\/wp\/v2\/comments?post=207"}],"version-history":[{"count":3,"href":"https:\/\/pos.uel.br\/pgcif\/wp-json\/wp\/v2\/pages\/207\/revisions"}],"predecessor-version":[{"id":271,"href":"https:\/\/pos.uel.br\/pgcif\/wp-json\/wp\/v2\/pages\/207\/revisions\/271"}],"wp:attachment":[{"href":"https:\/\/pos.uel.br\/pgcif\/wp-json\/wp\/v2\/media?parent=207"}],"curies":[{"name":"wp","href":"https:\/\/api.w.org\/{rel}","templated":true}]}}