{"id":206,"date":"2021-06-25T16:34:50","date_gmt":"2021-06-25T19:34:50","guid":{"rendered":"https:\/\/pos.uel.br\/pgcif\/?page_id=206"},"modified":"2021-06-25T16:37:57","modified_gmt":"2021-06-25T19:37:57","slug":"etapas-para-selecao","status":"publish","type":"page","link":"https:\/\/pos.uel.br\/pgcif\/etapas-para-selecao\/","title":{"rendered":"Etapas para sele\u00e7\u00e3o"},"content":{"rendered":"\n<p>1) Prova escrita: ser\u00e3o avaliados conhecimentos gerais, capacidade de interpreta\u00e7\u00e3o de gr\u00e1ficos e texto e conte\u00fados selecionados de fisiologia*.<\/p>\n\n\n\n<p>2) Pr\u00e9-projeto: deve ser apresentado de forma escrita e oral (para formato consultar orientador).<\/p>\n\n\n\n<p>3) Entrevista e argui\u00e7\u00e3o do pr\u00e9-projeto.<\/p>\n\n\n\n<p><strong>*Conte\u00fados selecionados para a prova escrita:<\/strong>&nbsp;Potencial de membrana de repouso, potencial de a\u00e7\u00e3o e transmiss\u00e3o sin\u00e1ptica;&nbsp;eixo hipot\u00e1lamo-hip\u00f3fise; sistema nervoso aut\u00f4nomo; filtra\u00e7\u00e3o glomerular e&nbsp; processamento tubular renal; digest\u00e3o e absor\u00e7\u00e3o gastrointestinal; troca e transporte de gases; regula\u00e7\u00e3o neural e humoral da press\u00e3o arterial.<\/p>\n\n\n\n<p>Refer\u00eancias:CURI, R.; PROC\u00d3PIO, J. Fisiologia B\u00e1sica. Rio de Janeiro: Guanabara Koogan, 2011.KOEPPEN, B. M.; STANTON, B. A. Berne &amp; Levy: Fisiologia. 6. ed. Rio de Janeiro: Mosby Elsevier, 2009.MELLO AIRES, M. Fisiologia. 4. ed. Rio de Janeiro: Guanabara Koogan, 2012.&nbsp;<\/p>\n\n\n\n<p><strong>As datas, formato e crit\u00e9rios de sele\u00e7\u00e3o ser\u00e3o descritas nos editais espec\u00edficos em de cada semestre.<\/strong><\/p>\n","protected":false},"excerpt":{"rendered":"<p>1) Prova escrita: ser\u00e3o avaliados conhecimentos gerais, capacidade de interpreta\u00e7\u00e3o de gr\u00e1ficos e texto e conte\u00fados selecionados de fisiologia*. 2) Pr\u00e9-projeto: deve ser apresentado de forma escrita e oral (para formato consultar orientador). 3) Entrevista e argui\u00e7\u00e3o do pr\u00e9-projeto. *Conte\u00fados selecionados para a prova escrita:&nbsp;Potencial de membrana de repouso, potencial de a\u00e7\u00e3o e transmiss\u00e3o sin\u00e1ptica;&nbsp;eixo [&hellip;]<\/p>\n","protected":false},"author":9,"featured_media":0,"parent":0,"menu_order":0,"comment_status":"closed","ping_status":"closed","template":"","meta":{"footnotes":""},"class_list":["post-206","page","type-page","status-publish","hentry"],"_links":{"self":[{"href":"https:\/\/pos.uel.br\/pgcif\/wp-json\/wp\/v2\/pages\/206","targetHints":{"allow":["GET"]}}],"collection":[{"href":"https:\/\/pos.uel.br\/pgcif\/wp-json\/wp\/v2\/pages"}],"about":[{"href":"https:\/\/pos.uel.br\/pgcif\/wp-json\/wp\/v2\/types\/page"}],"author":[{"embeddable":true,"href":"https:\/\/pos.uel.br\/pgcif\/wp-json\/wp\/v2\/users\/9"}],"replies":[{"embeddable":true,"href":"https:\/\/pos.uel.br\/pgcif\/wp-json\/wp\/v2\/comments?post=206"}],"version-history":[{"count":2,"href":"https:\/\/pos.uel.br\/pgcif\/wp-json\/wp\/v2\/pages\/206\/revisions"}],"predecessor-version":[{"id":214,"href":"https:\/\/pos.uel.br\/pgcif\/wp-json\/wp\/v2\/pages\/206\/revisions\/214"}],"wp:attachment":[{"href":"https:\/\/pos.uel.br\/pgcif\/wp-json\/wp\/v2\/media?parent=206"}],"curies":[{"name":"wp","href":"https:\/\/api.w.org\/{rel}","templated":true}]}}