{"id":187,"date":"2021-06-25T16:12:33","date_gmt":"2021-06-25T19:12:33","guid":{"rendered":"https:\/\/pos.uel.br\/pgcif\/?page_id=187"},"modified":"2024-07-23T18:45:03","modified_gmt":"2024-07-23T21:45:03","slug":"historico","status":"publish","type":"page","link":"https:\/\/pos.uel.br\/pgcif\/historico\/","title":{"rendered":"Hist\u00f3rico"},"content":{"rendered":"\n<figure class=\"wp-block-image size-large is-resized\"><img loading=\"lazy\" decoding=\"async\" width=\"1024\" height=\"821\" src=\"https:\/\/pos.uel.br\/pgcif\/wp-content\/uploads\/2021\/10\/LOGO-PGCIF-1024x821.png\" alt=\"\" class=\"wp-image-342\" style=\"width:143px;height:auto\" srcset=\"https:\/\/pos.uel.br\/pgcif\/wp-content\/uploads\/2021\/10\/LOGO-PGCIF-1024x821.png 1024w, https:\/\/pos.uel.br\/pgcif\/wp-content\/uploads\/2021\/10\/LOGO-PGCIF-300x241.png 300w, https:\/\/pos.uel.br\/pgcif\/wp-content\/uploads\/2021\/10\/LOGO-PGCIF-768x616.png 768w, https:\/\/pos.uel.br\/pgcif\/wp-content\/uploads\/2021\/10\/LOGO-PGCIF-1536x1232.png 1536w, https:\/\/pos.uel.br\/pgcif\/wp-content\/uploads\/2021\/10\/LOGO-PGCIF-2048x1642.png 2048w\" sizes=\"auto, (max-width: 1024px) 100vw, 1024px\" \/><\/figure>\n\n\n\n<p>O Programa de P\u00f3s-Gradua\u00e7\u00e3o em Ci\u00eancias Fisiol\u00f3gicas (PGCIF) em n\u00edvel de mestrado e doutorado \u00e9 credenciado pela CAPES com conceito 4 e iniciou suas atividades em Mar\u00e7o de 2019. Este Programa foi criado a partir da experi\u00eancia adquirida pelo Departamento de Ci\u00eancias Fisiol\u00f3gicas da UEL como Institui\u00e7\u00e3o Associada do Programa Multic\u00eantrico de P\u00f3s-gradua\u00e7\u00e3o em Ci\u00eancias Fisiol\u00f3gicas (PMPGCF), o qual teve como objetivo principal promover a expans\u00e3o do n\u00famero de Programas de P\u00f3s-gradua\u00e7\u00e3o na \u00e1rea de Ci\u00eancias Fisiol\u00f3gicas. A experi\u00eancia adquirida pelo Departamento de Ci\u00eancias Fisiol\u00f3gicas da UEL no PMPGCF trouxe nova perspectiva de trabalho, de modo que se acreditou que o corpo docente estava amadurecido o suficiente para trilhar uma nova etapa na P\u00f3s-Gradua\u00e7\u00e3o em Ci\u00eancias Fisiol\u00f3gicas. E nesse sentido foi criado o Programa de P\u00f3s-Gradua\u00e7\u00e3o em Ci\u00eancias Fisiol\u00f3gicas do CIF, composto por 15 docentes, dos quais 13 docentes j\u00e1 faziam parte do PMPGCF.<\/p>\n\n\n\n<p><\/p>\n","protected":false},"excerpt":{"rendered":"<p>O Programa de P\u00f3s-Gradua\u00e7\u00e3o em Ci\u00eancias Fisiol\u00f3gicas (PGCIF) em n\u00edvel de mestrado e doutorado \u00e9 credenciado pela CAPES com conceito 4 e iniciou suas atividades em Mar\u00e7o de 2019. Este Programa foi criado a partir da experi\u00eancia adquirida pelo Departamento de Ci\u00eancias Fisiol\u00f3gicas da UEL como Institui\u00e7\u00e3o Associada do Programa Multic\u00eantrico de P\u00f3s-gradua\u00e7\u00e3o em Ci\u00eancias [&hellip;]<\/p>\n","protected":false},"author":9,"featured_media":0,"parent":0,"menu_order":0,"comment_status":"closed","ping_status":"closed","template":"","meta":{"footnotes":""},"class_list":["post-187","page","type-page","status-publish","hentry"],"_links":{"self":[{"href":"https:\/\/pos.uel.br\/pgcif\/wp-json\/wp\/v2\/pages\/187","targetHints":{"allow":["GET"]}}],"collection":[{"href":"https:\/\/pos.uel.br\/pgcif\/wp-json\/wp\/v2\/pages"}],"about":[{"href":"https:\/\/pos.uel.br\/pgcif\/wp-json\/wp\/v2\/types\/page"}],"author":[{"embeddable":true,"href":"https:\/\/pos.uel.br\/pgcif\/wp-json\/wp\/v2\/users\/9"}],"replies":[{"embeddable":true,"href":"https:\/\/pos.uel.br\/pgcif\/wp-json\/wp\/v2\/comments?post=187"}],"version-history":[{"count":6,"href":"https:\/\/pos.uel.br\/pgcif\/wp-json\/wp\/v2\/pages\/187\/revisions"}],"predecessor-version":[{"id":1295,"href":"https:\/\/pos.uel.br\/pgcif\/wp-json\/wp\/v2\/pages\/187\/revisions\/1295"}],"wp:attachment":[{"href":"https:\/\/pos.uel.br\/pgcif\/wp-json\/wp\/v2\/media?parent=187"}],"curies":[{"name":"wp","href":"https:\/\/api.w.org\/{rel}","templated":true}]}}