{"id":18,"date":"2021-04-26T21:06:31","date_gmt":"2021-04-27T00:06:31","guid":{"rendered":"https:\/\/pos.uel.br\/pgcif\/?page_id=18"},"modified":"2024-11-12T16:04:22","modified_gmt":"2024-11-12T19:04:22","slug":"estrutura-curricular-2","status":"publish","type":"page","link":"https:\/\/pos.uel.br\/pgcif\/estrutura-curricular-2\/","title":{"rendered":"Estrutura curricular"},"content":{"rendered":"\n<p><strong>Admiss\u00e3o de discentes<\/strong><\/p>\n\n\n\n<p><br>Para admiss\u00e3o, os candidatos devem fazer inscri\u00e7\u00e3o seguindo as especificidades de cada edital de sele\u00e7\u00e3o. Os editais de sele\u00e7\u00e3o constam normalmente das seguintes etapas: prova te\u00f3rica, apresenta\u00e7\u00e3o e argui\u00e7\u00e3o de projeto de pesquisa, an\u00e1lise do curr\u00edculo documentado e entrevista. Os candidatos tamb\u00e9m devem apresentar comprovante de profici\u00eancia em ingl\u00eas no ato da inscri\u00e7\u00e3o.<\/p>\n\n\n\n<p><\/p>\n\n\n\n<p><strong>Disciplinas e cr\u00e9ditos<\/strong><\/p>\n\n\n\n<p><br>As disciplinas do PGCIF est\u00e3o organizadas em obrigat\u00f3rias e optativas, e suas ofertas s\u00e3o feitas anualmente.<br><strong>Os mestrandos que ingressaram no PGCIF at\u00e9 2024<\/strong>, para obten\u00e7\u00e3o do t\u00edtulo de mestre s\u00e3o exigidos 84 cr\u00e9ditos para titula\u00e7\u00e3o, sendo 18 cr\u00e9ditos em disciplinas obrigat\u00f3rias, 06 cr\u00e9ditos em disciplinas optativas e 60 cr\u00e9ditos na elabora\u00e7\u00e3o da Disserta\u00e7\u00e3o.<\/p>\n\n\n\n<p><strong>Os ingressantes a partir de 2025,<\/strong>&nbsp;para obten\u00e7\u00e3o do t\u00edtulo de mestre s\u00e3o exigidos 82 cr\u00e9ditos para titula\u00e7\u00e3o, assim distribu\u00eddos: 16 cr\u00e9ditos em disciplinas obrigat\u00f3rias; 06 cr\u00e9ditos em disciplinas optativas e 60 (sessenta) cr\u00e9ditos em Disserta\u00e7\u00e3o.<\/p>\n\n\n\n<p>Para obten\u00e7\u00e3o de t\u00edtulo de doutor, dos que&nbsp;<strong>ingressaram no PGCIF at\u00e9 2024<\/strong>, s\u00e3o exigidos 154 cr\u00e9ditos, sendo 34 cr\u00e9ditos em disciplinas (18 cr\u00e9ditos em disciplinas obrigat\u00f3rias e 16 cr\u00e9ditos em disciplinas optativas) e 120 cr\u00e9ditos na elabora\u00e7\u00e3o da Tese.<\/p>\n\n\n\n<p>Para o Doutorado o estudante que i<strong>ngressou no PGCIF ap\u00f3s 2025<\/strong>, dever\u00e1 completar 150 (duzentos e quatro) cr\u00e9ditos distribu\u00eddos em: 16 cr\u00e9ditos em disciplinas obrigat\u00f3rias; 14 cr\u00e9ditos em disciplinas eletivas; 120 cr\u00e9ditos em Tese.<\/p>\n\n\n\n<p><\/p>\n\n\n\n<p><br><strong>Alunos especiais<\/strong><\/p>\n\n\n\n<p><br>A inscri\u00e7\u00e3o para alunos especiais \u00e9 feita semestralmente conforme edital de sele\u00e7\u00e3o dispon\u00edvel na aba editais desta p\u00e1gina.<\/p>\n","protected":false},"excerpt":{"rendered":"<p>Admiss\u00e3o de discentes Para admiss\u00e3o, os candidatos devem fazer inscri\u00e7\u00e3o seguindo as especificidades de cada edital de sele\u00e7\u00e3o. Os editais de sele\u00e7\u00e3o constam normalmente das seguintes etapas: prova te\u00f3rica, apresenta\u00e7\u00e3o e argui\u00e7\u00e3o de projeto de pesquisa, an\u00e1lise do curr\u00edculo documentado e entrevista. Os candidatos tamb\u00e9m devem apresentar comprovante de profici\u00eancia em ingl\u00eas no ato da [&hellip;]<\/p>\n","protected":false},"author":7,"featured_media":0,"parent":0,"menu_order":0,"comment_status":"closed","ping_status":"closed","template":"","meta":{"footnotes":""},"class_list":["post-18","page","type-page","status-publish","hentry"],"_links":{"self":[{"href":"https:\/\/pos.uel.br\/pgcif\/wp-json\/wp\/v2\/pages\/18","targetHints":{"allow":["GET"]}}],"collection":[{"href":"https:\/\/pos.uel.br\/pgcif\/wp-json\/wp\/v2\/pages"}],"about":[{"href":"https:\/\/pos.uel.br\/pgcif\/wp-json\/wp\/v2\/types\/page"}],"author":[{"embeddable":true,"href":"https:\/\/pos.uel.br\/pgcif\/wp-json\/wp\/v2\/users\/7"}],"replies":[{"embeddable":true,"href":"https:\/\/pos.uel.br\/pgcif\/wp-json\/wp\/v2\/comments?post=18"}],"version-history":[{"count":3,"href":"https:\/\/pos.uel.br\/pgcif\/wp-json\/wp\/v2\/pages\/18\/revisions"}],"predecessor-version":[{"id":1388,"href":"https:\/\/pos.uel.br\/pgcif\/wp-json\/wp\/v2\/pages\/18\/revisions\/1388"}],"wp:attachment":[{"href":"https:\/\/pos.uel.br\/pgcif\/wp-json\/wp\/v2\/media?parent=18"}],"curies":[{"name":"wp","href":"https:\/\/api.w.org\/{rel}","templated":true}]}}