{"id":1763,"date":"2025-07-31T11:29:42","date_gmt":"2025-07-31T14:29:42","guid":{"rendered":"https:\/\/pos.uel.br\/pgcif\/?page_id=1763"},"modified":"2025-07-31T13:45:49","modified_gmt":"2025-07-31T16:45:49","slug":"prof-dr-fernando-henrique-ferrari-alves","status":"publish","type":"page","link":"https:\/\/pos.uel.br\/pgcif\/prof-dr-fernando-henrique-ferrari-alves\/","title":{"rendered":"Prof. Dr.\u00a0Fernando Henrique Ferrari Alves"},"content":{"rendered":"\n<p><\/p>\n\n\n\n<figure class=\"wp-block-image size-large is-resized\"><img loading=\"lazy\" decoding=\"async\" width=\"1024\" height=\"768\" src=\"https:\/\/pos.uel.br\/pgcif\/wp-content\/uploads\/2025\/07\/IMG_1027-1024x768.jpg\" alt=\"\" class=\"wp-image-1765\" style=\"width:321px;height:auto\" srcset=\"https:\/\/pos.uel.br\/pgcif\/wp-content\/uploads\/2025\/07\/IMG_1027-1024x768.jpg 1024w, https:\/\/pos.uel.br\/pgcif\/wp-content\/uploads\/2025\/07\/IMG_1027-300x225.jpg 300w, https:\/\/pos.uel.br\/pgcif\/wp-content\/uploads\/2025\/07\/IMG_1027-768x576.jpg 768w, https:\/\/pos.uel.br\/pgcif\/wp-content\/uploads\/2025\/07\/IMG_1027-1536x1152.jpg 1536w, https:\/\/pos.uel.br\/pgcif\/wp-content\/uploads\/2025\/07\/IMG_1027-2048x1536.jpg 2048w\" sizes=\"auto, (max-width: 1024px) 100vw, 1024px\" \/><\/figure>\n\n\n\n<p><strong>Laborat\u00f3rio de Neuroci\u00eancias e o Centro<br>Biotecnol\u00f3gico de Plantas Psicoativas.<\/strong><\/p>\n\n\n\n<p><a href=\"mailto:andressa@uel.br\">fernando.ferrari@ufla.br<\/a><\/p>\n\n\n\n<p>Curr\u00edculo Lattes:&nbsp;<a href=\"https:\/\/lattes.cnpq.br\/7625821172460025\">&nbsp;https:\/\/lattes.cnpq.br\/7625821172460025<\/a><\/p>\n\n\n\n<p>ORCID:&nbsp;<a href=\"https:\/\/orcid.org\/0000-0003-4401-6170\">https:\/\/orcid.org\/0000-0003-4401-6170<\/a><\/p>\n\n\n\n<p>Redes sociais do laborat\u00f3rio &#8211; https:\/\/www.instagram.com\/cbpp.ufla?igsh=MWI1d2Ywb2VieTBnZA==<\/p>\n\n\n\n<p><a href=\"http:\/\/buscatextual.cnpq.br\/buscatextual\/visualizacv.do?id=K4744560Z5\"><\/a><\/p>\n\n\n\n<p><em><strong>Linha de Pesquisa<\/strong><\/em><\/p>\n\n\n\n<p>Neuroci\u00eancia&nbsp;<\/p>\n\n\n\n<p><em><strong>Descri\u00e7\u00e3o<\/strong><\/em><\/p>\n\n\n\n<p><\/p>\n\n\n\n<p><em><strong>Principais trabalhos<\/strong><\/em><\/p>\n\n\n\n<p>BEL\u00c9M-FILHO, Ivaldo J. A. et al. Role of endocannabinoid neurotransmission in the insular cortex on cardiovascular, autonomic and behavioral responses evoked by acute restraint stress in rats.Neuropharmacology, v. 271, p. 110404, 2025.<\/p>\n\n\n\n<p>BUSNARDO, Cristiane et al. Endocannabinoid system in the paraventricular nucleus of the hypothalamus modulates autonomic and cardiovascular changes but not vasopressin response in a rat hemorrhagic shock model. Shock, v. 1, p.123, 2023.<\/p>\n\n\n\n<p>DE ANDRADE, Camila Moreno Lopes et al. Cannabis sativa L. in the cosmeceutical industry: prospects and biotechnological approaches for metabolite improvement. South African Journal of Botany, v. 161, p. 171\u2013179, 2023.<\/p>\n\n\n\n<p>GOULART, Melissa T. et al. NMDA receptors in the insular cortex modulate cardiovascular and autonomic but not neuroendocrine responses to restraint stress in rats. Progress in Neuro-Psychopharmacology &amp; Biological Psychiatry, v. 119, p. 110598, 2022.<\/p>\n\n\n\n<p><\/p>\n\n\n\n<p><\/p>\n","protected":false},"excerpt":{"rendered":"<p>Laborat\u00f3rio de Neuroci\u00eancias e o CentroBiotecnol\u00f3gico de Plantas Psicoativas. fernando.ferrari@ufla.br Curr\u00edculo Lattes:&nbsp;&nbsp;https:\/\/lattes.cnpq.br\/7625821172460025 ORCID:&nbsp;https:\/\/orcid.org\/0000-0003-4401-6170 Redes sociais do laborat\u00f3rio &#8211; https:\/\/www.instagram.com\/cbpp.ufla?igsh=MWI1d2Ywb2VieTBnZA== Linha de Pesquisa Neuroci\u00eancia&nbsp; Descri\u00e7\u00e3o Principais trabalhos BEL\u00c9M-FILHO, Ivaldo J. A. et al. Role of endocannabinoid neurotransmission in the insular cortex on cardiovascular, autonomic and behavioral responses evoked by acute restraint stress in rats.Neuropharmacology, v. 271, [&hellip;]<\/p>\n","protected":false},"author":9,"featured_media":0,"parent":0,"menu_order":0,"comment_status":"closed","ping_status":"closed","template":"","meta":{"footnotes":""},"class_list":["post-1763","page","type-page","status-publish","hentry"],"_links":{"self":[{"href":"https:\/\/pos.uel.br\/pgcif\/wp-json\/wp\/v2\/pages\/1763","targetHints":{"allow":["GET"]}}],"collection":[{"href":"https:\/\/pos.uel.br\/pgcif\/wp-json\/wp\/v2\/pages"}],"about":[{"href":"https:\/\/pos.uel.br\/pgcif\/wp-json\/wp\/v2\/types\/page"}],"author":[{"embeddable":true,"href":"https:\/\/pos.uel.br\/pgcif\/wp-json\/wp\/v2\/users\/9"}],"replies":[{"embeddable":true,"href":"https:\/\/pos.uel.br\/pgcif\/wp-json\/wp\/v2\/comments?post=1763"}],"version-history":[{"count":6,"href":"https:\/\/pos.uel.br\/pgcif\/wp-json\/wp\/v2\/pages\/1763\/revisions"}],"predecessor-version":[{"id":1773,"href":"https:\/\/pos.uel.br\/pgcif\/wp-json\/wp\/v2\/pages\/1763\/revisions\/1773"}],"wp:attachment":[{"href":"https:\/\/pos.uel.br\/pgcif\/wp-json\/wp\/v2\/media?parent=1763"}],"curies":[{"name":"wp","href":"https:\/\/api.w.org\/{rel}","templated":true}]}}