{"id":174,"date":"2021-06-25T15:51:51","date_gmt":"2021-06-25T18:51:51","guid":{"rendered":"https:\/\/pos.uel.br\/pgcif\/?page_id=174"},"modified":"2021-06-25T15:58:44","modified_gmt":"2021-06-25T18:58:44","slug":"qualificacoes-e-defesas-2","status":"publish","type":"page","link":"https:\/\/pos.uel.br\/pgcif\/qualificacoes-e-defesas-2\/","title":{"rendered":"Qualifica\u00e7\u00f5es e Defesas"},"content":{"rendered":"\n<p><strong>Qualifica\u00e7\u00e3o&nbsp;<\/strong><\/p>\n\n\n\n<p>&#8211; O exame de qualifica\u00e7\u00e3o&nbsp;&nbsp;dever\u00e1 ocorrer, no m\u00e1ximo, 18 meses ap\u00f3s iniciado o curso de Mestrado, e&nbsp;consistir\u00e1 na apresenta\u00e7\u00e3o e defesa pr\u00e9via de uma vers\u00e3o preliminar da Disserta\u00e7\u00e3o, contendo uma Introdu\u00e7\u00e3o Geral e um manuscrito, na forma de artigo cient\u00edfico, no qual deve constar os resultados preliminares da disserta\u00e7\u00e3o.<\/p>\n\n\n\n<p>&#8211; Paras as bancas dever\u00e3o ser indicados 4 nomes, al\u00e9m do orientador: 2 membros titulares e 2 membros suplentes;<\/p>\n\n\n\n<p>&#8211; Dever\u00e3o ser professores doutores, pertencentes ou n\u00e3o ao PGCIF;<\/p>\n\n\n\n<p>&#8211; Tempo de apresenta\u00e7\u00e3o ser\u00e1 de 30 a 40 minutos.<\/p>\n\n\n\n<p>&#8211; Formato: revis\u00e3o bibliogr\u00e1fica (Introdu\u00e7\u00e3o Geral)+artigo cient\u00edfico (portugu\u00eas ou ingl\u00eas)<\/p>\n\n\n\n<p>O estudante dever\u00e1 fornecer aos membros da banca, no m\u00ednimo com uma semana de anteced\u00eancia, c\u00f3pia da vers\u00e3o preliminar da disserta\u00e7\u00e3o a ser defendida no exame de qualifica\u00e7\u00e3o, em comum acordo com o orientador.&nbsp;<\/p>\n\n\n\n<p><strong>Defesa&nbsp;<\/strong><\/p>\n\n\n\n<p>&#8211; Paras as bancas dever\u00e3o ser indicados 4 nomes, al\u00e9m do orientador: 2&nbsp; membros titulares e 2 membros suplentes;<\/p>\n\n\n\n<p>&#8211; Dever\u00e3o ser professores doutores, sendo 1 titular e 1 suplente externos ao PGCIF;<\/p>\n\n\n\n<p>&#8211; Tempo de apresenta\u00e7\u00e3o ser\u00e1 de 40 a 60 minutos.<\/p>\n\n\n\n<p>&nbsp;&#8211; No formato tradicional, a Disserta\u00e7\u00e3o dever\u00e1 conter, no m\u00ednimo, os seguintes elementos:<\/p>\n\n\n\n<p>I.&nbsp; Resumo em Portugu\u00eas e Ingl\u00eas;<\/p>\n\n\n\n<p>II.&nbsp; Introdu\u00e7\u00e3o;<\/p>\n\n\n\n<p>III. Justificativa e objetivos;<\/p>\n\n\n\n<p>IV. Material e m\u00e9todos;<\/p>\n\n\n\n<p>V. Resultados;<\/p>\n\n\n\n<p>VI. Discuss\u00e3o;<\/p>\n\n\n\n<p>VII. Conclus\u00f5es<\/p>\n\n\n\n<p>VIII. Refer\u00eancias Bibliogr\u00e1ficas;<\/p>\n\n\n\n<p>IX. C\u00f3pia do certificado de aprova\u00e7\u00e3o do Comit\u00ea de \u00c9tica em Experimenta\u00e7\u00e3o com Animais ou Seres Humanos deve ser anexada a vers\u00e3o final da disserta\u00e7\u00e3o ou tese.<\/p>\n\n\n\n<p><a href=\"http:\/\/www.uel.br\/pos\/pgcif\/pages\/arquivos\/Modelo%20tese-dissertacao.docx\"><strong>*Modelo tese e disserta\u00e7\u00e3o&nbsp;<\/strong><\/a><\/p>\n\n\n\n<p>&nbsp;&#8211; Quando redigida na forma de artigos, dever\u00e1 conter os seguintes itens:<\/p>\n\n\n\n<p>I.&nbsp;&nbsp;&nbsp;&nbsp;&nbsp;T\u00edtulo geral: claro e o mais conciso poss\u00edvel;<\/p>\n\n\n\n<p>II.&nbsp;&nbsp;&nbsp;&nbsp;Resumo geral em portugu\u00eas e ingl\u00eas;<\/p>\n\n\n\n<p>III.&nbsp;&nbsp;Introdu\u00e7\u00e3o geral e as refer\u00eancias bibliogr\u00e1ficas utilizadas;<\/p>\n\n\n\n<p>IV. Artigos;<\/p>\n\n\n\n<p>V. C\u00f3pia do certificado de aprova\u00e7\u00e3o do Comit\u00ea de \u00c9tica em Experimenta\u00e7\u00e3o com Animais ou Seres Humanos deve ser anexada a vers\u00e3o final da disserta\u00e7\u00e3o.<\/p>\n\n\n\n<p>O estudante dever\u00e1 enviar os exemplares (ou arquivo) da Disserta\u00e7\u00e3o aos examinadores com anteced\u00eancia m\u00ednima de 15 (quinze) dias.<\/p>\n\n\n\n<p><strong>Aten\u00e7\u00e3o:<\/strong><\/p>\n\n\n\n<p><strong>As bancas precisam ser cadastrados at\u00e9 30 dias antes da data da qualifica\u00e7\u00e3o ou defesa, para homologa\u00e7\u00e3o pela PROPPG. Portanto, enviar o formul\u00e1rio de pedido de banca com at\u00e9 40 dias da data prevista para defesa, afim de garantir o per\u00edodo para tramita\u00e7\u00e3o internamente no nosso colegiado para aprova\u00e7\u00e3o.<\/strong><\/p>\n","protected":false},"excerpt":{"rendered":"<p>Qualifica\u00e7\u00e3o&nbsp; &#8211; O exame de qualifica\u00e7\u00e3o&nbsp;&nbsp;dever\u00e1 ocorrer, no m\u00e1ximo, 18 meses ap\u00f3s iniciado o curso de Mestrado, e&nbsp;consistir\u00e1 na apresenta\u00e7\u00e3o e defesa pr\u00e9via de uma vers\u00e3o preliminar da Disserta\u00e7\u00e3o, contendo uma Introdu\u00e7\u00e3o Geral e um manuscrito, na forma de artigo cient\u00edfico, no qual deve constar os resultados preliminares da disserta\u00e7\u00e3o. &#8211; Paras as bancas dever\u00e3o [&hellip;]<\/p>\n","protected":false},"author":9,"featured_media":0,"parent":0,"menu_order":0,"comment_status":"closed","ping_status":"closed","template":"","meta":{"footnotes":""},"class_list":["post-174","page","type-page","status-publish","hentry"],"_links":{"self":[{"href":"https:\/\/pos.uel.br\/pgcif\/wp-json\/wp\/v2\/pages\/174","targetHints":{"allow":["GET"]}}],"collection":[{"href":"https:\/\/pos.uel.br\/pgcif\/wp-json\/wp\/v2\/pages"}],"about":[{"href":"https:\/\/pos.uel.br\/pgcif\/wp-json\/wp\/v2\/types\/page"}],"author":[{"embeddable":true,"href":"https:\/\/pos.uel.br\/pgcif\/wp-json\/wp\/v2\/users\/9"}],"replies":[{"embeddable":true,"href":"https:\/\/pos.uel.br\/pgcif\/wp-json\/wp\/v2\/comments?post=174"}],"version-history":[{"count":3,"href":"https:\/\/pos.uel.br\/pgcif\/wp-json\/wp\/v2\/pages\/174\/revisions"}],"predecessor-version":[{"id":182,"href":"https:\/\/pos.uel.br\/pgcif\/wp-json\/wp\/v2\/pages\/174\/revisions\/182"}],"wp:attachment":[{"href":"https:\/\/pos.uel.br\/pgcif\/wp-json\/wp\/v2\/media?parent=174"}],"curies":[{"name":"wp","href":"https:\/\/api.w.org\/{rel}","templated":true}]}}