{"id":170,"date":"2021-06-25T15:50:49","date_gmt":"2021-06-25T18:50:49","guid":{"rendered":"https:\/\/pos.uel.br\/pgcif\/?page_id=170"},"modified":"2021-06-25T15:57:49","modified_gmt":"2021-06-25T18:57:49","slug":"qualificacoes-e-defesas","status":"publish","type":"page","link":"https:\/\/pos.uel.br\/pgcif\/qualificacoes-e-defesas\/","title":{"rendered":"Qualifica\u00e7\u00f5es e Defesas"},"content":{"rendered":"\n<p><strong>Qualifica\u00e7\u00e3o&nbsp;<\/strong><\/p>\n\n\n\n<p>&#8211; O exame de qualifica\u00e7\u00e3o&nbsp;&nbsp;dever\u00e1 ocorrer, no m\u00e1ximo, 36 meses do in\u00edcio do doutorado, e&nbsp;exigir-se-\u00e1 a apresenta\u00e7\u00e3o pr\u00e9via por escrito e a defesa oral de um manuscrito na forma de artigo cient\u00edfico,&nbsp;que seja produto da Tese de doutorado e que inclua como autores o estudante e o orientador, sendo o estudante o primeiro autor.<\/p>\n\n\n\n<p>&nbsp;&#8211; Paras as bancas dever\u00e3o ser indicados 5 nomes: 3&nbsp; membros titulares e 2 membros suplentes;<\/p>\n\n\n\n<p>&#8211; Dever\u00e3o ser professores doutores, sendo 1 titular e 1 suplente externo ao PGCIF;<\/p>\n\n\n\n<p>&#8211; Tempo de apresenta\u00e7\u00e3o ser\u00e1 de 30 a 40 minutos.<\/p>\n\n\n\n<p>&#8211; Formato: artigo cient\u00edfico (portugu\u00eas ou ingl\u00eas)<\/p>\n\n\n\n<p>* O orientador poder\u00e1 estar presente na apresenta\u00e7\u00e3o mas n\u00e3o na argui\u00e7\u00e3o da qualifica\u00e7\u00e3o.<\/p>\n\n\n\n<p>** O estudante de doutorado que tiver publicado ou aceito para publica\u00e7\u00e3o pelo menos 1 (um) artigo oriundo da Tese, em peri\u00f3dico classificado no m\u00ednimo como B1 no Qualis da \u00e1rea a que pertence o curso na CAPES, ser\u00e1 considerado aprovado no exame de qualifica\u00e7\u00e3o, sem a necessidade de apresenta\u00e7\u00e3o e defesa perante uma banca.<\/p>\n\n\n\n<p>O estudante dever\u00e1 fornecer aos membros da banca, no m\u00ednimo com uma semana de anteced\u00eancia, c\u00f3pia do artigo a ser defendida no exame de qualifica\u00e7\u00e3o, em comum acordo com o orientador.\u00a0<\/p>\n\n\n\n<p><strong>Defesa<\/strong><strong><\/strong><\/p>\n\n\n\n<p>&#8211; Paras as bancas dever\u00e3o ser indicados 8 nomes, al\u00e9m do orientador: 4&nbsp; membros titulares e 4 membros suplentes;<\/p>\n\n\n\n<p>&#8211; Dever\u00e3o ser portadores do t\u00edtulo de doutor, sendo no m\u00ednimo 2&nbsp; titulares e 2 suplentes externos ao PGCIF, e pelo menos 1 dos titulares e 1 dos suplentes externos \u00e0 UEL;<\/p>\n\n\n\n<p>&#8211; Tempo de apresenta\u00e7\u00e3o ser\u00e1 de 40 a 60 minutos.<\/p>\n\n\n\n<p>&#8211; Formatos:<\/p>\n\n\n\n<p>&nbsp; &nbsp; &#8211; No formato tradicional, a Tese dever\u00e1 conter, no m\u00ednimo, os seguintes elementos:<\/p>\n\n\n\n<p>&nbsp;I.&nbsp; Resumo em Portugu\u00eas e Ingl\u00eas;<\/p>\n\n\n\n<p>II.&nbsp; Introdu\u00e7\u00e3o;<\/p>\n\n\n\n<p>III. Justificativa e objetivos;<\/p>\n\n\n\n<p>IV. Material e m\u00e9todos;<\/p>\n\n\n\n<p>V. Resultados;<\/p>\n\n\n\n<p>VI. Discuss\u00e3o;<\/p>\n\n\n\n<p>VII. Conclus\u00f5es<\/p>\n\n\n\n<p>VIII. Refer\u00eancias Bibliogr\u00e1ficas;<\/p>\n\n\n\n<p>IX. C\u00f3pia do certificado de aprova\u00e7\u00e3o do Comit\u00ea de \u00c9tica em Experimenta\u00e7\u00e3o com Animais ou Seres Humanos deve ser anexada a vers\u00e3o final da disserta\u00e7\u00e3o ou tese.<\/p>\n\n\n\n<p><a href=\"http:\/\/www.uel.br\/pos\/pgcif\/pages\/arquivos\/Modelo%20tese-dissertacao.docx\"><strong>*Modelo tese e disserta\u00e7\u00e3o\u00a0<\/strong><\/a><strong>\u00a0<\/strong><\/p>\n\n\n\n<p>&#8211; Quando redigida na forma de artigos, dever\u00e1 conter os seguintes itens:<\/p>\n\n\n\n<p>I.&nbsp;&nbsp;&nbsp;&nbsp;&nbsp;T\u00edtulo geral: claro e o mais conciso poss\u00edvel;<\/p>\n\n\n\n<p>II.&nbsp;&nbsp;&nbsp;&nbsp;Resumo geral em portugu\u00eas e ingl\u00eas;<\/p>\n\n\n\n<p>III.&nbsp;&nbsp;Introdu\u00e7\u00e3o geral e as refer\u00eancias bibliogr\u00e1ficas utilizadas;<\/p>\n\n\n\n<p>IV. Artigos;<\/p>\n\n\n\n<p>V. C\u00f3pia do certificado de aprova\u00e7\u00e3o do Comit\u00ea de \u00c9tica em Experimenta\u00e7\u00e3o com Animais ou Seres Humanos deve ser anexada a vers\u00e3o final da disserta\u00e7\u00e3o.<\/p>\n\n\n\n<p>O estudante dever\u00e1 enviar os exemplares (ou arquivo) da Tese aos examinadores com anteced\u00eancia m\u00ednima de 15 (quinze) dias.<\/p>\n\n\n\n<p><strong>Aten\u00e7\u00e3o:<\/strong><\/p>\n\n\n\n<p><strong>As bancas precisam ser cadastrados at\u00e9 30 dias antes da data da qualifica\u00e7\u00e3o ou defesa, para homologa\u00e7\u00e3o pela PROPPG. Portanto, enviar o formul\u00e1rio de pedido de banca com at\u00e9 40 dias da data prevista para defesa, afim de garantir o per\u00edodo para tramita\u00e7\u00e3o internamente no nosso colegiado para aprova\u00e7\u00e3o.<\/strong><\/p>\n","protected":false},"excerpt":{"rendered":"<p>Qualifica\u00e7\u00e3o&nbsp; &#8211; O exame de qualifica\u00e7\u00e3o&nbsp;&nbsp;dever\u00e1 ocorrer, no m\u00e1ximo, 36 meses do in\u00edcio do doutorado, e&nbsp;exigir-se-\u00e1 a apresenta\u00e7\u00e3o pr\u00e9via por escrito e a defesa oral de um manuscrito na forma de artigo cient\u00edfico,&nbsp;que seja produto da Tese de doutorado e que inclua como autores o estudante e o orientador, sendo o estudante o primeiro autor. [&hellip;]<\/p>\n","protected":false},"author":9,"featured_media":0,"parent":0,"menu_order":0,"comment_status":"closed","ping_status":"closed","template":"","meta":{"footnotes":""},"class_list":["post-170","page","type-page","status-publish","hentry"],"_links":{"self":[{"href":"https:\/\/pos.uel.br\/pgcif\/wp-json\/wp\/v2\/pages\/170","targetHints":{"allow":["GET"]}}],"collection":[{"href":"https:\/\/pos.uel.br\/pgcif\/wp-json\/wp\/v2\/pages"}],"about":[{"href":"https:\/\/pos.uel.br\/pgcif\/wp-json\/wp\/v2\/types\/page"}],"author":[{"embeddable":true,"href":"https:\/\/pos.uel.br\/pgcif\/wp-json\/wp\/v2\/users\/9"}],"replies":[{"embeddable":true,"href":"https:\/\/pos.uel.br\/pgcif\/wp-json\/wp\/v2\/comments?post=170"}],"version-history":[{"count":3,"href":"https:\/\/pos.uel.br\/pgcif\/wp-json\/wp\/v2\/pages\/170\/revisions"}],"predecessor-version":[{"id":181,"href":"https:\/\/pos.uel.br\/pgcif\/wp-json\/wp\/v2\/pages\/170\/revisions\/181"}],"wp:attachment":[{"href":"https:\/\/pos.uel.br\/pgcif\/wp-json\/wp\/v2\/media?parent=170"}],"curies":[{"name":"wp","href":"https:\/\/api.w.org\/{rel}","templated":true}]}}