{"id":161,"date":"2021-06-25T15:36:32","date_gmt":"2021-06-25T18:36:32","guid":{"rendered":"https:\/\/pos.uel.br\/pgcif\/?page_id=161"},"modified":"2022-03-31T09:44:54","modified_gmt":"2022-03-31T12:44:54","slug":"objetivos","status":"publish","type":"page","link":"https:\/\/pos.uel.br\/pgcif\/objetivos\/","title":{"rendered":"Objetivos"},"content":{"rendered":"\n<p><strong>S\u00e3o objetivos gerais do PGCIF em Ci\u00eancias Fisiol\u00f3gicas:<\/strong><br><br><strong>a)\u00a0<\/strong>\u00a0Propiciar conhecimentos dos fen\u00f4menos fisiol\u00f3gicos, preparando seus estudantes para o desempenho de atividades de pesquisa e de magist\u00e9rio superior na \u00e1rea;<br><strong>b)\u00a0<\/strong>\u00a0Incentivar a pesquisa e aumentar a produtividade cient\u00edfica na \u00e1rea de Ci\u00eancias Fisiol\u00f3gicas;<br><strong>c)<\/strong>\u00a0\u00a0\u00a0Ampliar o n\u00famero de profissionais com qualifica\u00e7\u00e3o moderna, diferenciada e de excel\u00eancia na \u00e1rea, com capacidade de competir nos melhores centros nacionais e internacionais.<br>O Programa, com uma \u00e1rea de concentra\u00e7\u00e3o \u2013 Ci\u00eancias Fisiol\u00f3gicas \u2013 ser\u00e1 desenvolvido de modo a criar condi\u00e7\u00f5es para que o estudante se torne capaz de:<br><strong>&#8211; Com o Mestrado:<\/strong><br><strong>I-<\/strong>\u00a0\u00a0Utilizar bibliografia nacional e estrangeira pertinente \u00e0s \u00e1reas de fisiologia, farmacologia e de ci\u00eancias correlatas;<br><strong>II-<\/strong>\u00a0\u00a0\u00a0Utilizar o m\u00e9todo cient\u00edfico na solu\u00e7\u00e3o de problemas;<br><strong>III-\u00a0<\/strong>\u00a0Elaborar e executar projetos de pesquisa;<br><strong>IV-<\/strong>\u00a0\u00a0Fazer an\u00e1lise cr\u00edtica de pesquisas nas \u00e1reas de ci\u00eancias fisiol\u00f3gicas;<br><strong>V-\u00a0<\/strong>\u00a0Participar, como docente, de cursos de gradua\u00e7\u00e3o;<br><strong>&#8211; Com o Doutorado:<\/strong><br><strong>I-<\/strong>\u00a0\u00a0Elaborar e executar projetos de pesquisa;<br><strong>II-<\/strong>\u00a0\u00a0\u00a0\u00a0Redigir e apresentar trabalhos de pesquisa;<br><strong>III-<\/strong>\u00a0\u00a0\u00a0\u00a0\u00a0Fazer an\u00e1lise cr\u00edtica de pesquisas nas \u00e1reas de ci\u00eancias fisiol\u00f3gicas;<br><strong>IV-<\/strong>\u00a0\u00a0Participar, como docente, de cursos de gradua\u00e7\u00e3o e p\u00f3s-gradua\u00e7\u00e3o;<br><strong>V-<\/strong>\u00a0\u00a0Fazer a integra\u00e7\u00e3o de conhecimentos da \u00e1rea de ci\u00eancias fisiol\u00f3gicas com \u00e1reas correlatas de gradua\u00e7\u00e3o e p\u00f3s-gradua\u00e7\u00e3o.<\/p>\n","protected":false},"excerpt":{"rendered":"<p>S\u00e3o objetivos gerais do PGCIF em Ci\u00eancias Fisiol\u00f3gicas: a)\u00a0\u00a0Propiciar conhecimentos dos fen\u00f4menos fisiol\u00f3gicos, preparando seus estudantes para o desempenho de atividades de pesquisa e de magist\u00e9rio superior na \u00e1rea;b)\u00a0\u00a0Incentivar a pesquisa e aumentar a produtividade cient\u00edfica na \u00e1rea de Ci\u00eancias Fisiol\u00f3gicas;c)\u00a0\u00a0\u00a0Ampliar o n\u00famero de profissionais com qualifica\u00e7\u00e3o moderna, diferenciada e de excel\u00eancia na \u00e1rea, com [&hellip;]<\/p>\n","protected":false},"author":9,"featured_media":0,"parent":0,"menu_order":0,"comment_status":"closed","ping_status":"closed","template":"","meta":{"footnotes":""},"class_list":["post-161","page","type-page","status-publish","hentry"],"_links":{"self":[{"href":"https:\/\/pos.uel.br\/pgcif\/wp-json\/wp\/v2\/pages\/161","targetHints":{"allow":["GET"]}}],"collection":[{"href":"https:\/\/pos.uel.br\/pgcif\/wp-json\/wp\/v2\/pages"}],"about":[{"href":"https:\/\/pos.uel.br\/pgcif\/wp-json\/wp\/v2\/types\/page"}],"author":[{"embeddable":true,"href":"https:\/\/pos.uel.br\/pgcif\/wp-json\/wp\/v2\/users\/9"}],"replies":[{"embeddable":true,"href":"https:\/\/pos.uel.br\/pgcif\/wp-json\/wp\/v2\/comments?post=161"}],"version-history":[{"count":5,"href":"https:\/\/pos.uel.br\/pgcif\/wp-json\/wp\/v2\/pages\/161\/revisions"}],"predecessor-version":[{"id":471,"href":"https:\/\/pos.uel.br\/pgcif\/wp-json\/wp\/v2\/pages\/161\/revisions\/471"}],"wp:attachment":[{"href":"https:\/\/pos.uel.br\/pgcif\/wp-json\/wp\/v2\/media?parent=161"}],"curies":[{"name":"wp","href":"https:\/\/api.w.org\/{rel}","templated":true}]}}