{"id":1145,"date":"2023-12-18T17:09:45","date_gmt":"2023-12-18T20:09:45","guid":{"rendered":"https:\/\/pos.uel.br\/pgcif\/?page_id=1145"},"modified":"2025-01-08T17:28:05","modified_gmt":"2025-01-08T20:28:05","slug":"hospedagem-transporte-e-alimentacao","status":"publish","type":"page","link":"https:\/\/pos.uel.br\/pgcif\/hospedagem-transporte-e-alimentacao\/","title":{"rendered":"Transporte e alimenta\u00e7\u00e3o"},"content":{"rendered":"\n<p><\/p>\n\n\n\n<p><strong>TRANSPORTE<\/strong><br>A Empresa de Transporte Coletivo Grande Londrina possui cinco linhas de \u00f4nibus que atendem o Campus da UEL. As linhas 305, 307 e 315, com sa\u00edda do Terminal Urbano, ligam o centro da cidade ao Campus. A linha 904, que faz o trajeto Conjunto S\u00e3o Louren\u00e7o\/Jardim Sabar\u00e1 (interbairros Zona Sul), passa pelo Campus. J\u00e1 a linha 932 faz o trajeto Terminal Ouro Verde at\u00e9 o Terminal Vivi Xavier, passando com menor frequ\u00eancia pelo Campus. Existe ainda a linha Camb\u00e9\/Shopping Catua\u00ed que sai do centro de Camb\u00e9, passa pelo Campus, com ponto final no Shopping Catua\u00ed.<\/p>\n\n\n\n<p>O pre\u00e7o da tarifa \u00e9 de R$ 5,75 para o p\u00fablico geral.<br><\/p>\n\n\n\n<p><strong>Mapa do Campus da UEL<\/strong><\/p>\n\n\n\n<figure class=\"wp-block-image size-large\"><img loading=\"lazy\" decoding=\"async\" width=\"1024\" height=\"609\" src=\"https:\/\/pos.uel.br\/pgcif\/wp-content\/uploads\/2023\/12\/Imagem1-1024x609.png\" alt=\"\" class=\"wp-image-1148\" srcset=\"https:\/\/pos.uel.br\/pgcif\/wp-content\/uploads\/2023\/12\/Imagem1-1024x609.png 1024w, https:\/\/pos.uel.br\/pgcif\/wp-content\/uploads\/2023\/12\/Imagem1-300x178.png 300w, https:\/\/pos.uel.br\/pgcif\/wp-content\/uploads\/2023\/12\/Imagem1-768x457.png 768w, https:\/\/pos.uel.br\/pgcif\/wp-content\/uploads\/2023\/12\/Imagem1-1536x913.png 1536w, https:\/\/pos.uel.br\/pgcif\/wp-content\/uploads\/2023\/12\/Imagem1-2048x1218.png 2048w\" sizes=\"auto, (max-width: 1024px) 100vw, 1024px\" \/><\/figure>\n\n\n\n<p><\/p>\n\n\n\n<p><strong>ALIMENTA\u00c7\u00c3O<\/strong><\/p>\n\n\n\n<p>Por ser um per\u00edodo de f\u00e9rias, o Restaurante Universit\u00e1rio n\u00e3o estar\u00e1 funcionando. Por\u00e9m o CCB conta com uma cafeteria que serve almo\u00e7o e salgados em geral.<\/p>\n","protected":false},"excerpt":{"rendered":"<p>TRANSPORTEA Empresa de Transporte Coletivo Grande Londrina possui cinco linhas de \u00f4nibus que atendem o Campus da UEL. As linhas 305, 307 e 315, com sa\u00edda do Terminal Urbano, ligam o centro da cidade ao Campus. A linha 904, que faz o trajeto Conjunto S\u00e3o Louren\u00e7o\/Jardim Sabar\u00e1 (interbairros Zona Sul), passa pelo Campus. J\u00e1 a [&hellip;]<\/p>\n","protected":false},"author":11,"featured_media":0,"parent":0,"menu_order":0,"comment_status":"closed","ping_status":"closed","template":"","meta":{"footnotes":""},"class_list":["post-1145","page","type-page","status-publish","hentry"],"_links":{"self":[{"href":"https:\/\/pos.uel.br\/pgcif\/wp-json\/wp\/v2\/pages\/1145","targetHints":{"allow":["GET"]}}],"collection":[{"href":"https:\/\/pos.uel.br\/pgcif\/wp-json\/wp\/v2\/pages"}],"about":[{"href":"https:\/\/pos.uel.br\/pgcif\/wp-json\/wp\/v2\/types\/page"}],"author":[{"embeddable":true,"href":"https:\/\/pos.uel.br\/pgcif\/wp-json\/wp\/v2\/users\/11"}],"replies":[{"embeddable":true,"href":"https:\/\/pos.uel.br\/pgcif\/wp-json\/wp\/v2\/comments?post=1145"}],"version-history":[{"count":5,"href":"https:\/\/pos.uel.br\/pgcif\/wp-json\/wp\/v2\/pages\/1145\/revisions"}],"predecessor-version":[{"id":1463,"href":"https:\/\/pos.uel.br\/pgcif\/wp-json\/wp\/v2\/pages\/1145\/revisions\/1463"}],"wp:attachment":[{"href":"https:\/\/pos.uel.br\/pgcif\/wp-json\/wp\/v2\/media?parent=1145"}],"curies":[{"name":"wp","href":"https:\/\/api.w.org\/{rel}","templated":true}]}}