{"id":967,"date":"2023-06-01T07:48:09","date_gmt":"2023-06-01T10:48:09","guid":{"rendered":"https:\/\/pos.uel.br\/pgagro\/?page_id=967"},"modified":"2026-03-09T14:37:34","modified_gmt":"2026-03-09T17:37:34","slug":"aluno-especial","status":"publish","type":"page","link":"https:\/\/pos.uel.br\/pgagro\/aluno-especial\/","title":{"rendered":"Estudante Especial"},"content":{"rendered":"\n<p><strong><mark class=\"has-inline-color has-secondary-accent-color\">O Programa de P\u00f3s-Gradua\u00e7\u00e3o em Agronomia oferta, semestralmente, disciplinas a serem cursadas como estudante especial, conforme crit\u00e9rios estabelecidos no Regimento do Programa<\/mark><\/strong><\/p>\n\n\n\n<figure class=\"wp-block-image size-full is-resized\"><img loading=\"lazy\" decoding=\"async\" width=\"946\" height=\"676\" src=\"https:\/\/pos.uel.br\/pgagro\/wp-content\/uploads\/2026\/03\/image.png\" alt=\"\" class=\"wp-image-2173\" style=\"aspect-ratio:1.3994561408427013;width:740px;height:auto\" srcset=\"https:\/\/pos.uel.br\/pgagro\/wp-content\/uploads\/2026\/03\/image.png 946w, https:\/\/pos.uel.br\/pgagro\/wp-content\/uploads\/2026\/03\/image-300x214.png 300w, https:\/\/pos.uel.br\/pgagro\/wp-content\/uploads\/2026\/03\/image-768x549.png 768w\" sizes=\"auto, (max-width: 946px) 100vw, 946px\" \/><\/figure>\n\n\n\n<p><strong><a href=\"https:\/\/pos.uel.br\/pgagro\/wp-content\/uploads\/2026\/03\/Requerimento-Art.-27-atualizado.doc\"><mark class=\"has-inline-color has-extra-2-color\">Modelo de Requerimento para cursar disciplinas como Estudante Especial (Estudantes de P\u00f3s-Gradua\u00e7\u00e3o, vinculados a outras Institui\u00e7\u00f5es de Ensino Superior).<\/mark><\/a><\/strong><\/p>\n\n\n\n<p><\/p>\n\n\n\n<p><\/p>\n\n\n\n<p><\/p>\n\n\n\n<p><\/p>\n","protected":false},"excerpt":{"rendered":"<p>O Programa de P\u00f3s-Gradua\u00e7\u00e3o em Agronomia oferta, semestralmente, disciplinas a serem cursadas como estudante especial, conforme crit\u00e9rios estabelecidos no Regimento do Programa Modelo de Requerimento para cursar disciplinas como Estudante Especial (Estudantes de P\u00f3s-Gradua\u00e7\u00e3o, vinculados a outras Institui\u00e7\u00f5es de Ensino Superior).<\/p>\n","protected":false},"author":8,"featured_media":0,"parent":0,"menu_order":1,"comment_status":"closed","ping_status":"closed","template":"","meta":{"_acf_changed":false,"footnotes":""},"class_list":["post-967","page","type-page","status-publish","hentry"],"acf":[],"_links":{"self":[{"href":"https:\/\/pos.uel.br\/pgagro\/wp-json\/wp\/v2\/pages\/967","targetHints":{"allow":["GET"]}}],"collection":[{"href":"https:\/\/pos.uel.br\/pgagro\/wp-json\/wp\/v2\/pages"}],"about":[{"href":"https:\/\/pos.uel.br\/pgagro\/wp-json\/wp\/v2\/types\/page"}],"author":[{"embeddable":true,"href":"https:\/\/pos.uel.br\/pgagro\/wp-json\/wp\/v2\/users\/8"}],"replies":[{"embeddable":true,"href":"https:\/\/pos.uel.br\/pgagro\/wp-json\/wp\/v2\/comments?post=967"}],"version-history":[{"count":19,"href":"https:\/\/pos.uel.br\/pgagro\/wp-json\/wp\/v2\/pages\/967\/revisions"}],"predecessor-version":[{"id":2195,"href":"https:\/\/pos.uel.br\/pgagro\/wp-json\/wp\/v2\/pages\/967\/revisions\/2195"}],"wp:attachment":[{"href":"https:\/\/pos.uel.br\/pgagro\/wp-json\/wp\/v2\/media?parent=967"}],"curies":[{"name":"wp","href":"https:\/\/api.w.org\/{rel}","templated":true}]}}