{"id":965,"date":"2023-06-01T07:47:21","date_gmt":"2023-06-01T10:47:21","guid":{"rendered":"https:\/\/pos.uel.br\/pgagro\/?page_id=965"},"modified":"2025-07-04T10:50:20","modified_gmt":"2025-07-04T13:50:20","slug":"regimentos-resolucoes-e-normas-3","status":"publish","type":"page","link":"https:\/\/pos.uel.br\/pgagro\/regimentos-resolucoes-e-normas-3\/","title":{"rendered":"Estrutura Curricular e Regimento"},"content":{"rendered":"\n<figure class=\"wp-block-image size-full\"><img loading=\"lazy\" decoding=\"async\" width=\"1450\" height=\"400\" src=\"https:\/\/pos.uel.br\/pgagro\/wp-content\/uploads\/2023\/11\/regimento.jpg\" alt=\"\" class=\"wp-image-1302\" srcset=\"https:\/\/pos.uel.br\/pgagro\/wp-content\/uploads\/2023\/11\/regimento.jpg 1450w, https:\/\/pos.uel.br\/pgagro\/wp-content\/uploads\/2023\/11\/regimento-300x83.jpg 300w, https:\/\/pos.uel.br\/pgagro\/wp-content\/uploads\/2023\/11\/regimento-1024x282.jpg 1024w, https:\/\/pos.uel.br\/pgagro\/wp-content\/uploads\/2023\/11\/regimento-768x212.jpg 768w\" sizes=\"auto, (max-width: 1450px) 100vw, 1450px\" \/><\/figure>\n\n\n\n<p><a href=\"https:\/\/pos.uel.br\/pgagro\/wp-content\/uploads\/2023\/09\/Reest-Progr-Agronomia2012-Delib-11-2011.pdf\"><strong>Resolu\u00e7\u00e3o PPG Agronomia &#8211; <mark style=\"color:#cb0f0f\" class=\"has-inline-color\">(Alunos matriculados com in\u00edcio ANTERIOR a 2024) <\/mark><\/strong><\/a><\/p>\n\n\n\n<p><strong><a href=\"https:\/\/pos.uel.br\/pgagro\/wp-content\/uploads\/2023\/09\/Resolucao-CEPE-124-2012-Regimento-assinar.pdf\">Regimento do Programa de P\u00f3s-Gradua\u00e7\u00e3o em Agronomia, Mestrado e Doutorado &#8211; <mark style=\"color:#e71313\" class=\"has-inline-color\">(Alunos matriculados com in\u00edcio ANTERIOR a 2024) <\/mark><\/a><\/strong><\/p>\n\n\n\n<p><a href=\"https:\/\/pos.uel.br\/pgagro\/wp-content\/uploads\/2023\/11\/Reest-PPG-Agronomia-Delib-12-2023-assinado-digitalmente.pdf\"><strong>Resolu\u00e7\u00e3o PPG Agronomia &#8211; <mark style=\"color:#ca0c0c\" class=\"has-inline-color\">(Alunos matriculados a partir de 2024)<\/mark> <\/strong><\/a><\/p>\n\n\n\n<p><strong><a href=\"https:\/\/pos.uel.br\/pgagro\/wp-content\/uploads\/2025\/07\/Deliberacao-12-2025-Altera-redacao-Art-4-PPG-Agronomia.pdf\">Delibera\u00e7\u00e3o 12\/2025 &#8211; altera reda\u00e7\u00e3o do artigo 4\u00ba da Resolu\u00e7\u00e3o PPG Agronomia &#8211; <mark style=\"color:#bb0909\" class=\"has-inline-color\">(Alunos matriculados a partir de 2024)<\/mark> <\/a><\/strong><\/p>\n\n\n\n<p><strong><a href=\"https:\/\/pos.uel.br\/pgagro\/wp-content\/uploads\/2023\/11\/Res-CEPE-65-2023-Regimento-PPG-Agronomia.pdf\">Regimento do Programa de P\u00f3s-Gradua\u00e7\u00e3o em Agronomia, Mestrado e Doutorado &#8211; <mark style=\"color:#e71313\" class=\"has-inline-color\">(Alunos matriculados a partir de 202<\/mark><\/a><mark style=\"color:#e71313\" class=\"has-inline-color\">4<\/mark><mark style=\"color:#e71313\" class=\"has-inline-color\">)<\/mark><mark style=\"color:#e71313\" class=\"has-inline-color\"> <\/mark><\/strong><\/p>\n\n\n\n<p><a href=\"https:\/\/pos.uel.br\/pgagro\/wp-content\/uploads\/2023\/11\/Resolucao_bolsa-PPG-Agronomia.pdf\"><strong>Resolu\u00e7\u00e3o Bolsas PPG em Agronomia &#8211; Estabelece normas e crit\u00e9rios para a distribui\u00e7\u00e3o, manuten\u00e7\u00e3o e cancelamento das Bolsas do PPG em Agronomia &#8211; 2023<\/strong><\/a><\/p>\n\n\n\n<p><\/p>\n","protected":false},"excerpt":{"rendered":"<p>Resolu\u00e7\u00e3o PPG Agronomia &#8211; (Alunos matriculados com in\u00edcio ANTERIOR a 2024) Regimento do Programa de P\u00f3s-Gradua\u00e7\u00e3o em Agronomia, Mestrado e Doutorado &#8211; (Alunos matriculados com in\u00edcio ANTERIOR a 2024) Resolu\u00e7\u00e3o PPG Agronomia &#8211; (Alunos matriculados a partir de 2024) Delibera\u00e7\u00e3o 12\/2025 &#8211; altera reda\u00e7\u00e3o do artigo 4\u00ba da Resolu\u00e7\u00e3o PPG Agronomia &#8211; (Alunos matriculados a [&hellip;]<\/p>\n","protected":false},"author":8,"featured_media":0,"parent":0,"menu_order":0,"comment_status":"closed","ping_status":"closed","template":"","meta":{"_acf_changed":false,"footnotes":""},"class_list":["post-965","page","type-page","status-publish","hentry"],"acf":[],"_links":{"self":[{"href":"https:\/\/pos.uel.br\/pgagro\/wp-json\/wp\/v2\/pages\/965","targetHints":{"allow":["GET"]}}],"collection":[{"href":"https:\/\/pos.uel.br\/pgagro\/wp-json\/wp\/v2\/pages"}],"about":[{"href":"https:\/\/pos.uel.br\/pgagro\/wp-json\/wp\/v2\/types\/page"}],"author":[{"embeddable":true,"href":"https:\/\/pos.uel.br\/pgagro\/wp-json\/wp\/v2\/users\/8"}],"replies":[{"embeddable":true,"href":"https:\/\/pos.uel.br\/pgagro\/wp-json\/wp\/v2\/comments?post=965"}],"version-history":[{"count":20,"href":"https:\/\/pos.uel.br\/pgagro\/wp-json\/wp\/v2\/pages\/965\/revisions"}],"predecessor-version":[{"id":1972,"href":"https:\/\/pos.uel.br\/pgagro\/wp-json\/wp\/v2\/pages\/965\/revisions\/1972"}],"wp:attachment":[{"href":"https:\/\/pos.uel.br\/pgagro\/wp-json\/wp\/v2\/media?parent=965"}],"curies":[{"name":"wp","href":"https:\/\/api.w.org\/{rel}","templated":true}]}}